{"id":104665,"date":"2021-10-15T21:25:06","date_gmt":"2021-10-15T21:25:06","guid":{"rendered":"https:\/\/www.3p-gmbh.de\/produkt\/indsaetningsstrimler-til-josef-foellmer-eller-vacuumatic-vicount-taellemaskine\/"},"modified":"2021-10-15T21:25:06","modified_gmt":"2021-10-15T21:25:06","slug":"indsaetningsstrimler-til-josef-foellmer-eller-vacuumatic-vicount-taellemaskine","status":"publish","type":"product","link":"https:\/\/www.3p-gmbh.de\/da\/produkt\/indsaetningsstrimler-til-josef-foellmer-eller-vacuumatic-vicount-taellemaskine\/","title":{"rendered":"Inds\u00e6tningsstrimler til Josef Foellmer eller Vacuumatic Vicount t\u00e6llemaskine"},"content":{"rendered":"<p><strong>Inds\u00e6tningsstrimler til Josef Foellmer eller Vacuumatic Vicount t\u00e6llemaskine<\/strong><\/p>\n<p>Papir ZM GR\u00d8N 230 g\/m\u00b2<br \/>\nB: 6,3 mm L: 65 m Udvendig diameter: 150 mm<br \/>\nHylster: \u00d8 ca. 25 mm<\/p>\n","protected":false},"excerpt":{"rendered":"<p>Inds\u00e6tningsstrimler til Josef Foellmer eller Vacuumatic Vicount t\u00e6llemaskine Papir ZM GR\u00d8N 230 g\/m\u00b2 B: 6,3 mm L: 65 m Udvendig diameter: 150 mm Hylster: \u00d8 ca. 25 mm<\/p>\n","protected":false},"featured_media":104666,"template":"","meta":[],"product_brand":[],"product_cat":[3527],"product_tag":[],"class_list":{"0":"post-104665","1":"product","2":"type-product","3":"status-publish","4":"has-post-thumbnail","6":"product_cat-papirtaellemaskiner","8":"first","9":"instock","10":"taxable","11":"shipping-taxable","12":"product-type-simple"},"jetpack_sharing_enabled":true,"_links":{"self":[{"href":"https:\/\/www.3p-gmbh.de\/da\/wp-json\/wp\/v2\/product\/104665","targetHints":{"allow":["GET"]}}],"collection":[{"href":"https:\/\/www.3p-gmbh.de\/da\/wp-json\/wp\/v2\/product"}],"about":[{"href":"https:\/\/www.3p-gmbh.de\/da\/wp-json\/wp\/v2\/types\/product"}],"wp:featuredmedia":[{"embeddable":true,"href":"https:\/\/www.3p-gmbh.de\/da\/wp-json\/wp\/v2\/media\/104666"}],"wp:attachment":[{"href":"https:\/\/www.3p-gmbh.de\/da\/wp-json\/wp\/v2\/media?parent=104665"}],"wp:term":[{"taxonomy":"product_brand","embeddable":true,"href":"https:\/\/www.3p-gmbh.de\/da\/wp-json\/wp\/v2\/product_brand?post=104665"},{"taxonomy":"product_cat","embeddable":true,"href":"https:\/\/www.3p-gmbh.de\/da\/wp-json\/wp\/v2\/product_cat?post=104665"},{"taxonomy":"product_tag","embeddable":true,"href":"https:\/\/www.3p-gmbh.de\/da\/wp-json\/wp\/v2\/product_tag?post=104665"}],"curies":[{"name":"wp","href":"https:\/\/api.w.org\/{rel}","templated":true}]}}