{"id":104639,"date":"2021-10-15T21:28:01","date_gmt":"2021-10-15T21:28:01","guid":{"rendered":"https:\/\/www.3p-gmbh.de\/produkt\/traekhjaelp-til-heidelberg-gto-viskerdaeksler\/"},"modified":"2021-10-15T21:28:01","modified_gmt":"2021-10-15T21:28:01","slug":"traekhjaelp-til-heidelberg-gto-viskerdaeksler","status":"publish","type":"product","link":"https:\/\/www.3p-gmbh.de\/da\/produkt\/traekhjaelp-til-heidelberg-gto-viskerdaeksler\/","title":{"rendered":"Tr\u00e6khj\u00e6lp til Heidelberg GTO-viskerd\u00e6ksler"},"content":{"rendered":"<p><strong>Tr\u00e6khj\u00e6lp til Heidelberg GTO-viskerd\u00e6ksler<\/strong><\/p>\n<p>Moleton befugtning<\/p>\n","protected":false},"excerpt":{"rendered":"<p>Tr\u00e6khj\u00e6lp til Heidelberg GTO-viskerd\u00e6ksler Moleton befugtning<\/p>\n","protected":false},"featured_media":104640,"template":"","meta":[],"product_brand":[],"product_cat":[3298],"product_tag":[],"class_list":{"0":"post-104639","1":"product","2":"type-product","3":"status-publish","4":"has-post-thumbnail","6":"product_cat-tilbehoer-og-reservedele-til-trykpresser","8":"first","9":"instock","10":"taxable","11":"shipping-taxable","12":"product-type-simple"},"jetpack_sharing_enabled":true,"_links":{"self":[{"href":"https:\/\/www.3p-gmbh.de\/da\/wp-json\/wp\/v2\/product\/104639","targetHints":{"allow":["GET"]}}],"collection":[{"href":"https:\/\/www.3p-gmbh.de\/da\/wp-json\/wp\/v2\/product"}],"about":[{"href":"https:\/\/www.3p-gmbh.de\/da\/wp-json\/wp\/v2\/types\/product"}],"wp:featuredmedia":[{"embeddable":true,"href":"https:\/\/www.3p-gmbh.de\/da\/wp-json\/wp\/v2\/media\/104640"}],"wp:attachment":[{"href":"https:\/\/www.3p-gmbh.de\/da\/wp-json\/wp\/v2\/media?parent=104639"}],"wp:term":[{"taxonomy":"product_brand","embeddable":true,"href":"https:\/\/www.3p-gmbh.de\/da\/wp-json\/wp\/v2\/product_brand?post=104639"},{"taxonomy":"product_cat","embeddable":true,"href":"https:\/\/www.3p-gmbh.de\/da\/wp-json\/wp\/v2\/product_cat?post=104639"},{"taxonomy":"product_tag","embeddable":true,"href":"https:\/\/www.3p-gmbh.de\/da\/wp-json\/wp\/v2\/product_tag?post=104639"}],"curies":[{"name":"wp","href":"https:\/\/api.w.org\/{rel}","templated":true}]}}