{"id":104520,"date":"2021-10-26T12:40:30","date_gmt":"2021-10-26T12:40:30","guid":{"rendered":"https:\/\/www.3p-gmbh.de\/produkt\/herzog-heymann-hh-mobilt-hoejdejusterbart-staaende-buedisplay-371\/"},"modified":"2021-10-26T12:40:30","modified_gmt":"2021-10-26T12:40:30","slug":"herzog-heymann-hh-mobilt-hoejdejusterbart-staaende-buedisplay-371","status":"publish","type":"product","link":"https:\/\/www.3p-gmbh.de\/da\/produkt\/herzog-heymann-hh-mobilt-hoejdejusterbart-staaende-buedisplay-371\/","title":{"rendered":"Herzog &amp; Heymann H&amp;H mobilt, h\u00f8jdejusterbart st\u00e5ende buedisplay 371"},"content":{"rendered":"<p><strong>Herzog &amp; Heymann H&amp;H mobilt, h\u00f8jdejusterbart st\u00e5ende buedisplay 371<\/strong><\/p>\n<p>fra 2006<\/p>\n","protected":false},"excerpt":{"rendered":"<p>Herzog &amp; Heymann H&amp;H mobilt, h\u00f8jdejusterbart st\u00e5ende buedisplay 371 fra 2006<\/p>\n","protected":false},"featured_media":104522,"template":"","meta":[],"product_brand":[],"product_cat":[3333],"product_tag":[],"class_list":{"0":"post-104520","1":"product","2":"type-product","3":"status-publish","4":"has-post-thumbnail","6":"product_cat-udgifter","7":"pa_hersteller-hh-herzog-heymann","8":"pa_typ-2111","10":"first","11":"instock","12":"taxable","13":"shipping-taxable","14":"product-type-simple"},"jetpack_sharing_enabled":true,"_links":{"self":[{"href":"https:\/\/www.3p-gmbh.de\/da\/wp-json\/wp\/v2\/product\/104520","targetHints":{"allow":["GET"]}}],"collection":[{"href":"https:\/\/www.3p-gmbh.de\/da\/wp-json\/wp\/v2\/product"}],"about":[{"href":"https:\/\/www.3p-gmbh.de\/da\/wp-json\/wp\/v2\/types\/product"}],"wp:featuredmedia":[{"embeddable":true,"href":"https:\/\/www.3p-gmbh.de\/da\/wp-json\/wp\/v2\/media\/104522"}],"wp:attachment":[{"href":"https:\/\/www.3p-gmbh.de\/da\/wp-json\/wp\/v2\/media?parent=104520"}],"wp:term":[{"taxonomy":"product_brand","embeddable":true,"href":"https:\/\/www.3p-gmbh.de\/da\/wp-json\/wp\/v2\/product_brand?post=104520"},{"taxonomy":"product_cat","embeddable":true,"href":"https:\/\/www.3p-gmbh.de\/da\/wp-json\/wp\/v2\/product_cat?post=104520"},{"taxonomy":"product_tag","embeddable":true,"href":"https:\/\/www.3p-gmbh.de\/da\/wp-json\/wp\/v2\/product_tag?post=104520"}],"curies":[{"name":"wp","href":"https:\/\/api.w.org\/{rel}","templated":true}]}}