{"id":104424,"date":"2021-10-26T13:07:31","date_gmt":"2021-10-26T13:07:31","guid":{"rendered":"https:\/\/www.3p-gmbh.de\/produkt\/slitteropruller-med-cirkulaer-klinge-og-mobil-opruller-eller-afruller\/"},"modified":"2021-10-26T13:07:31","modified_gmt":"2021-10-26T13:07:31","slug":"slitteropruller-med-cirkulaer-klinge-og-mobil-opruller-eller-afruller","status":"publish","type":"product","link":"https:\/\/www.3p-gmbh.de\/da\/produkt\/slitteropruller-med-cirkulaer-klinge-og-mobil-opruller-eller-afruller\/","title":{"rendered":"Slitteropruller med cirkul\u00e6r klinge og mobil opruller eller afruller"},"content":{"rendered":"<p><strong>Slitteropruller med cirkul\u00e6r klinge og mobil opruller eller afruller<\/strong><\/p>\n<p>Kraftig rotationssk\u00e6rer med cirkul\u00e6r klinge<br \/>\nmax. Rullebredde 120 cm<br \/>\nPneumatisk ekspansionsaksel<br \/>\nen cirkul\u00e6r kniv<br \/>\n2 ekstra knive<br \/>\nAfvikling\/oprulning<\/p>\n","protected":false},"excerpt":{"rendered":"<p>Slitteropruller med cirkul\u00e6r klinge og mobil opruller eller afruller Kraftig rotationssk\u00e6rer med cirkul\u00e6r klinge max. Rullebredde 120 cm Pneumatisk ekspansionsaksel en cirkul\u00e6r kniv 2 ekstra knive Afvikling\/oprulning<\/p>\n","protected":false},"featured_media":104427,"template":"","meta":[],"product_brand":[],"product_cat":[3312,3302],"product_tag":[],"class_list":{"0":"post-104424","1":"product","2":"type-product","3":"status-publish","4":"has-post-thumbnail","6":"product_cat-anden-papirbehandling","7":"product_cat-skaeremaskiner","9":"first","10":"instock","11":"taxable","12":"shipping-taxable","13":"product-type-simple"},"jetpack_sharing_enabled":true,"_links":{"self":[{"href":"https:\/\/www.3p-gmbh.de\/da\/wp-json\/wp\/v2\/product\/104424","targetHints":{"allow":["GET"]}}],"collection":[{"href":"https:\/\/www.3p-gmbh.de\/da\/wp-json\/wp\/v2\/product"}],"about":[{"href":"https:\/\/www.3p-gmbh.de\/da\/wp-json\/wp\/v2\/types\/product"}],"wp:featuredmedia":[{"embeddable":true,"href":"https:\/\/www.3p-gmbh.de\/da\/wp-json\/wp\/v2\/media\/104427"}],"wp:attachment":[{"href":"https:\/\/www.3p-gmbh.de\/da\/wp-json\/wp\/v2\/media?parent=104424"}],"wp:term":[{"taxonomy":"product_brand","embeddable":true,"href":"https:\/\/www.3p-gmbh.de\/da\/wp-json\/wp\/v2\/product_brand?post=104424"},{"taxonomy":"product_cat","embeddable":true,"href":"https:\/\/www.3p-gmbh.de\/da\/wp-json\/wp\/v2\/product_cat?post=104424"},{"taxonomy":"product_tag","embeddable":true,"href":"https:\/\/www.3p-gmbh.de\/da\/wp-json\/wp\/v2\/product_tag?post=104424"}],"curies":[{"name":"wp","href":"https:\/\/api.w.org\/{rel}","templated":true}]}}