{"id":104323,"date":"2021-11-18T09:46:22","date_gmt":"2021-11-18T09:46:22","guid":{"rendered":"https:\/\/www.3p-gmbh.de\/produkt\/lille-kompressor-elektra-beckum-basic-euro\/"},"modified":"2021-11-18T09:46:22","modified_gmt":"2021-11-18T09:46:22","slug":"lille-kompressor-elektra-beckum-basic-euro","status":"publish","type":"product","link":"https:\/\/www.3p-gmbh.de\/da\/produkt\/lille-kompressor-elektra-beckum-basic-euro\/","title":{"rendered":"Lille kompressor Elektra Beckum Basic Euro"},"content":{"rendered":"<p><strong>Lille kompressor Elektra Beckum Basic Euro<\/strong><br \/>\nfra 2003<\/p>\n<p>Meget robust, mobil stempelkompressor &#8211; velegnet til sm\u00e5 og forskellige kommercielle anvendelser<br \/>\ntil enfaset vekselstr\u00f8m med trykreduktionsventil til reguleret arbejdstryk<\/p>\n<p>Tekniske data<br \/>\nSugekapacitet: 220 l\/min<br \/>\nP\u00e5fyldningskapacitet: 110 l\/min<br \/>\nMax. Tryk: 8 bar<br \/>\nNominel indgangseffekt: 1,1 kW<br \/>\nHastighed: 2.850 \/min<br \/>\nSp\u00e6nding: 230 V<br \/>\nKedelst\u00f8rrelse: 24 liter<br \/>\nV\u00e6gt: 21,5 kg<br \/>\nDimensioner: 600 x 260 x 660 mm<\/p>\n","protected":false},"excerpt":{"rendered":"<p>Lille kompressor Elektra Beckum Basic Euro fra 2003 Meget robust, mobil stempelkompressor &#8211; velegnet til sm\u00e5 og forskellige kommercielle anvendelser til enfaset vekselstr\u00f8m med trykreduktionsventil til reguleret arbejdstryk Tekniske data Sugekapacitet: 220 l\/min P\u00e5fyldningskapacitet: 110 l\/min Max. Tryk: 8 bar Nominel indgangseffekt: 1,1 kW Hastighed: 2.850 \/min Sp\u00e6nding: 230 V Kedelst\u00f8rrelse: 24 liter V\u00e6gt: 21,5 [&hellip;]<\/p>\n","protected":false},"featured_media":104326,"template":"","meta":[],"product_brand":[],"product_cat":[3334],"product_tag":[],"class_list":{"0":"post-104323","1":"product","2":"type-product","3":"status-publish","4":"has-post-thumbnail","6":"product_cat-kompressorer-og-vakuumpumper","7":"pa_hersteller-elektra-beckum","8":"pa_typ-basic-euro","10":"first","11":"instock","12":"taxable","13":"shipping-taxable","14":"product-type-simple"},"jetpack_sharing_enabled":true,"_links":{"self":[{"href":"https:\/\/www.3p-gmbh.de\/da\/wp-json\/wp\/v2\/product\/104323","targetHints":{"allow":["GET"]}}],"collection":[{"href":"https:\/\/www.3p-gmbh.de\/da\/wp-json\/wp\/v2\/product"}],"about":[{"href":"https:\/\/www.3p-gmbh.de\/da\/wp-json\/wp\/v2\/types\/product"}],"wp:featuredmedia":[{"embeddable":true,"href":"https:\/\/www.3p-gmbh.de\/da\/wp-json\/wp\/v2\/media\/104326"}],"wp:attachment":[{"href":"https:\/\/www.3p-gmbh.de\/da\/wp-json\/wp\/v2\/media?parent=104323"}],"wp:term":[{"taxonomy":"product_brand","embeddable":true,"href":"https:\/\/www.3p-gmbh.de\/da\/wp-json\/wp\/v2\/product_brand?post=104323"},{"taxonomy":"product_cat","embeddable":true,"href":"https:\/\/www.3p-gmbh.de\/da\/wp-json\/wp\/v2\/product_cat?post=104323"},{"taxonomy":"product_tag","embeddable":true,"href":"https:\/\/www.3p-gmbh.de\/da\/wp-json\/wp\/v2\/product_tag?post=104323"}],"curies":[{"name":"wp","href":"https:\/\/api.w.org\/{rel}","templated":true}]}}