{"id":104040,"date":"2021-11-18T10:52:31","date_gmt":"2021-11-18T10:52:31","guid":{"rendered":"https:\/\/www.3p-gmbh.de\/produkt\/hima-ba-350-30-banderoleringsmaskine-bordbanderoleringsmaskine-automatisk-banderoleringsmaskine\/"},"modified":"2021-11-18T10:52:31","modified_gmt":"2021-11-18T10:52:31","slug":"hima-ba-350-30-banderoleringsmaskine-bordbanderoleringsmaskine-automatisk-banderoleringsmaskine","status":"publish","type":"product","link":"https:\/\/www.3p-gmbh.de\/da\/produkt\/hima-ba-350-30-banderoleringsmaskine-bordbanderoleringsmaskine-automatisk-banderoleringsmaskine\/","title":{"rendered":"Hima BA 350-30 Banderoleringsmaskine Bordbanderoleringsmaskine Automatisk banderoleringsmaskine"},"content":{"rendered":"<p><strong>Hima BA 350-30 Banderoleringsmaskine Bordbanderoleringsmaskine Automatisk banderoleringsmaskine  <\/strong><\/p>\n<ul>\n<li>Automatisk oprettelse af banderoler ved hj\u00e6lp af kraftpapir eller PE-film<\/li>\n<li>Output p\u00e5 op til 23 \u00e6rmer pr. minut afh\u00e6ngigt af pakkest\u00f8rrelsen<\/li>\n<li>Stille og hurtig<\/li>\n<li>Produktbredde 30-350 mm<\/li>\n<li>Produkth\u00f8jde 5-200 mm<\/li>\n<li>B\u00e5ndbredde 30 mm<\/li>\n<li>Trinl\u00f8s justering af b\u00e5ndsp\u00e6ndingen forhindrer skader p\u00e5 de emballerede varer<\/li>\n<li>Enkel betjening<\/li>\n<li>Cyklusudl\u00f8sning via trykknap eller fodkontakt<\/li>\n<li>Automatisk udl\u00f8sning af cyklus<\/li>\n<li>Papirsl\u00f8jfe kan justeres trinl\u00f8st<\/li>\n<\/ul>\n<p><strong><em>Tekniske data<\/em><\/strong><br \/>\nDimensioner: L 540 x B 350 x H 420 mm<br \/>\nel. Tilsluttet belastning: 220 V \/ 50 Hz \/ 140 W<br \/>\nV\u00e6gt: ca. 32 kg<\/p>\n","protected":false},"excerpt":{"rendered":"<p>Hima BA 350-30 Banderoleringsmaskine Bordbanderoleringsmaskine Automatisk banderoleringsmaskine Automatisk oprettelse af banderoler ved hj\u00e6lp af kraftpapir eller PE-film Output p\u00e5 op til 23 \u00e6rmer pr. minut afh\u00e6ngigt af pakkest\u00f8rrelsen Stille og hurtig Produktbredde 30-350 mm Produkth\u00f8jde 5-200 mm B\u00e5ndbredde 30 mm Trinl\u00f8s justering af b\u00e5ndsp\u00e6ndingen forhindrer skader p\u00e5 de emballerede varer Enkel betjening Cyklusudl\u00f8sning via trykknap [&hellip;]<\/p>\n","protected":false},"featured_media":104044,"template":"","meta":[],"product_brand":[],"product_cat":[3307],"product_tag":[],"class_list":{"0":"post-104040","1":"product","2":"type-product","3":"status-publish","4":"has-post-thumbnail","6":"product_cat-banderoleringsmaskiner","7":"pa_hersteller-hima","8":"pa_typ-ba-350-30","10":"first","11":"instock","12":"taxable","13":"shipping-taxable","14":"product-type-simple"},"jetpack_sharing_enabled":true,"_links":{"self":[{"href":"https:\/\/www.3p-gmbh.de\/da\/wp-json\/wp\/v2\/product\/104040","targetHints":{"allow":["GET"]}}],"collection":[{"href":"https:\/\/www.3p-gmbh.de\/da\/wp-json\/wp\/v2\/product"}],"about":[{"href":"https:\/\/www.3p-gmbh.de\/da\/wp-json\/wp\/v2\/types\/product"}],"wp:featuredmedia":[{"embeddable":true,"href":"https:\/\/www.3p-gmbh.de\/da\/wp-json\/wp\/v2\/media\/104044"}],"wp:attachment":[{"href":"https:\/\/www.3p-gmbh.de\/da\/wp-json\/wp\/v2\/media?parent=104040"}],"wp:term":[{"taxonomy":"product_brand","embeddable":true,"href":"https:\/\/www.3p-gmbh.de\/da\/wp-json\/wp\/v2\/product_brand?post=104040"},{"taxonomy":"product_cat","embeddable":true,"href":"https:\/\/www.3p-gmbh.de\/da\/wp-json\/wp\/v2\/product_cat?post=104040"},{"taxonomy":"product_tag","embeddable":true,"href":"https:\/\/www.3p-gmbh.de\/da\/wp-json\/wp\/v2\/product_tag?post=104040"}],"curies":[{"name":"wp","href":"https:\/\/api.w.org\/{rel}","templated":true}]}}