{"id":103995,"date":"2021-11-18T10:55:55","date_gmt":"2021-11-18T10:55:55","guid":{"rendered":"https:\/\/www.3p-gmbh.de\/produkt\/wire-o-ring-stansevaerktoej-til-elektrisk-stansemaskine-renz-dtp-340-og-dtp-340-m\/"},"modified":"2021-11-18T10:55:55","modified_gmt":"2021-11-18T10:55:55","slug":"wire-o-ring-stansevaerktoej-til-elektrisk-stansemaskine-renz-dtp-340-og-dtp-340-m","status":"publish","type":"product","link":"https:\/\/www.3p-gmbh.de\/da\/produkt\/wire-o-ring-stansevaerktoej-til-elektrisk-stansemaskine-renz-dtp-340-og-dtp-340-m\/","title":{"rendered":"Wire O-ring stansev\u00e6rkt\u00f8j til elektrisk stansemaskine Renz DTP 340 og DTP 340 M"},"content":{"rendered":"<p><strong>Wire O-ring stansev\u00e6rkt\u00f8j til elektrisk stansemaskine Renz DTP 340 og DTP 340 M<\/strong><\/p>\n<p>i deling 2-1 med 6 mm rundt hul<\/p>\n","protected":false},"excerpt":{"rendered":"<p>Wire O-ring stansev\u00e6rkt\u00f8j til elektrisk stansemaskine Renz DTP 340 og DTP 340 M i deling 2-1 med 6 mm rundt hul<\/p>\n","protected":false},"featured_media":103997,"template":"","meta":[],"product_brand":[],"product_cat":[3300],"product_tag":[],"class_list":{"0":"post-103995","1":"product","2":"type-product","3":"status-publish","4":"has-post-thumbnail","6":"product_cat-stansning","8":"first","9":"instock","10":"taxable","11":"shipping-taxable","12":"product-type-simple"},"jetpack_sharing_enabled":true,"_links":{"self":[{"href":"https:\/\/www.3p-gmbh.de\/da\/wp-json\/wp\/v2\/product\/103995","targetHints":{"allow":["GET"]}}],"collection":[{"href":"https:\/\/www.3p-gmbh.de\/da\/wp-json\/wp\/v2\/product"}],"about":[{"href":"https:\/\/www.3p-gmbh.de\/da\/wp-json\/wp\/v2\/types\/product"}],"wp:featuredmedia":[{"embeddable":true,"href":"https:\/\/www.3p-gmbh.de\/da\/wp-json\/wp\/v2\/media\/103997"}],"wp:attachment":[{"href":"https:\/\/www.3p-gmbh.de\/da\/wp-json\/wp\/v2\/media?parent=103995"}],"wp:term":[{"taxonomy":"product_brand","embeddable":true,"href":"https:\/\/www.3p-gmbh.de\/da\/wp-json\/wp\/v2\/product_brand?post=103995"},{"taxonomy":"product_cat","embeddable":true,"href":"https:\/\/www.3p-gmbh.de\/da\/wp-json\/wp\/v2\/product_cat?post=103995"},{"taxonomy":"product_tag","embeddable":true,"href":"https:\/\/www.3p-gmbh.de\/da\/wp-json\/wp\/v2\/product_tag?post=103995"}],"curies":[{"name":"wp","href":"https:\/\/api.w.org\/{rel}","templated":true}]}}