{"id":103829,"date":"2021-12-05T21:10:09","date_gmt":"2021-12-05T21:10:09","guid":{"rendered":"https:\/\/www.3p-gmbh.de\/produkt\/to-farvet-offset-trykmaskine-heidelberg-qm-46-2\/"},"modified":"2021-12-05T21:10:09","modified_gmt":"2021-12-05T21:10:09","slug":"to-farvet-offset-trykmaskine-heidelberg-qm-46-2","status":"publish","type":"product","link":"https:\/\/www.3p-gmbh.de\/da\/produkt\/to-farvet-offset-trykmaskine-heidelberg-qm-46-2\/","title":{"rendered":"To-farvet offset-trykmaskine Heidelberg QM 46-2"},"content":{"rendered":"<p><strong>Heidelberg QM 46-2 tofarvet offsetpresse med pulverenhed<br \/>\n<\/strong><br \/>\nM\u00e5lerafl\u00e6sning ca. 19 mio. kr.<br \/>\nMaskin nummer 955751<br \/>\ninkl. Standardv\u00e6rkt\u00f8j\/tilbeh\u00f8r til r\u00e5dighed<\/p>\n","protected":false},"excerpt":{"rendered":"<p>Heidelberg QM 46-2 tofarvet offsetpresse med pulverenhed M\u00e5lerafl\u00e6sning ca. 19 mio. kr. Maskin nummer 955751 inkl. Standardv\u00e6rkt\u00f8j\/tilbeh\u00f8r til r\u00e5dighed<\/p>\n","protected":false},"featured_media":103840,"template":"","meta":[],"product_brand":[],"product_cat":[3507],"product_tag":[],"class_list":{"0":"post-103829","1":"product","2":"type-product","3":"status-publish","4":"has-post-thumbnail","6":"product_cat-arkoffset-2-farver","7":"pa_hersteller-heidelberg","8":"pa_typ-qm-46-2","10":"first","11":"instock","12":"taxable","13":"shipping-taxable","14":"product-type-simple"},"jetpack_sharing_enabled":true,"_links":{"self":[{"href":"https:\/\/www.3p-gmbh.de\/da\/wp-json\/wp\/v2\/product\/103829","targetHints":{"allow":["GET"]}}],"collection":[{"href":"https:\/\/www.3p-gmbh.de\/da\/wp-json\/wp\/v2\/product"}],"about":[{"href":"https:\/\/www.3p-gmbh.de\/da\/wp-json\/wp\/v2\/types\/product"}],"wp:featuredmedia":[{"embeddable":true,"href":"https:\/\/www.3p-gmbh.de\/da\/wp-json\/wp\/v2\/media\/103840"}],"wp:attachment":[{"href":"https:\/\/www.3p-gmbh.de\/da\/wp-json\/wp\/v2\/media?parent=103829"}],"wp:term":[{"taxonomy":"product_brand","embeddable":true,"href":"https:\/\/www.3p-gmbh.de\/da\/wp-json\/wp\/v2\/product_brand?post=103829"},{"taxonomy":"product_cat","embeddable":true,"href":"https:\/\/www.3p-gmbh.de\/da\/wp-json\/wp\/v2\/product_cat?post=103829"},{"taxonomy":"product_tag","embeddable":true,"href":"https:\/\/www.3p-gmbh.de\/da\/wp-json\/wp\/v2\/product_tag?post=103829"}],"curies":[{"name":"wp","href":"https:\/\/api.w.org\/{rel}","templated":true}]}}