{"id":103533,"date":"2022-01-04T22:59:06","date_gmt":"2022-01-04T22:59:06","guid":{"rendered":"https:\/\/www.3p-gmbh.de\/produkt\/whitescreen-standard-lysindstillingsbord-med-asymmetrisk-belysning-af-bord-og-bagvaeg\/"},"modified":"2022-01-04T22:59:06","modified_gmt":"2022-01-04T22:59:06","slug":"whitescreen-standard-lysindstillingsbord-med-asymmetrisk-belysning-af-bord-og-bagvaeg","status":"publish","type":"product","link":"https:\/\/www.3p-gmbh.de\/da\/produkt\/whitescreen-standard-lysindstillingsbord-med-asymmetrisk-belysning-af-bord-og-bagvaeg\/","title":{"rendered":"WhiteScreen standard lysindstillingsbord med asymmetrisk belysning af bord og bagv\u00e6g"},"content":{"rendered":"<p><strong>WhiteScreen standard lysindstillingsbord med asymmetrisk belysning af bord og bagv\u00e6g<\/strong><br \/>\nBordsk\u00e5ner ca. 60&#215;90 cm<\/p>\n<p>med skuffeskab<br \/>\n&#8211; en v\u00e6rkt\u00f8jsskuffe, ca. 15 cm h\u00f8j<br \/>\n&#8211; Syv opbevaringsrum, ca. 6 cm h\u00f8je<\/p>\n","protected":false},"excerpt":{"rendered":"<p>WhiteScreen standard lysindstillingsbord med asymmetrisk belysning af bord og bagv\u00e6g Bordsk\u00e5ner ca. 60&#215;90 cm med skuffeskab &#8211; en v\u00e6rkt\u00f8jsskuffe, ca. 15 cm h\u00f8j &#8211; Syv opbevaringsrum, ca. 6 cm h\u00f8je<\/p>\n","protected":false},"featured_media":103548,"template":"","meta":[],"product_brand":[],"product_cat":[3524],"product_tag":[],"class_list":{"0":"post-103533","1":"product","2":"type-product","3":"status-publish","4":"has-post-thumbnail","6":"product_cat-maaleinstrumenter-og-kvalitetssikring","8":"first","9":"instock","10":"taxable","11":"shipping-taxable","12":"product-type-simple"},"jetpack_sharing_enabled":true,"_links":{"self":[{"href":"https:\/\/www.3p-gmbh.de\/da\/wp-json\/wp\/v2\/product\/103533","targetHints":{"allow":["GET"]}}],"collection":[{"href":"https:\/\/www.3p-gmbh.de\/da\/wp-json\/wp\/v2\/product"}],"about":[{"href":"https:\/\/www.3p-gmbh.de\/da\/wp-json\/wp\/v2\/types\/product"}],"wp:featuredmedia":[{"embeddable":true,"href":"https:\/\/www.3p-gmbh.de\/da\/wp-json\/wp\/v2\/media\/103548"}],"wp:attachment":[{"href":"https:\/\/www.3p-gmbh.de\/da\/wp-json\/wp\/v2\/media?parent=103533"}],"wp:term":[{"taxonomy":"product_brand","embeddable":true,"href":"https:\/\/www.3p-gmbh.de\/da\/wp-json\/wp\/v2\/product_brand?post=103533"},{"taxonomy":"product_cat","embeddable":true,"href":"https:\/\/www.3p-gmbh.de\/da\/wp-json\/wp\/v2\/product_cat?post=103533"},{"taxonomy":"product_tag","embeddable":true,"href":"https:\/\/www.3p-gmbh.de\/da\/wp-json\/wp\/v2\/product_tag?post=103533"}],"curies":[{"name":"wp","href":"https:\/\/api.w.org\/{rel}","templated":true}]}}