{"id":103464,"date":"2022-01-04T23:12:49","date_gmt":"2022-01-04T23:12:49","guid":{"rendered":"https:\/\/www.3p-gmbh.de\/produkt\/skaerestaenger-til-skaeremaskiner\/"},"modified":"2022-01-04T23:12:49","modified_gmt":"2022-01-04T23:12:49","slug":"skaerestaenger-til-skaeremaskiner","status":"publish","type":"product","link":"https:\/\/www.3p-gmbh.de\/da\/produkt\/skaerestaenger-til-skaeremaskiner\/","title":{"rendered":"Sk\u00e6rest\u00e6nger til sk\u00e6remaskiner"},"content":{"rendered":"<p><strong>Sk\u00e6rest\u00e6nger til sk\u00e6remaskiner<\/strong><\/p>\n<p>fra Polar Mohr , Wohlenberg , Perfecta , Ideal , Polar , EBA , Krug &amp; Priester<\/p>\n","protected":false},"excerpt":{"rendered":"<p>Sk\u00e6rest\u00e6nger til sk\u00e6remaskiner fra Polar Mohr , Wohlenberg , Perfecta , Ideal , Polar , EBA , Krug &amp; Priester<\/p>\n","protected":false},"featured_media":103470,"template":"","meta":[],"product_brand":[],"product_cat":[3305],"product_tag":[],"class_list":{"0":"post-103464","1":"product","2":"type-product","3":"status-publish","4":"has-post-thumbnail","6":"product_cat-tilbehoer","8":"first","9":"instock","10":"taxable","11":"shipping-taxable","12":"product-type-simple"},"jetpack_sharing_enabled":true,"_links":{"self":[{"href":"https:\/\/www.3p-gmbh.de\/da\/wp-json\/wp\/v2\/product\/103464","targetHints":{"allow":["GET"]}}],"collection":[{"href":"https:\/\/www.3p-gmbh.de\/da\/wp-json\/wp\/v2\/product"}],"about":[{"href":"https:\/\/www.3p-gmbh.de\/da\/wp-json\/wp\/v2\/types\/product"}],"wp:featuredmedia":[{"embeddable":true,"href":"https:\/\/www.3p-gmbh.de\/da\/wp-json\/wp\/v2\/media\/103470"}],"wp:attachment":[{"href":"https:\/\/www.3p-gmbh.de\/da\/wp-json\/wp\/v2\/media?parent=103464"}],"wp:term":[{"taxonomy":"product_brand","embeddable":true,"href":"https:\/\/www.3p-gmbh.de\/da\/wp-json\/wp\/v2\/product_brand?post=103464"},{"taxonomy":"product_cat","embeddable":true,"href":"https:\/\/www.3p-gmbh.de\/da\/wp-json\/wp\/v2\/product_cat?post=103464"},{"taxonomy":"product_tag","embeddable":true,"href":"https:\/\/www.3p-gmbh.de\/da\/wp-json\/wp\/v2\/product_tag?post=103464"}],"curies":[{"name":"wp","href":"https:\/\/api.w.org\/{rel}","templated":true}]}}