{"id":103232,"date":"2022-01-28T15:01:24","date_gmt":"2022-01-28T15:01:24","guid":{"rendered":"https:\/\/www.3p-gmbh.de\/produkt\/pernuma-perfoset-e-xl-stanse-og-annulleringsmaskine\/"},"modified":"2022-01-28T15:01:24","modified_gmt":"2022-01-28T15:01:24","slug":"pernuma-perfoset-e-xl-stanse-og-annulleringsmaskine","status":"publish","type":"product","link":"https:\/\/www.3p-gmbh.de\/da\/produkt\/pernuma-perfoset-e-xl-stanse-og-annulleringsmaskine\/","title":{"rendered":"Pernuma PERFOSET E\/XL stanse- og annulleringsmaskine"},"content":{"rendered":"<p><strong>Pernuma PERFOSET E\/XL stanse- og annulleringsmaskine<\/strong><br \/>\n<strong>inkl. 1 fastmonteret stjernev\u00e6rkt\u00f8j i \u00d8 8<\/strong><\/p>\n<p>PERFOSET E\/XL er en meget robust elektrisk hulmaskine til kontorbrug.<br \/>\nOp til 100 ark (70 g) kan m\u00e6rkes med et stansem\u00e6rke i en enkelt arbejdsgang.<br \/>\nIndstiksdybden er 85 mm.<\/p>\n<p>For eksempel kan ID-kort, checkkort eller udbudsdokumenter m\u00e6rkes eller annulleres p\u00e5 en sikker m\u00e5de.<\/p>\n<p>Det \u00f8nskede tegn er permanent installeret.<\/p>\n<p>-Robust elektrisk bordmaskine med fast stansev\u00e6rkt\u00f8j i \u00d8 8 mm (standard)<br \/>\n13 forskellige stansetyper, andre diametre (herunder Euro-stansning til blister) kan f\u00e5s som ekstraudstyr mod betaling<br \/>\nUdl\u00f8ses af en trykknap p\u00e5 siden eller den elektroniske fodkontakt<br \/>\n-Stansekapacitet op til 100 ark (70 g\/m\u00b2 papir)<br \/>\n-Indf\u00f8ringsdybde: ca. 85 mm (nederste eller \u00f8verste kant af papirarket)<br \/>\n-Justerbar dybde og sidestop<br \/>\n-Tilslutning: 230 V \/ 50 Hz<br \/>\n-Dimensioner: B390 x D590 x H270 mm (+emballage)<br \/>\n-V\u00e6gt: 26<\/p>\n","protected":false},"excerpt":{"rendered":"<p>Pernuma PERFOSET E\/XL stanse- og annulleringsmaskine inkl. 1 fastmonteret stjernev\u00e6rkt\u00f8j i \u00d8 8 PERFOSET E\/XL er en meget robust elektrisk hulmaskine til kontorbrug. Op til 100 ark (70 g) kan m\u00e6rkes med et stansem\u00e6rke i en enkelt arbejdsgang. Indstiksdybden er 85 mm. For eksempel kan ID-kort, checkkort eller udbudsdokumenter m\u00e6rkes eller annulleres p\u00e5 en sikker [&hellip;]<\/p>\n","protected":false},"featured_media":103235,"template":"","meta":[],"product_brand":[],"product_cat":[3299,3300],"product_tag":[],"class_list":{"0":"post-103232","1":"product","2":"type-product","3":"status-publish","4":"has-post-thumbnail","6":"product_cat-sortiment-bogbinding","7":"product_cat-stansning","8":"pa_hersteller-pernuma","9":"pa_typ-perfoset-e-xl","11":"first","12":"instock","13":"taxable","14":"shipping-taxable","15":"product-type-simple"},"jetpack_sharing_enabled":true,"_links":{"self":[{"href":"https:\/\/www.3p-gmbh.de\/da\/wp-json\/wp\/v2\/product\/103232","targetHints":{"allow":["GET"]}}],"collection":[{"href":"https:\/\/www.3p-gmbh.de\/da\/wp-json\/wp\/v2\/product"}],"about":[{"href":"https:\/\/www.3p-gmbh.de\/da\/wp-json\/wp\/v2\/types\/product"}],"wp:featuredmedia":[{"embeddable":true,"href":"https:\/\/www.3p-gmbh.de\/da\/wp-json\/wp\/v2\/media\/103235"}],"wp:attachment":[{"href":"https:\/\/www.3p-gmbh.de\/da\/wp-json\/wp\/v2\/media?parent=103232"}],"wp:term":[{"taxonomy":"product_brand","embeddable":true,"href":"https:\/\/www.3p-gmbh.de\/da\/wp-json\/wp\/v2\/product_brand?post=103232"},{"taxonomy":"product_cat","embeddable":true,"href":"https:\/\/www.3p-gmbh.de\/da\/wp-json\/wp\/v2\/product_cat?post=103232"},{"taxonomy":"product_tag","embeddable":true,"href":"https:\/\/www.3p-gmbh.de\/da\/wp-json\/wp\/v2\/product_tag?post=103232"}],"curies":[{"name":"wp","href":"https:\/\/api.w.org\/{rel}","templated":true}]}}