{"id":103211,"date":"2022-01-28T15:08:12","date_gmt":"2022-01-28T15:08:12","guid":{"rendered":"https:\/\/www.3p-gmbh.de\/produkt\/levering-af-skurpresse-heidelberg-stahlfolder-sph-70\/"},"modified":"2022-01-28T15:08:12","modified_gmt":"2022-01-28T15:08:12","slug":"levering-af-skurpresse-heidelberg-stahlfolder-sph-70","status":"publish","type":"product","link":"https:\/\/www.3p-gmbh.de\/da\/produkt\/levering-af-skurpresse-heidelberg-stahlfolder-sph-70\/","title":{"rendered":"Levering af skurpresse Heidelberg Stahlfolder SPH-70"},"content":{"rendered":"<p><strong>Levering af skurpresse Heidelberg Stahlfolder SPH-70 <\/strong><strong><br \/>\nBygge\u00e5r 2013<\/strong><br \/>\nH\u00f8jdejusterbar og mobil presseudlevering til sk\u00e5nsom materialeh\u00e5ndtering<br \/>\nmed trinl\u00f8s hastighedsregulering, integreret m\u00e6rkningsenhed, arkoverv\u00e5gning<br \/>\nog foderkontrol<br \/>\nMCT-kontrol<\/p>\n","protected":false},"excerpt":{"rendered":"<p>Levering af skurpresse Heidelberg Stahlfolder SPH-70 Bygge\u00e5r 2013 H\u00f8jdejusterbar og mobil presseudlevering til sk\u00e5nsom materialeh\u00e5ndtering med trinl\u00f8s hastighedsregulering, integreret m\u00e6rkningsenhed, arkoverv\u00e5gning og foderkontrol MCT-kontrol<\/p>\n","protected":false},"featured_media":103216,"template":"","meta":[],"product_brand":[],"product_cat":[3333],"product_tag":[],"class_list":{"0":"post-103211","1":"product","2":"type-product","3":"status-publish","4":"has-post-thumbnail","6":"product_cat-udgifter","7":"pa_hersteller-heidelberg-stahlfolder","8":"pa_typ-stahlfolder-sph-70","10":"first","11":"instock","12":"taxable","13":"shipping-taxable","14":"product-type-simple"},"jetpack_sharing_enabled":true,"_links":{"self":[{"href":"https:\/\/www.3p-gmbh.de\/da\/wp-json\/wp\/v2\/product\/103211","targetHints":{"allow":["GET"]}}],"collection":[{"href":"https:\/\/www.3p-gmbh.de\/da\/wp-json\/wp\/v2\/product"}],"about":[{"href":"https:\/\/www.3p-gmbh.de\/da\/wp-json\/wp\/v2\/types\/product"}],"wp:featuredmedia":[{"embeddable":true,"href":"https:\/\/www.3p-gmbh.de\/da\/wp-json\/wp\/v2\/media\/103216"}],"wp:attachment":[{"href":"https:\/\/www.3p-gmbh.de\/da\/wp-json\/wp\/v2\/media?parent=103211"}],"wp:term":[{"taxonomy":"product_brand","embeddable":true,"href":"https:\/\/www.3p-gmbh.de\/da\/wp-json\/wp\/v2\/product_brand?post=103211"},{"taxonomy":"product_cat","embeddable":true,"href":"https:\/\/www.3p-gmbh.de\/da\/wp-json\/wp\/v2\/product_cat?post=103211"},{"taxonomy":"product_tag","embeddable":true,"href":"https:\/\/www.3p-gmbh.de\/da\/wp-json\/wp\/v2\/product_tag?post=103211"}],"curies":[{"name":"wp","href":"https:\/\/api.w.org\/{rel}","templated":true}]}}