{"id":103174,"date":"2022-01-04T23:46:35","date_gmt":"2022-01-04T23:46:35","guid":{"rendered":"https:\/\/www.3p-gmbh.de\/produkt\/heidelberg-stahlfolder-pneumatisk-portfoldespaendeplade-ftf-52\/"},"modified":"2022-01-04T23:46:35","modified_gmt":"2022-01-04T23:46:35","slug":"heidelberg-stahlfolder-pneumatisk-portfoldespaendeplade-ftf-52","status":"publish","type":"product","link":"https:\/\/www.3p-gmbh.de\/da\/produkt\/heidelberg-stahlfolder-pneumatisk-portfoldespaendeplade-ftf-52\/","title":{"rendered":"Heidelberg Stahlfolder pneumatisk portfoldesp\u00e6ndeplade FTF 52"},"content":{"rendered":"<p><strong>Heidelberg Stahlfolder pneumatisk portfoldesp\u00e6ndeplade FTF 52<\/strong><\/p>\n<div>med Omron-fotocelle<\/div>\n<div>med ACC 2.4 styreenhed i st\u00e5l<\/div>\n<div>med konsol og vedligeholdelsesenhed til trykluft<\/p>\n<\/div>\n<div>Trykluft p\u00e5kr\u00e6vet p\u00e5 stedet<\/div>\n","protected":false},"excerpt":{"rendered":"<p>Heidelberg Stahlfolder pneumatisk portfoldesp\u00e6ndeplade FTF 52 med Omron-fotocelle med ACC 2.4 styreenhed i st\u00e5l med konsol og vedligeholdelsesenhed til trykluft Trykluft p\u00e5kr\u00e6vet p\u00e5 stedet<\/p>\n","protected":false},"featured_media":103183,"template":"","meta":[],"product_brand":[],"product_cat":[3316],"product_tag":[],"class_list":{"0":"post-103174","1":"product","2":"type-product","3":"status-publish","4":"has-post-thumbnail","6":"product_cat-tilbehoer-til-foldemaskiner","7":"pa_hersteller-heidelberg-stahlfolder","8":"pa_typ-ftf-52","10":"first","11":"instock","12":"taxable","13":"shipping-taxable","14":"product-type-simple"},"jetpack_sharing_enabled":true,"_links":{"self":[{"href":"https:\/\/www.3p-gmbh.de\/da\/wp-json\/wp\/v2\/product\/103174","targetHints":{"allow":["GET"]}}],"collection":[{"href":"https:\/\/www.3p-gmbh.de\/da\/wp-json\/wp\/v2\/product"}],"about":[{"href":"https:\/\/www.3p-gmbh.de\/da\/wp-json\/wp\/v2\/types\/product"}],"wp:featuredmedia":[{"embeddable":true,"href":"https:\/\/www.3p-gmbh.de\/da\/wp-json\/wp\/v2\/media\/103183"}],"wp:attachment":[{"href":"https:\/\/www.3p-gmbh.de\/da\/wp-json\/wp\/v2\/media?parent=103174"}],"wp:term":[{"taxonomy":"product_brand","embeddable":true,"href":"https:\/\/www.3p-gmbh.de\/da\/wp-json\/wp\/v2\/product_brand?post=103174"},{"taxonomy":"product_cat","embeddable":true,"href":"https:\/\/www.3p-gmbh.de\/da\/wp-json\/wp\/v2\/product_cat?post=103174"},{"taxonomy":"product_tag","embeddable":true,"href":"https:\/\/www.3p-gmbh.de\/da\/wp-json\/wp\/v2\/product_tag?post=103174"}],"curies":[{"name":"wp","href":"https:\/\/api.w.org\/{rel}","templated":true}]}}