{"id":103118,"date":"2022-01-28T15:14:14","date_gmt":"2022-01-28T15:14:14","guid":{"rendered":"https:\/\/www.3p-gmbh.de\/produkt\/3-hovedet-blok-og-haeftemaskine-med-flere-hoveder-til-normal-haeftning-hohner-exact\/"},"modified":"2022-01-28T15:14:14","modified_gmt":"2022-01-28T15:14:14","slug":"3-hovedet-blok-og-haeftemaskine-med-flere-hoveder-til-normal-haeftning-hohner-exact","status":"publish","type":"product","link":"https:\/\/www.3p-gmbh.de\/da\/produkt\/3-hovedet-blok-og-haeftemaskine-med-flere-hoveder-til-normal-haeftning-hohner-exact\/","title":{"rendered":"3-hovedet blok- og h\u00e6ftemaskine med flere hoveder til normal h\u00e6ftning HOHNER EXACT"},"content":{"rendered":"<p><strong>HOHNER EXACT bordblok- og h\u00e6ftemaskine med flere hoveder til normal h\u00e6ftning<br \/>\n<\/strong><strong>Bygge\u00e5r 1991 &#8211; fuldst\u00e6ndig v\u00e6rkstedsoverhalet<\/strong><\/p>\n<p>Installation af op til fire HOHNER UNIVERSAL 52\/8 smalle syhoveder til<br \/>\nNormal syning, \u00f8jesyning eller blandet anvendelse.<br \/>\nLige velegnet som selvst\u00e6ndig maskine eller indbygget enhed.<\/p>\n<p>-Maksimal syningstykkelse p\u00e5 8 mm til normal syning<br \/>\n-Nemt justerbart h\u00e6ftebord: lige til blokke, vinklet til brochurer.<br \/>\n-H\u00e6ftetykkelse og tr\u00e5dl\u00e6ngde indstilles samtidigt og centralt for alle hoveder.<br \/>\njusteres med kun \u00e9t h\u00e5ndtag.<br \/>\n-En bageste og to sidestop, alle justerbare, sikrer<br \/>\nsikrer, at beslagene altid er placeret p\u00e5 det \u00f8nskede sted.<br \/>\nH\u00e6ftehovederne kan hurtigt og nemt af- og p\u00e5monteres, ogs\u00e5 sidel\u00e6ns.<br \/>\nkan udskydes eller blot slukkes midlertidigt.<\/p>\n<p>-Maksimal h\u00e6ftekapacitet: 206 h\u00e6fteklammer\/minut pr. hoved.<\/p>\n<p>-Fodudl\u00f8sning<br \/>\n-Bordst\u00f8rrelse: 550 x 280 mm<br \/>\n-Indstiksdybde fra d\u00f8rklokkeboks 165 mm<br \/>\n-Sp\u00e6ndeafstand maks. 330 mm<br \/>\n-Afstand mellem klemmer min. 52-62 mm<\/p>\n","protected":false},"excerpt":{"rendered":"<p>HOHNER EXACT bordblok- og h\u00e6ftemaskine med flere hoveder til normal h\u00e6ftning Bygge\u00e5r 1991 &#8211; fuldst\u00e6ndig v\u00e6rkstedsoverhalet Installation af op til fire HOHNER UNIVERSAL 52\/8 smalle syhoveder til Normal syning, \u00f8jesyning eller blandet anvendelse. Lige velegnet som selvst\u00e6ndig maskine eller indbygget enhed. -Maksimal syningstykkelse p\u00e5 8 mm til normal syning -Nemt justerbart h\u00e6ftebord: lige til blokke, [&hellip;]<\/p>\n","protected":false},"featured_media":103120,"template":"","meta":[],"product_brand":[],"product_cat":[3397],"product_tag":[],"class_list":{"0":"post-103118","1":"product","2":"type-product","3":"status-publish","4":"has-post-thumbnail","6":"product_cat-maskiner-til-syning","7":"pa_hersteller-hohner","8":"pa_typ-exact","10":"first","11":"instock","12":"taxable","13":"shipping-taxable","14":"product-type-simple"},"jetpack_sharing_enabled":true,"_links":{"self":[{"href":"https:\/\/www.3p-gmbh.de\/da\/wp-json\/wp\/v2\/product\/103118","targetHints":{"allow":["GET"]}}],"collection":[{"href":"https:\/\/www.3p-gmbh.de\/da\/wp-json\/wp\/v2\/product"}],"about":[{"href":"https:\/\/www.3p-gmbh.de\/da\/wp-json\/wp\/v2\/types\/product"}],"wp:featuredmedia":[{"embeddable":true,"href":"https:\/\/www.3p-gmbh.de\/da\/wp-json\/wp\/v2\/media\/103120"}],"wp:attachment":[{"href":"https:\/\/www.3p-gmbh.de\/da\/wp-json\/wp\/v2\/media?parent=103118"}],"wp:term":[{"taxonomy":"product_brand","embeddable":true,"href":"https:\/\/www.3p-gmbh.de\/da\/wp-json\/wp\/v2\/product_brand?post=103118"},{"taxonomy":"product_cat","embeddable":true,"href":"https:\/\/www.3p-gmbh.de\/da\/wp-json\/wp\/v2\/product_cat?post=103118"},{"taxonomy":"product_tag","embeddable":true,"href":"https:\/\/www.3p-gmbh.de\/da\/wp-json\/wp\/v2\/product_tag?post=103118"}],"curies":[{"name":"wp","href":"https:\/\/api.w.org\/{rel}","templated":true}]}}