{"id":103013,"date":"2022-01-28T15:35:37","date_gmt":"2022-01-28T15:35:37","guid":{"rendered":"https:\/\/www.3p-gmbh.de\/produkt\/mobil-banderoleringsmaskine-band-all-model-ba-40-30\/"},"modified":"2022-01-28T15:35:37","modified_gmt":"2022-01-28T15:35:37","slug":"mobil-banderoleringsmaskine-band-all-model-ba-40-30","status":"publish","type":"product","link":"https:\/\/www.3p-gmbh.de\/da\/produkt\/mobil-banderoleringsmaskine-band-all-model-ba-40-30\/","title":{"rendered":"Mobil banderoleringsmaskine Band All model BA 40-30"},"content":{"rendered":"<p><strong>Mobil banderoleringsmaskine Band All model BA 40-30<\/strong><\/p>\n<p>til plastfolie (ogs\u00e5 ekstremt tynd) og papirtape<br \/>\nB\u00e5ndbredde: 30 mm<br \/>\nPakker: B 40 x H 250 mm<br \/>\nForskellige programmer kan gemmes<br \/>\nJustering af remsp\u00e6ndingen<br \/>\nIndstilling af svejsetid<br \/>\nIndstilling af udf\u00f8relsesl\u00e6ngde<br \/>\nForskellige andre indstillinger<br \/>\nPneumatisk tilslutning (trykluft skal leveres af kunden)<br \/>\nTilslutning: 230 V<\/p>\n","protected":false},"excerpt":{"rendered":"<p>Mobil banderoleringsmaskine Band All model BA 40-30 til plastfolie (ogs\u00e5 ekstremt tynd) og papirtape B\u00e5ndbredde: 30 mm Pakker: B 40 x H 250 mm Forskellige programmer kan gemmes Justering af remsp\u00e6ndingen Indstilling af svejsetid Indstilling af udf\u00f8relsesl\u00e6ngde Forskellige andre indstillinger Pneumatisk tilslutning (trykluft skal leveres af kunden) Tilslutning: 230 V<\/p>\n","protected":false},"featured_media":103020,"template":"","meta":[],"product_brand":[],"product_cat":[3307],"product_tag":[],"class_list":{"0":"post-103013","1":"product","2":"type-product","3":"status-publish","4":"has-post-thumbnail","6":"product_cat-banderoleringsmaskiner","7":"pa_hersteller-band-all","8":"pa_typ-ba-40-30","10":"first","11":"instock","12":"taxable","13":"shipping-taxable","14":"product-type-simple"},"jetpack_sharing_enabled":true,"_links":{"self":[{"href":"https:\/\/www.3p-gmbh.de\/da\/wp-json\/wp\/v2\/product\/103013","targetHints":{"allow":["GET"]}}],"collection":[{"href":"https:\/\/www.3p-gmbh.de\/da\/wp-json\/wp\/v2\/product"}],"about":[{"href":"https:\/\/www.3p-gmbh.de\/da\/wp-json\/wp\/v2\/types\/product"}],"wp:featuredmedia":[{"embeddable":true,"href":"https:\/\/www.3p-gmbh.de\/da\/wp-json\/wp\/v2\/media\/103020"}],"wp:attachment":[{"href":"https:\/\/www.3p-gmbh.de\/da\/wp-json\/wp\/v2\/media?parent=103013"}],"wp:term":[{"taxonomy":"product_brand","embeddable":true,"href":"https:\/\/www.3p-gmbh.de\/da\/wp-json\/wp\/v2\/product_brand?post=103013"},{"taxonomy":"product_cat","embeddable":true,"href":"https:\/\/www.3p-gmbh.de\/da\/wp-json\/wp\/v2\/product_cat?post=103013"},{"taxonomy":"product_tag","embeddable":true,"href":"https:\/\/www.3p-gmbh.de\/da\/wp-json\/wp\/v2\/product_tag?post=103013"}],"curies":[{"name":"wp","href":"https:\/\/api.w.org\/{rel}","templated":true}]}}