{"id":102983,"date":"2022-01-28T15:46:34","date_gmt":"2022-01-28T15:46:34","guid":{"rendered":"https:\/\/www.3p-gmbh.de\/produkt\/stabler-rima-rs-1212-s-med-udloebsbaand-og-rullebord\/"},"modified":"2022-01-28T15:46:34","modified_gmt":"2022-01-28T15:46:34","slug":"stabler-rima-rs-1212-s-med-udloebsbaand-og-rullebord","status":"publish","type":"product","link":"https:\/\/www.3p-gmbh.de\/da\/produkt\/stabler-rima-rs-1212-s-med-udloebsbaand-og-rullebord\/","title":{"rendered":"Stabler Rima RS 1212 S med udl\u00f8bsb\u00e5nd og rullebord"},"content":{"rendered":"<p><strong>Stabler Rima RS 1212 S med frekvensstyret udl\u00f8bsb\u00e5nd og rullebord<\/strong><br \/>\n<strong>fra 3-2004<\/strong><\/p>\n<p>fra Heidelberg FE-omr\u00e5det kun et par driftstimer<\/p>\n","protected":false},"excerpt":{"rendered":"<p>Stabler Rima RS 1212 S med frekvensstyret udl\u00f8bsb\u00e5nd og rullebord fra 3-2004 fra Heidelberg FE-omr\u00e5det kun et par driftstimer<\/p>\n","protected":false},"featured_media":102994,"template":"","meta":[],"product_brand":[],"product_cat":[3519],"product_tag":[],"class_list":{"0":"post-102983","1":"product","2":"type-product","3":"status-publish","4":"has-post-thumbnail","6":"product_cat-sammensat-lag","7":"pa_hersteller-rima","8":"pa_typ-rs-1212-s","10":"first","11":"instock","12":"taxable","13":"shipping-taxable","14":"product-type-simple"},"jetpack_sharing_enabled":true,"_links":{"self":[{"href":"https:\/\/www.3p-gmbh.de\/da\/wp-json\/wp\/v2\/product\/102983","targetHints":{"allow":["GET"]}}],"collection":[{"href":"https:\/\/www.3p-gmbh.de\/da\/wp-json\/wp\/v2\/product"}],"about":[{"href":"https:\/\/www.3p-gmbh.de\/da\/wp-json\/wp\/v2\/types\/product"}],"wp:featuredmedia":[{"embeddable":true,"href":"https:\/\/www.3p-gmbh.de\/da\/wp-json\/wp\/v2\/media\/102994"}],"wp:attachment":[{"href":"https:\/\/www.3p-gmbh.de\/da\/wp-json\/wp\/v2\/media?parent=102983"}],"wp:term":[{"taxonomy":"product_brand","embeddable":true,"href":"https:\/\/www.3p-gmbh.de\/da\/wp-json\/wp\/v2\/product_brand?post=102983"},{"taxonomy":"product_cat","embeddable":true,"href":"https:\/\/www.3p-gmbh.de\/da\/wp-json\/wp\/v2\/product_cat?post=102983"},{"taxonomy":"product_tag","embeddable":true,"href":"https:\/\/www.3p-gmbh.de\/da\/wp-json\/wp\/v2\/product_tag?post=102983"}],"curies":[{"name":"wp","href":"https:\/\/api.w.org\/{rel}","templated":true}]}}