{"id":102883,"date":"2022-01-28T16:06:13","date_gmt":"2022-01-28T16:06:13","guid":{"rendered":"https:\/\/www.3p-gmbh.de\/produkt\/levering-af-lodret-arkpresse-heidelberg-stahlfolder-sbp-66-h-mke-ve\/"},"modified":"2022-01-28T16:06:13","modified_gmt":"2022-01-28T16:06:13","slug":"levering-af-lodret-arkpresse-heidelberg-stahlfolder-sbp-66-h-mke-ve","status":"publish","type":"product","link":"https:\/\/www.3p-gmbh.de\/da\/produkt\/levering-af-lodret-arkpresse-heidelberg-stahlfolder-sbp-66-h-mke-ve\/","title":{"rendered":"Levering af lodret arkpresse Heidelberg Stahlfolder SBP 66 H + MKE + VE"},"content":{"rendered":"<p><strong>Levering af lodret arkpresse Heidelberg Stahlfolder SBP 66 H + MKE + VE<\/strong><br \/>\n<strong>fra 2006<\/strong><\/p>\n<p>max. Indl\u00f8bsbredde 660 mm<br \/>\n&#8211; MCT-kontrol<br \/>\n&#8211; med m\u00e6rkningsanordning<br \/>\n&#8211; med b\u00e5ndstyret arkfortr\u00e6ngningsenhed<\/p>\n","protected":false},"excerpt":{"rendered":"<p>Levering af lodret arkpresse Heidelberg Stahlfolder SBP 66 H + MKE + VE fra 2006 max. Indl\u00f8bsbredde 660 mm &#8211; MCT-kontrol &#8211; med m\u00e6rkningsanordning &#8211; med b\u00e5ndstyret arkfortr\u00e6ngningsenhed<\/p>\n","protected":false},"featured_media":102887,"template":"","meta":[],"product_brand":[],"product_cat":[3333],"product_tag":[],"class_list":{"0":"post-102883","1":"product","2":"type-product","3":"status-publish","4":"has-post-thumbnail","6":"product_cat-udgifter","7":"pa_hersteller-heidelberg-stahlfolder","8":"pa_typ-sbp-66-h-mke-ve","10":"first","11":"instock","12":"taxable","13":"shipping-taxable","14":"product-type-simple"},"jetpack_sharing_enabled":true,"_links":{"self":[{"href":"https:\/\/www.3p-gmbh.de\/da\/wp-json\/wp\/v2\/product\/102883","targetHints":{"allow":["GET"]}}],"collection":[{"href":"https:\/\/www.3p-gmbh.de\/da\/wp-json\/wp\/v2\/product"}],"about":[{"href":"https:\/\/www.3p-gmbh.de\/da\/wp-json\/wp\/v2\/types\/product"}],"wp:featuredmedia":[{"embeddable":true,"href":"https:\/\/www.3p-gmbh.de\/da\/wp-json\/wp\/v2\/media\/102887"}],"wp:attachment":[{"href":"https:\/\/www.3p-gmbh.de\/da\/wp-json\/wp\/v2\/media?parent=102883"}],"wp:term":[{"taxonomy":"product_brand","embeddable":true,"href":"https:\/\/www.3p-gmbh.de\/da\/wp-json\/wp\/v2\/product_brand?post=102883"},{"taxonomy":"product_cat","embeddable":true,"href":"https:\/\/www.3p-gmbh.de\/da\/wp-json\/wp\/v2\/product_cat?post=102883"},{"taxonomy":"product_tag","embeddable":true,"href":"https:\/\/www.3p-gmbh.de\/da\/wp-json\/wp\/v2\/product_tag?post=102883"}],"curies":[{"name":"wp","href":"https:\/\/api.w.org\/{rel}","templated":true}]}}