{"id":102872,"date":"2022-02-10T10:12:11","date_gmt":"2022-02-10T10:12:11","guid":{"rendered":"https:\/\/www.3p-gmbh.de\/produkt\/matrix-530-termisk-lamineringsmaskine-til-opp-film-op-til-50-mikron-din-a2-maks-arbejdsbredde-500-mm\/"},"modified":"2022-02-10T10:12:11","modified_gmt":"2022-02-10T10:12:11","slug":"matrix-530-termisk-lamineringsmaskine-til-opp-film-op-til-50-mikron-din-a2-maks-arbejdsbredde-500-mm","status":"publish","type":"product","link":"https:\/\/www.3p-gmbh.de\/da\/produkt\/matrix-530-termisk-lamineringsmaskine-til-opp-film-op-til-50-mikron-din-a2-maks-arbejdsbredde-500-mm\/","title":{"rendered":"Matrix 530 &#8211; Termisk lamineringsmaskine til OPP-film op til 50 mikron DIN A2 (maks. arbejdsbredde 500 mm)"},"content":{"rendered":"<p><strong>Matrix 530<\/strong><br \/>\n<strong>Termisk lamineringsmaskine til OPP-film op til 50 mikron<\/strong><br \/>\n<strong>DIN A2 (maks. 500 mm arbejdsbredde)<\/strong><\/p>\n<p>Matrix 530 er ideel til trykkerisektoren med dens h\u00f8je kvalitetskrav. Filmrullerne er nemme og enkle at skifte &#8211; 1.000 m OPP-filmruller kan ogs\u00e5 bruges. Matrix 530 opfylder den europ\u00e6iske CE-standard for produktsikkerhed.<\/p>\n<p>Variabel hastighed (- 10 m\/min.)<br \/>\nog justerbar temperaturindstilling (0 &#8211; 140\u00b0 C).<br \/>\nKort opvarmningstid (ca. 15-20 min.)<br \/>\nEnsidig termisk laminering med 23-50 mikron OPP-film<br \/>\n1.000 m OPP filmruller kan bruges<br \/>\nPapirtykkelse 1-sidet: 135-500 g\/kvm, 2-sidet (2 arbejdstrin) fra 70 g\/kvm<br \/>\nAntib\u00f8lgebj\u00e6lke til perfekt planhed med 1-sidet termisk laminering<br \/>\nFodpedal<br \/>\nReturfunktion<br \/>\nDigitalt display<br \/>\nHalvautomatisk papirfremf\u00f8ring med automatisk justering, arkfremf\u00f8ring og overlapning<br \/>\nPapirseparationsfunktion: perforering og automatisk separation<br \/>\nJusterbar opsamlingsbakke til f\u00e6rdige udskrifter<br \/>\nStop sikkerhedskontakt i beskyttelsesd\u00e6ksel<br \/>\nN\u00d8DSTOP-kontakt<br \/>\nSt\u00f8vomslag<br \/>\ninkl. Stabilt stativ og opbevaringsplads<br \/>\nValgfrit: Sk\u00e6rearm (til individuel besk\u00e6ring af OPP-filmens bredde)<\/p>\n<p>Tekniske data:<br \/>\nDiameter p\u00e5 rullekerne: 57 + 76 mm<br \/>\nArbejdstemperatur: 0-140 \u00b0C<br \/>\nFilmtykkelse: 23-50 mikron OPP-film<\/p>\n<p>&nbsp;<\/p>\n<table width=\"500\">\n<tbody>\n<tr>\n<td>\n<table width=\"500\">\n<tbody>\n<tr>\n<td colspan=\"2\"><strong>Produktets egenskaber:<\/strong><\/td>\n<\/tr>\n<tr>\n<td>Max. Arbejdsbredde<\/td>\n<td>500 mm<\/td>\n<\/tr>\n<tr>\n<td>Termisk laminering<\/td>\n<td>23-50 mikron OPP-film<\/td>\n<\/tr>\n<tr>\n<td>hastighed<\/td>\n<td>variabel &#8211; 10 m\/min.<\/td>\n<\/tr>\n<tr>\n<td>Omvendt<\/td>\n<td>Ja<\/td>\n<\/tr>\n<tr>\n<td>Digitalt display<\/td>\n<td>Ja<\/td>\n<\/tr>\n<tr>\n<td>Opvarmningstid<\/td>\n<td>ca. 15 &#8211; 20 min.<\/td>\n<\/tr>\n<tr>\n<td>Kold laminering<\/td>\n<td>Nej, det er det ikke<\/td>\n<\/tr>\n<tr>\n<td>Samlinger<\/td>\n<td>Nej, det er det ikke<\/td>\n<\/tr>\n<\/tbody>\n<\/table>\n<\/td>\n<\/tr>\n<\/tbody>\n<\/table>\n","protected":false},"excerpt":{"rendered":"<p>Matrix 530 Termisk lamineringsmaskine til OPP-film op til 50 mikron DIN A2 (maks. 500 mm arbejdsbredde) Matrix 530 er ideel til trykkerisektoren med dens h\u00f8je kvalitetskrav. Filmrullerne er nemme og enkle at skifte &#8211; 1.000 m OPP-filmruller kan ogs\u00e5 bruges. Matrix 530 opfylder den europ\u00e6iske CE-standard for produktsikkerhed. Variabel hastighed (- 10 m\/min.) og justerbar [&hellip;]<\/p>\n","protected":false},"featured_media":102873,"template":"","meta":[],"product_brand":[],"product_cat":[3518],"product_tag":[],"class_list":{"0":"post-102872","1":"product","2":"type-product","3":"status-publish","4":"has-post-thumbnail","6":"product_cat-lamineringsmaskiner","7":"pa_hersteller-matrix","8":"pa_typ-2360","10":"first","11":"instock","12":"taxable","13":"shipping-taxable","14":"product-type-simple"},"jetpack_sharing_enabled":true,"_links":{"self":[{"href":"https:\/\/www.3p-gmbh.de\/da\/wp-json\/wp\/v2\/product\/102872","targetHints":{"allow":["GET"]}}],"collection":[{"href":"https:\/\/www.3p-gmbh.de\/da\/wp-json\/wp\/v2\/product"}],"about":[{"href":"https:\/\/www.3p-gmbh.de\/da\/wp-json\/wp\/v2\/types\/product"}],"wp:featuredmedia":[{"embeddable":true,"href":"https:\/\/www.3p-gmbh.de\/da\/wp-json\/wp\/v2\/media\/102873"}],"wp:attachment":[{"href":"https:\/\/www.3p-gmbh.de\/da\/wp-json\/wp\/v2\/media?parent=102872"}],"wp:term":[{"taxonomy":"product_brand","embeddable":true,"href":"https:\/\/www.3p-gmbh.de\/da\/wp-json\/wp\/v2\/product_brand?post=102872"},{"taxonomy":"product_cat","embeddable":true,"href":"https:\/\/www.3p-gmbh.de\/da\/wp-json\/wp\/v2\/product_cat?post=102872"},{"taxonomy":"product_tag","embeddable":true,"href":"https:\/\/www.3p-gmbh.de\/da\/wp-json\/wp\/v2\/product_tag?post=102872"}],"curies":[{"name":"wp","href":"https:\/\/api.w.org\/{rel}","templated":true}]}}