{"id":102849,"date":"2022-02-10T14:59:04","date_gmt":"2022-02-10T14:59:04","guid":{"rendered":"https:\/\/www.3p-gmbh.de\/produkt\/opbevaring-af-farlige-stoffer-denios-ibc-station-1000-liter\/"},"modified":"2022-02-10T14:59:04","modified_gmt":"2022-02-10T14:59:04","slug":"opbevaring-af-farlige-stoffer-denios-ibc-station-1000-liter","status":"publish","type":"product","link":"https:\/\/www.3p-gmbh.de\/da\/produkt\/opbevaring-af-farlige-stoffer-denios-ibc-station-1000-liter\/","title":{"rendered":"Opbevaring af farlige stoffer Denios IBC-station 1000 liter"},"content":{"rendered":"<p><strong>Denios IBC-station til 1000 Lite<\/strong><\/p>\n<p>Denios IBC-station S lavet af PE &#8211; til optimal opbevaring af farlige v\u00e6sker<br \/>\nIdeel til opbevaring af 1.000 liters containere eller mindre containere,<br \/>\nTil optimal opbevaring af forskellige syrer og baser samt olier<br \/>\nog ikke-br\u00e6ndbare reng\u00f8ringskemikalier<\/p>\n<p>Integreret opbevaringsflade<br \/>\nOpsamlingsvolumen 1000 liter<br \/>\nOpbevaringsplads under tag<br \/>\nH\u00f8jde 860 mm<br \/>\nBredde 1280 mm<br \/>\nL\u00e6ngde 1660 mm<br \/>\nMateriale Polyethylen (PE)<br \/>\nKapacitet KTC\/IBC1<br \/>\nHyldemateriale Polyethylen (PE)<br \/>\nUnderkonstruktion med st\u00f8tteben Kan flyttes med gaffeltruck<br \/>\nBelastningskapacitet 2000 kg<\/p>\n<p>Godkendelser Bygningsmyndighedens godkendelse (DIBt)<br \/>\nKlassificering af v\u00e6sker, der er farlige for vandmilj\u00f8et akut, kronisk GHS 1, kronisk GHS 2, kronisk GHS 3, kronisk GHS 4<br \/>\nKlassificering i henhold til GefStoffV\/BetrSichVAC\u00e6tsende p\u00e5 metaller, \u00e6tsende p\u00e5 huden, for\u00e5rsager alvorlig \u00f8jenskade<br \/>\nFarve bl\u00e5<\/p>\n","protected":false},"excerpt":{"rendered":"<p>Denios IBC-station til 1000 Lite Denios IBC-station S lavet af PE &#8211; til optimal opbevaring af farlige v\u00e6sker Ideel til opbevaring af 1.000 liters containere eller mindre containere, Til optimal opbevaring af forskellige syrer og baser samt olier og ikke-br\u00e6ndbare reng\u00f8ringskemikalier Integreret opbevaringsflade Opsamlingsvolumen 1000 liter Opbevaringsplads under tag H\u00f8jde 860 mm Bredde 1280 mm [&hellip;]<\/p>\n","protected":false},"featured_media":102844,"template":"","meta":[],"product_brand":[],"product_cat":[3534],"product_tag":[],"class_list":{"0":"post-102849","1":"product","2":"type-product","3":"status-publish","4":"has-post-thumbnail","6":"product_cat-andre-maskiner-og-systemer","7":"pa_hersteller-denios","9":"first","10":"instock","11":"taxable","12":"shipping-taxable","13":"product-type-simple"},"jetpack_sharing_enabled":true,"_links":{"self":[{"href":"https:\/\/www.3p-gmbh.de\/da\/wp-json\/wp\/v2\/product\/102849","targetHints":{"allow":["GET"]}}],"collection":[{"href":"https:\/\/www.3p-gmbh.de\/da\/wp-json\/wp\/v2\/product"}],"about":[{"href":"https:\/\/www.3p-gmbh.de\/da\/wp-json\/wp\/v2\/types\/product"}],"wp:featuredmedia":[{"embeddable":true,"href":"https:\/\/www.3p-gmbh.de\/da\/wp-json\/wp\/v2\/media\/102844"}],"wp:attachment":[{"href":"https:\/\/www.3p-gmbh.de\/da\/wp-json\/wp\/v2\/media?parent=102849"}],"wp:term":[{"taxonomy":"product_brand","embeddable":true,"href":"https:\/\/www.3p-gmbh.de\/da\/wp-json\/wp\/v2\/product_brand?post=102849"},{"taxonomy":"product_cat","embeddable":true,"href":"https:\/\/www.3p-gmbh.de\/da\/wp-json\/wp\/v2\/product_cat?post=102849"},{"taxonomy":"product_tag","embeddable":true,"href":"https:\/\/www.3p-gmbh.de\/da\/wp-json\/wp\/v2\/product_tag?post=102849"}],"curies":[{"name":"wp","href":"https:\/\/api.w.org\/{rel}","templated":true}]}}