{"id":102836,"date":"2022-02-10T15:19:18","date_gmt":"2022-02-10T15:19:18","guid":{"rendered":"https:\/\/www.3p-gmbh.de\/produkt\/opbevaring-af-farlige-stoffer-denios-pse-4-450-liter\/"},"modified":"2022-02-10T15:19:18","modified_gmt":"2022-02-10T15:19:18","slug":"opbevaring-af-farlige-stoffer-denios-pse-4-450-liter","status":"publish","type":"product","link":"https:\/\/www.3p-gmbh.de\/da\/produkt\/opbevaring-af-farlige-stoffer-denios-pse-4-450-liter\/","title":{"rendered":"Opbevaring af farlige stoffer Denios PSE-4 450 liter"},"content":{"rendered":"<p><strong>Opbevaring af farlige stoffer Denios PSE-4 450 liter<\/strong><\/p>\n<p>Integreret opbevaringsflade<br \/>\nOpsamlingsvolumen 450 liter<br \/>\nMateriale Polyethylen (PE)<br \/>\nKapacitet KTC\/IBC1<br \/>\nHyldemateriale Polyethylen (PE)<br \/>\nUnderkonstruktion med st\u00f8tteben Kan flyttes med gaffeltruck<br \/>\nBelastningskapacitet 1250 kg<\/p>\n<p>Godkendelser Bygningsmyndighedens godkendelse (DIBt)<br \/>\nKlassificering af v\u00e6sker, der er farlige for vandmilj\u00f8et akut, kronisk GHS 1, kronisk GHS 2, kronisk GHS 3, kronisk GHS 4<br \/>\nKlassificering i henhold til GefStoffV\/BetrSichVAC\u00e6tsende p\u00e5 metaller, \u00e6tsende p\u00e5 huden, for\u00e5rsager alvorlig \u00f8jenskade<br \/>\nFarve bl\u00e5<\/p>\n","protected":false},"excerpt":{"rendered":"<p>Opbevaring af farlige stoffer Denios PSE-4 450 liter Integreret opbevaringsflade Opsamlingsvolumen 450 liter Materiale Polyethylen (PE) Kapacitet KTC\/IBC1 Hyldemateriale Polyethylen (PE) Underkonstruktion med st\u00f8tteben Kan flyttes med gaffeltruck Belastningskapacitet 1250 kg Godkendelser Bygningsmyndighedens godkendelse (DIBt) Klassificering af v\u00e6sker, der er farlige for vandmilj\u00f8et akut, kronisk GHS 1, kronisk GHS 2, kronisk GHS 3, kronisk GHS [&hellip;]<\/p>\n","protected":false},"featured_media":102844,"template":"","meta":[],"product_brand":[],"product_cat":[3534],"product_tag":[],"class_list":{"0":"post-102836","1":"product","2":"type-product","3":"status-publish","4":"has-post-thumbnail","6":"product_cat-andre-maskiner-og-systemer","7":"pa_hersteller-denios","9":"first","10":"instock","11":"taxable","12":"shipping-taxable","13":"product-type-simple"},"jetpack_sharing_enabled":true,"_links":{"self":[{"href":"https:\/\/www.3p-gmbh.de\/da\/wp-json\/wp\/v2\/product\/102836","targetHints":{"allow":["GET"]}}],"collection":[{"href":"https:\/\/www.3p-gmbh.de\/da\/wp-json\/wp\/v2\/product"}],"about":[{"href":"https:\/\/www.3p-gmbh.de\/da\/wp-json\/wp\/v2\/types\/product"}],"wp:featuredmedia":[{"embeddable":true,"href":"https:\/\/www.3p-gmbh.de\/da\/wp-json\/wp\/v2\/media\/102844"}],"wp:attachment":[{"href":"https:\/\/www.3p-gmbh.de\/da\/wp-json\/wp\/v2\/media?parent=102836"}],"wp:term":[{"taxonomy":"product_brand","embeddable":true,"href":"https:\/\/www.3p-gmbh.de\/da\/wp-json\/wp\/v2\/product_brand?post=102836"},{"taxonomy":"product_cat","embeddable":true,"href":"https:\/\/www.3p-gmbh.de\/da\/wp-json\/wp\/v2\/product_cat?post=102836"},{"taxonomy":"product_tag","embeddable":true,"href":"https:\/\/www.3p-gmbh.de\/da\/wp-json\/wp\/v2\/product_tag?post=102836"}],"curies":[{"name":"wp","href":"https:\/\/api.w.org\/{rel}","templated":true}]}}