{"id":102802,"date":"2022-02-11T11:01:11","date_gmt":"2022-02-11T11:01:11","guid":{"rendered":"https:\/\/www.3p-gmbh.de\/produkt\/digitaltryk-brochureproduktion-ernst-nagel-foldnak-80\/"},"modified":"2022-02-11T11:01:11","modified_gmt":"2022-02-11T11:01:11","slug":"digitaltryk-brochureproduktion-ernst-nagel-foldnak-80","status":"publish","type":"product","link":"https:\/\/www.3p-gmbh.de\/da\/produkt\/digitaltryk-brochureproduktion-ernst-nagel-foldnak-80\/","title":{"rendered":"Digitaltryk brochureproduktion Ernst Nagel Foldnak 80"},"content":{"rendered":"<p><strong>Digitaltryk brochureproduktion Ernst Nagel Foldnak 80<\/strong><br \/>\n<strong>fra Bj. 2009<\/strong><\/p>\n<p><em>best\u00e5ende af<\/em><\/p>\n<p>Enkeltarkssuger Ernst Nagel Robo Feeder til indhold og konvolutter<br \/>\nErnst Nagel Foldnak 80 h\u00e6fte- og foldemaskine med to h\u00e6ftehoveder<br \/>\nForreste klippeaggregat Ernst Nagel Trimmer100<\/p>\n","protected":false},"excerpt":{"rendered":"<p>Digitaltryk brochureproduktion Ernst Nagel Foldnak 80 fra Bj. 2009 best\u00e5ende af Enkeltarkssuger Ernst Nagel Robo Feeder til indhold og konvolutter Ernst Nagel Foldnak 80 h\u00e6fte- og foldemaskine med to h\u00e6ftehoveder Forreste klippeaggregat Ernst Nagel Trimmer100<\/p>\n","protected":false},"featured_media":102805,"template":"","meta":[],"product_brand":[],"product_cat":[3444],"product_tag":[],"class_list":{"0":"post-102802","1":"product","2":"type-product","3":"status-publish","4":"has-post-thumbnail","6":"product_cat-systemer-til-produktion-af-brochurer","7":"pa_hersteller-ernst-nagel","8":"pa_typ-foldnak-80","10":"first","11":"instock","12":"taxable","13":"shipping-taxable","14":"product-type-simple"},"jetpack_sharing_enabled":true,"_links":{"self":[{"href":"https:\/\/www.3p-gmbh.de\/da\/wp-json\/wp\/v2\/product\/102802","targetHints":{"allow":["GET"]}}],"collection":[{"href":"https:\/\/www.3p-gmbh.de\/da\/wp-json\/wp\/v2\/product"}],"about":[{"href":"https:\/\/www.3p-gmbh.de\/da\/wp-json\/wp\/v2\/types\/product"}],"wp:featuredmedia":[{"embeddable":true,"href":"https:\/\/www.3p-gmbh.de\/da\/wp-json\/wp\/v2\/media\/102805"}],"wp:attachment":[{"href":"https:\/\/www.3p-gmbh.de\/da\/wp-json\/wp\/v2\/media?parent=102802"}],"wp:term":[{"taxonomy":"product_brand","embeddable":true,"href":"https:\/\/www.3p-gmbh.de\/da\/wp-json\/wp\/v2\/product_brand?post=102802"},{"taxonomy":"product_cat","embeddable":true,"href":"https:\/\/www.3p-gmbh.de\/da\/wp-json\/wp\/v2\/product_cat?post=102802"},{"taxonomy":"product_tag","embeddable":true,"href":"https:\/\/www.3p-gmbh.de\/da\/wp-json\/wp\/v2\/product_tag?post=102802"}],"curies":[{"name":"wp","href":"https:\/\/api.w.org\/{rel}","templated":true}]}}