{"id":102357,"date":"2022-08-02T14:39:27","date_gmt":"2022-08-02T14:39:27","guid":{"rendered":"https:\/\/www.3p-gmbh.de\/produkt\/spaendeplademappe-guk-fa-54-4-f-th-med-skindlevering-s-520-til-faerdigfoldede-produkter\/"},"modified":"2022-08-02T14:39:27","modified_gmt":"2022-08-02T14:39:27","slug":"spaendeplademappe-guk-fa-54-4-f-th-med-skindlevering-s-520-til-faerdigfoldede-produkter","status":"publish","type":"product","link":"https:\/\/www.3p-gmbh.de\/da\/produkt\/spaendeplademappe-guk-fa-54-4-f-th-med-skindlevering-s-520-til-faerdigfoldede-produkter\/","title":{"rendered":"Sp\u00e6ndeplademappe GUK FA 54-4-F-TH med skindlevering S-520 til f\u00e6rdigfoldede produkter"},"content":{"rendered":"<p><strong>Sp\u00e6ndeplademappe GUK FA 54-4-F-TH med skindlevering S-520 til f\u00e6rdigfoldede produkter<\/strong><br \/>\n<strong>fra 2002<\/strong><\/p>\n<p>Max. Format: 54 x 80 cm<br \/>\nMin format: 16 x 16 cm parallel fold<br \/>\nHastighed: 30-160 m\/min eller 40.000 ark<\/p>\n<p>Gremser FN-TH fladbunkef\u00f8der med bagkantseparator<br \/>\nForudindstillet t\u00e6ller S\u00fctron MCS-106<\/p>\n<p>Optisk inspektion af st\u00f8beforme<br \/>\n1 FW 4 lommer 54 cm nedstr\u00f8ms fr\u00e6seraksler<br \/>\nKontrol af skimmelbuer<br \/>\nSkurvogn S-520 (ikke vist)<\/p>\n<p>&nbsp;<\/p>\n","protected":false},"excerpt":{"rendered":"<p>Sp\u00e6ndeplademappe GUK FA 54-4-F-TH med skindlevering S-520 til f\u00e6rdigfoldede produkter fra 2002 Max. Format: 54 x 80 cm Min format: 16 x 16 cm parallel fold Hastighed: 30-160 m\/min eller 40.000 ark Gremser FN-TH fladbunkef\u00f8der med bagkantseparator Forudindstillet t\u00e6ller S\u00fctron MCS-106 Optisk inspektion af st\u00f8beforme 1 FW 4 lommer 54 cm nedstr\u00f8ms fr\u00e6seraksler Kontrol af [&hellip;]<\/p>\n","protected":false},"featured_media":102365,"template":"","meta":[],"product_brand":[],"product_cat":[3389],"product_tag":[],"class_list":{"0":"post-102357","1":"product","2":"type-product","3":"status-publish","4":"has-post-thumbnail","6":"product_cat-foldemaskiner","7":"pa_hersteller-grieser-kunzmann-guk","8":"pa_typ-fa-54-4-f-th","10":"first","11":"instock","12":"taxable","13":"shipping-taxable","14":"product-type-simple"},"jetpack_sharing_enabled":true,"_links":{"self":[{"href":"https:\/\/www.3p-gmbh.de\/da\/wp-json\/wp\/v2\/product\/102357","targetHints":{"allow":["GET"]}}],"collection":[{"href":"https:\/\/www.3p-gmbh.de\/da\/wp-json\/wp\/v2\/product"}],"about":[{"href":"https:\/\/www.3p-gmbh.de\/da\/wp-json\/wp\/v2\/types\/product"}],"wp:featuredmedia":[{"embeddable":true,"href":"https:\/\/www.3p-gmbh.de\/da\/wp-json\/wp\/v2\/media\/102365"}],"wp:attachment":[{"href":"https:\/\/www.3p-gmbh.de\/da\/wp-json\/wp\/v2\/media?parent=102357"}],"wp:term":[{"taxonomy":"product_brand","embeddable":true,"href":"https:\/\/www.3p-gmbh.de\/da\/wp-json\/wp\/v2\/product_brand?post=102357"},{"taxonomy":"product_cat","embeddable":true,"href":"https:\/\/www.3p-gmbh.de\/da\/wp-json\/wp\/v2\/product_cat?post=102357"},{"taxonomy":"product_tag","embeddable":true,"href":"https:\/\/www.3p-gmbh.de\/da\/wp-json\/wp\/v2\/product_tag?post=102357"}],"curies":[{"name":"wp","href":"https:\/\/api.w.org\/{rel}","templated":true}]}}