{"id":102271,"date":"2023-04-14T12:01:51","date_gmt":"2023-04-14T12:01:51","guid":{"rendered":"https:\/\/www.3p-gmbh.de\/produkt\/fire-klemmer-perfekt-ringbind-horizon-bq-440\/"},"modified":"2023-04-14T12:01:51","modified_gmt":"2023-04-14T12:01:51","slug":"fire-klemmer-perfekt-ringbind-horizon-bq-440","status":"publish","type":"product","link":"https:\/\/www.3p-gmbh.de\/da\/produkt\/fire-klemmer-perfekt-ringbind-horizon-bq-440\/","title":{"rendered":"Fire klemmer Perfekt ringbind Horizon BQ 440"},"content":{"rendered":"<p><strong>Fire klemmer Perfekt ringbind Horizon BQ 440<\/strong><br \/>\n<strong>\u00e5r 1995<\/strong><\/p>\n<p>i stand som ny<\/p>\n<p>lav bogdisk<\/p>\n<p>&#8211; 4 klemmer,<br \/>\n&#8211; Varm lim<br \/>\n&#8211; Hotmelt-limning p\u00e5 siden<br \/>\n&#8211; Omslagsfremf\u00f8rer med sugning og dobbeltarkregistrering<br \/>\n&#8211; Maks. st\u00f8rrelse 320 x 320 mm.<br \/>\n&#8211; Min. st\u00f8rrelse 110 x 145 mm<br \/>\n&#8211; Max. omslagsst\u00f8rrelse 320 x 580 mm.<br \/>\n&#8211; Min. omslagsst\u00f8rrelse 145 x 220 mm.<br \/>\n&#8211; Max. tykkelse 40 mm, Min. 1 mm.<\/p>\n<p>&nbsp;<\/p>\n","protected":false},"excerpt":{"rendered":"<p>Fire klemmer Perfekt ringbind Horizon BQ 440 \u00e5r 1995 i stand som ny lav bogdisk &#8211; 4 klemmer, &#8211; Varm lim &#8211; Hotmelt-limning p\u00e5 siden &#8211; Omslagsfremf\u00f8rer med sugning og dobbeltarkregistrering &#8211; Maks. st\u00f8rrelse 320 x 320 mm. &#8211; Min. st\u00f8rrelse 110 x 145 mm &#8211; Max. omslagsst\u00f8rrelse 320 x 580 mm. &#8211; Min. omslagsst\u00f8rrelse [&hellip;]<\/p>\n","protected":false},"featured_media":102272,"template":"","meta":[],"product_brand":[],"product_cat":[3525,3308],"product_tag":[],"class_list":{"0":"post-102271","1":"product","2":"type-product","3":"status-publish","4":"has-post-thumbnail","6":"product_cat-ikke-tildelt","7":"product_cat-maskiner-til-traadindbinding","8":"pa_hersteller-horizon","9":"pa_typ-bq-440","11":"first","12":"instock","13":"taxable","14":"shipping-taxable","15":"product-type-simple"},"jetpack_sharing_enabled":true,"_links":{"self":[{"href":"https:\/\/www.3p-gmbh.de\/da\/wp-json\/wp\/v2\/product\/102271","targetHints":{"allow":["GET"]}}],"collection":[{"href":"https:\/\/www.3p-gmbh.de\/da\/wp-json\/wp\/v2\/product"}],"about":[{"href":"https:\/\/www.3p-gmbh.de\/da\/wp-json\/wp\/v2\/types\/product"}],"wp:featuredmedia":[{"embeddable":true,"href":"https:\/\/www.3p-gmbh.de\/da\/wp-json\/wp\/v2\/media\/102272"}],"wp:attachment":[{"href":"https:\/\/www.3p-gmbh.de\/da\/wp-json\/wp\/v2\/media?parent=102271"}],"wp:term":[{"taxonomy":"product_brand","embeddable":true,"href":"https:\/\/www.3p-gmbh.de\/da\/wp-json\/wp\/v2\/product_brand?post=102271"},{"taxonomy":"product_cat","embeddable":true,"href":"https:\/\/www.3p-gmbh.de\/da\/wp-json\/wp\/v2\/product_cat?post=102271"},{"taxonomy":"product_tag","embeddable":true,"href":"https:\/\/www.3p-gmbh.de\/da\/wp-json\/wp\/v2\/product_tag?post=102271"}],"curies":[{"name":"wp","href":"https:\/\/api.w.org\/{rel}","templated":true}]}}