{"id":102205,"date":"2022-09-04T01:11:29","date_gmt":"2022-09-04T01:11:29","guid":{"rendered":"https:\/\/www.3p-gmbh.de\/produkt\/wohlenberg-konverteringssaet-til-hoejhastighedsskaerer-fra-monitorroerchassis-system-85-86-90-til-lcd-chassis\/"},"modified":"2022-09-04T01:11:29","modified_gmt":"2022-09-04T01:11:29","slug":"wohlenberg-konverteringssaet-til-hoejhastighedsskaerer-fra-monitorroerchassis-system-85-86-90-til-lcd-chassis","status":"publish","type":"product","link":"https:\/\/www.3p-gmbh.de\/da\/produkt\/wohlenberg-konverteringssaet-til-hoejhastighedsskaerer-fra-monitorroerchassis-system-85-86-90-til-lcd-chassis\/","title":{"rendered":"Wohlenberg konverteringss\u00e6t til h\u00f8jhastighedssk\u00e6rer fra monitorr\u00f8rchassis System 85\/86\/90 til LCD-chassis"},"content":{"rendered":"<p><strong>Wohlenberg konverteringss\u00e6t til h\u00f8jhastighedssk\u00e6rer fra monitorr\u00f8rchassis System 85\/86\/90 til LCD-chassis<\/strong><\/p>\n<p>F\u00f8lgende trin er n\u00f8dvendige for at konvertere til LCD:<br \/>\n1. Afmonter monitorens chassis<br \/>\n2. Fjern billedr\u00f8r og printplade (udluft r\u00f8ret ordentligt, smid det ud).<br \/>\n3. funktionstaster, alfa-tastatur bevares (hvis tilg\u00e6ngeligt)<br \/>\n4. Nyt LCD-chassis, l\u00f8sn m\u00f8trikkerne og l\u00f8ft rammen af.<br \/>\n5. Inds\u00e6t chassiset bagfra, fastg\u00f8r den forreste ramme, og skru den fast.<br \/>\n6. Fjern AMP-stikket fra CPU&#8217;en, skub kontakterne ud.<br \/>\n7. Indstil sp\u00e6ndingen p\u00e5 potentiometeret til 12 volt.<br \/>\n8. Tryk nye stifter ind i henhold til den vedlagte stifttildeling.<br \/>\n9. Klem krympekontakterne af p\u00e5 System 86\/90, og skub dem ind i pinheaderen.<br \/>\n10.S\u00e6t AMP-stikket i System 85 \/ pin-header til System 86<br \/>\n11.For System 86\/90 skal du afbryde sp\u00e6ndingen p\u00e5 koblingsstr\u00f8mforsyningen (bypass-terminaler).<br \/>\n12 LCD-sk\u00e6rmens indstillinger foretages ved hj\u00e6lp af tre knapper p\u00e5 printkortet<\/p>\n","protected":false},"excerpt":{"rendered":"<p>Wohlenberg konverteringss\u00e6t til h\u00f8jhastighedssk\u00e6rer fra monitorr\u00f8rchassis System 85\/86\/90 til LCD-chassis F\u00f8lgende trin er n\u00f8dvendige for at konvertere til LCD: 1. Afmonter monitorens chassis 2. Fjern billedr\u00f8r og printplade (udluft r\u00f8ret ordentligt, smid det ud). 3. funktionstaster, alfa-tastatur bevares (hvis tilg\u00e6ngeligt) 4. Nyt LCD-chassis, l\u00f8sn m\u00f8trikkerne og l\u00f8ft rammen af. 5. Inds\u00e6t chassiset bagfra, fastg\u00f8r den [&hellip;]<\/p>\n","protected":false},"featured_media":102206,"template":"","meta":[],"product_brand":[],"product_cat":[3305,3302],"product_tag":[],"class_list":{"0":"post-102205","1":"product","2":"type-product","3":"status-publish","4":"has-post-thumbnail","6":"product_cat-tilbehoer","7":"product_cat-skaeremaskiner","9":"first","10":"instock","11":"taxable","12":"shipping-taxable","13":"product-type-simple"},"jetpack_sharing_enabled":true,"_links":{"self":[{"href":"https:\/\/www.3p-gmbh.de\/da\/wp-json\/wp\/v2\/product\/102205","targetHints":{"allow":["GET"]}}],"collection":[{"href":"https:\/\/www.3p-gmbh.de\/da\/wp-json\/wp\/v2\/product"}],"about":[{"href":"https:\/\/www.3p-gmbh.de\/da\/wp-json\/wp\/v2\/types\/product"}],"wp:featuredmedia":[{"embeddable":true,"href":"https:\/\/www.3p-gmbh.de\/da\/wp-json\/wp\/v2\/media\/102206"}],"wp:attachment":[{"href":"https:\/\/www.3p-gmbh.de\/da\/wp-json\/wp\/v2\/media?parent=102205"}],"wp:term":[{"taxonomy":"product_brand","embeddable":true,"href":"https:\/\/www.3p-gmbh.de\/da\/wp-json\/wp\/v2\/product_brand?post=102205"},{"taxonomy":"product_cat","embeddable":true,"href":"https:\/\/www.3p-gmbh.de\/da\/wp-json\/wp\/v2\/product_cat?post=102205"},{"taxonomy":"product_tag","embeddable":true,"href":"https:\/\/www.3p-gmbh.de\/da\/wp-json\/wp\/v2\/product_tag?post=102205"}],"curies":[{"name":"wp","href":"https:\/\/api.w.org\/{rel}","templated":true}]}}