{"id":101989,"date":"2022-09-30T21:34:13","date_gmt":"2022-09-30T21:34:13","guid":{"rendered":"https:\/\/www.3p-gmbh.de\/produkt\/polar-eco-80-guillotine-stakskaerer-eller-papirskaerer\/"},"modified":"2022-09-30T21:34:13","modified_gmt":"2022-09-30T21:34:13","slug":"polar-eco-80-guillotine-stakskaerer-eller-papirskaerer","status":"publish","type":"product","link":"https:\/\/www.3p-gmbh.de\/da\/produkt\/polar-eco-80-guillotine-stakskaerer-eller-papirskaerer\/","title":{"rendered":"Polar Eco 80 guillotine, staksk\u00e6rer eller papirsk\u00e6rer"},"content":{"rendered":"<p><strong>Polar Eco 80 guillotine, staksk\u00e6rer eller papirsk\u00e6rer<\/strong><br \/>\n<strong>med hydraulisk drev og luftbord i rustfrit st\u00e5l<\/strong><br \/>\n<strong>fra 2012<\/strong><\/p>\n<p>Sk\u00e6rebredde 800 mm<br \/>\nIndf\u00f8ringsdybde 800 mm<br \/>\nMaks. indsatsh\u00f8jde 100 mm<\/p>\n<p>Ud over den ukomplicerede betjening s\u00e6tter maskinoperat\u00f8rerne pris p\u00e5 sk\u00e6remaskinens lange levetid.<br \/>\nDen s\u00e6rlige sk\u00e6repr\u00e6cision skyldes det robuste design og den direkte dimensionsm\u00e5ling.<\/p>\n<p>Maskinen betjenes via et ergonomisk indrettet kontrolpanel med et 5,5 monokromt display.<br \/>\nog et ekstra fladt tastatur.<br \/>\nTilbagevendende sk\u00e6resekvenser kan gemmes p\u00e5 en af de 198 tilg\u00e6ngelige hukommelsespladser.<br \/>\nog kan til enhver tid tilpasses<\/p>\n","protected":false},"excerpt":{"rendered":"<p>Polar Eco 80 guillotine, staksk\u00e6rer eller papirsk\u00e6rer med hydraulisk drev og luftbord i rustfrit st\u00e5l fra 2012 Sk\u00e6rebredde 800 mm Indf\u00f8ringsdybde 800 mm Maks. indsatsh\u00f8jde 100 mm Ud over den ukomplicerede betjening s\u00e6tter maskinoperat\u00f8rerne pris p\u00e5 sk\u00e6remaskinens lange levetid. Den s\u00e6rlige sk\u00e6repr\u00e6cision skyldes det robuste design og den direkte dimensionsm\u00e5ling. Maskinen betjenes via et ergonomisk [&hellip;]<\/p>\n","protected":false},"featured_media":101999,"template":"","meta":[],"product_brand":[],"product_cat":[3302],"product_tag":[],"class_list":{"0":"post-101989","1":"product","2":"type-product","3":"status-publish","4":"has-post-thumbnail","6":"product_cat-skaeremaskiner","7":"pa_hersteller-polar-mohr","8":"pa_typ-eco-80","10":"first","11":"instock","12":"taxable","13":"shipping-taxable","14":"product-type-simple"},"jetpack_sharing_enabled":true,"_links":{"self":[{"href":"https:\/\/www.3p-gmbh.de\/da\/wp-json\/wp\/v2\/product\/101989","targetHints":{"allow":["GET"]}}],"collection":[{"href":"https:\/\/www.3p-gmbh.de\/da\/wp-json\/wp\/v2\/product"}],"about":[{"href":"https:\/\/www.3p-gmbh.de\/da\/wp-json\/wp\/v2\/types\/product"}],"wp:featuredmedia":[{"embeddable":true,"href":"https:\/\/www.3p-gmbh.de\/da\/wp-json\/wp\/v2\/media\/101999"}],"wp:attachment":[{"href":"https:\/\/www.3p-gmbh.de\/da\/wp-json\/wp\/v2\/media?parent=101989"}],"wp:term":[{"taxonomy":"product_brand","embeddable":true,"href":"https:\/\/www.3p-gmbh.de\/da\/wp-json\/wp\/v2\/product_brand?post=101989"},{"taxonomy":"product_cat","embeddable":true,"href":"https:\/\/www.3p-gmbh.de\/da\/wp-json\/wp\/v2\/product_cat?post=101989"},{"taxonomy":"product_tag","embeddable":true,"href":"https:\/\/www.3p-gmbh.de\/da\/wp-json\/wp\/v2\/product_tag?post=101989"}],"curies":[{"name":"wp","href":"https:\/\/api.w.org\/{rel}","templated":true}]}}