{"id":101927,"date":"2022-09-30T21:40:44","date_gmt":"2022-09-30T21:40:44","guid":{"rendered":"https:\/\/www.3p-gmbh.de\/produkt\/hjoerneafrundingsmaskine-stansekniv-top-bund-radius-7mm\/"},"modified":"2022-09-30T21:40:44","modified_gmt":"2022-09-30T21:40:44","slug":"hjoerneafrundingsmaskine-stansekniv-top-bund-radius-7mm","status":"publish","type":"product","link":"https:\/\/www.3p-gmbh.de\/da\/produkt\/hjoerneafrundingsmaskine-stansekniv-top-bund-radius-7mm\/","title":{"rendered":"Hj\u00f8rneafrundingsmaskine Stansekniv top-bund radius 7mm"},"content":{"rendered":"<div><strong>til Karl Tr\u00e4nklein &#8211; Baier &#8211; Krause hj\u00f8rnesparksmaskine<\/strong><\/div>\n<div><\/div>\n<div>Stansekniv top-bund radius 7mm<\/div>\n<div><\/div>\n<div><em>Andre radier p\u00e5 foresp\u00f8rgsel<\/em><\/div>\n","protected":false},"excerpt":{"rendered":"<p>til Karl Tr\u00e4nklein &#8211; Baier &#8211; Krause hj\u00f8rnesparksmaskine Stansekniv top-bund radius 7mm Andre radier p\u00e5 foresp\u00f8rgsel<\/p>\n","protected":false},"featured_media":101928,"template":"","meta":[],"product_brand":[],"product_cat":[3299,3300],"product_tag":[],"class_list":{"0":"post-101927","1":"product","2":"type-product","3":"status-publish","4":"has-post-thumbnail","6":"product_cat-sortiment-bogbinding","7":"product_cat-stansning","8":"pa_hersteller-baier","9":"pa_hersteller-karl-traenklein","10":"pa_hersteller-krause","12":"first","13":"instock","14":"taxable","15":"shipping-taxable","16":"product-type-simple"},"jetpack_sharing_enabled":true,"_links":{"self":[{"href":"https:\/\/www.3p-gmbh.de\/da\/wp-json\/wp\/v2\/product\/101927","targetHints":{"allow":["GET"]}}],"collection":[{"href":"https:\/\/www.3p-gmbh.de\/da\/wp-json\/wp\/v2\/product"}],"about":[{"href":"https:\/\/www.3p-gmbh.de\/da\/wp-json\/wp\/v2\/types\/product"}],"wp:featuredmedia":[{"embeddable":true,"href":"https:\/\/www.3p-gmbh.de\/da\/wp-json\/wp\/v2\/media\/101928"}],"wp:attachment":[{"href":"https:\/\/www.3p-gmbh.de\/da\/wp-json\/wp\/v2\/media?parent=101927"}],"wp:term":[{"taxonomy":"product_brand","embeddable":true,"href":"https:\/\/www.3p-gmbh.de\/da\/wp-json\/wp\/v2\/product_brand?post=101927"},{"taxonomy":"product_cat","embeddable":true,"href":"https:\/\/www.3p-gmbh.de\/da\/wp-json\/wp\/v2\/product_cat?post=101927"},{"taxonomy":"product_tag","embeddable":true,"href":"https:\/\/www.3p-gmbh.de\/da\/wp-json\/wp\/v2\/product_tag?post=101927"}],"curies":[{"name":"wp","href":"https:\/\/api.w.org\/{rel}","templated":true}]}}