{"id":101465,"date":"2023-03-19T23:12:51","date_gmt":"2023-03-19T23:12:51","guid":{"rendered":"https:\/\/www.3p-gmbh.de\/produkt\/muller-martini-kommerciel-lim-0506-0400-med-robatech-concept-b5-1-limpaafoering\/"},"modified":"2023-03-19T23:12:51","modified_gmt":"2023-03-19T23:12:51","slug":"muller-martini-kommerciel-lim-0506-0400-med-robatech-concept-b5-1-limpaafoering","status":"publish","type":"product","link":"https:\/\/www.3p-gmbh.de\/da\/produkt\/muller-martini-kommerciel-lim-0506-0400-med-robatech-concept-b5-1-limpaafoering\/","title":{"rendered":"Muller Martini kommerciel lim 0506.0400 med Robatech Concept B5-1 limp\u00e5f\u00f8ring"},"content":{"rendered":"<div><strong>Muller Martini kommerciel lim 0506.0400 med Robatech Concept B5-1 limp\u00e5f\u00f8ring<\/strong><\/div>\n<div>fra 5-2017<\/div>\n","protected":false},"excerpt":{"rendered":"<p>Muller Martini kommerciel lim 0506.0400 med Robatech Concept B5-1 limp\u00e5f\u00f8ring fra 5-2017<\/p>\n","protected":false},"featured_media":101467,"template":"","meta":[],"product_brand":[],"product_cat":[3305],"product_tag":[],"class_list":{"0":"post-101465","1":"product","2":"type-product","3":"status-publish","4":"has-post-thumbnail","6":"product_cat-tilbehoer","7":"pa_hersteller-mueller-martini","8":"pa_typ-0506-0400","10":"first","11":"instock","12":"taxable","13":"shipping-taxable","14":"product-type-simple"},"jetpack_sharing_enabled":true,"_links":{"self":[{"href":"https:\/\/www.3p-gmbh.de\/da\/wp-json\/wp\/v2\/product\/101465","targetHints":{"allow":["GET"]}}],"collection":[{"href":"https:\/\/www.3p-gmbh.de\/da\/wp-json\/wp\/v2\/product"}],"about":[{"href":"https:\/\/www.3p-gmbh.de\/da\/wp-json\/wp\/v2\/types\/product"}],"wp:featuredmedia":[{"embeddable":true,"href":"https:\/\/www.3p-gmbh.de\/da\/wp-json\/wp\/v2\/media\/101467"}],"wp:attachment":[{"href":"https:\/\/www.3p-gmbh.de\/da\/wp-json\/wp\/v2\/media?parent=101465"}],"wp:term":[{"taxonomy":"product_brand","embeddable":true,"href":"https:\/\/www.3p-gmbh.de\/da\/wp-json\/wp\/v2\/product_brand?post=101465"},{"taxonomy":"product_cat","embeddable":true,"href":"https:\/\/www.3p-gmbh.de\/da\/wp-json\/wp\/v2\/product_cat?post=101465"},{"taxonomy":"product_tag","embeddable":true,"href":"https:\/\/www.3p-gmbh.de\/da\/wp-json\/wp\/v2\/product_tag?post=101465"}],"curies":[{"name":"wp","href":"https:\/\/api.w.org\/{rel}","templated":true}]}}