{"id":101347,"date":"2023-03-19T23:35:04","date_gmt":"2023-03-19T23:35:04","guid":{"rendered":"https:\/\/www.3p-gmbh.de\/produkt\/ernst-nagel-rillnak-langsgaaende-perforeringsvaerktoej-med-skraber\/"},"modified":"2023-03-19T23:35:04","modified_gmt":"2023-03-19T23:35:04","slug":"ernst-nagel-rillnak-langsgaaende-perforeringsvaerktoej-med-skraber","status":"publish","type":"product","link":"https:\/\/www.3p-gmbh.de\/da\/produkt\/ernst-nagel-rillnak-langsgaaende-perforeringsvaerktoej-med-skraber\/","title":{"rendered":"Ernst Nagel Rillnak langsg\u00e5ende perforeringsv\u00e6rkt\u00f8j med skraber"},"content":{"rendered":"<p><strong>Ernst Nagel Rillnak langsg\u00e5ende perforeringsv\u00e6rkt\u00f8j med skraber<\/strong><\/p>\n","protected":false},"excerpt":{"rendered":"<p>Ernst Nagel Rillnak langsg\u00e5ende perforeringsv\u00e6rkt\u00f8j med skraber<\/p>\n","protected":false},"featured_media":101359,"template":"","meta":[],"product_brand":[],"product_cat":[3386],"product_tag":[],"class_list":{"0":"post-101347","1":"product","2":"type-product","3":"status-publish","4":"has-post-thumbnail","6":"product_cat-rille-og-perforeringsmaskiner","7":"pa_hersteller-ernst-nagel","9":"first","10":"instock","11":"taxable","12":"shipping-taxable","13":"product-type-simple"},"jetpack_sharing_enabled":true,"_links":{"self":[{"href":"https:\/\/www.3p-gmbh.de\/da\/wp-json\/wp\/v2\/product\/101347","targetHints":{"allow":["GET"]}}],"collection":[{"href":"https:\/\/www.3p-gmbh.de\/da\/wp-json\/wp\/v2\/product"}],"about":[{"href":"https:\/\/www.3p-gmbh.de\/da\/wp-json\/wp\/v2\/types\/product"}],"wp:featuredmedia":[{"embeddable":true,"href":"https:\/\/www.3p-gmbh.de\/da\/wp-json\/wp\/v2\/media\/101359"}],"wp:attachment":[{"href":"https:\/\/www.3p-gmbh.de\/da\/wp-json\/wp\/v2\/media?parent=101347"}],"wp:term":[{"taxonomy":"product_brand","embeddable":true,"href":"https:\/\/www.3p-gmbh.de\/da\/wp-json\/wp\/v2\/product_brand?post=101347"},{"taxonomy":"product_cat","embeddable":true,"href":"https:\/\/www.3p-gmbh.de\/da\/wp-json\/wp\/v2\/product_cat?post=101347"},{"taxonomy":"product_tag","embeddable":true,"href":"https:\/\/www.3p-gmbh.de\/da\/wp-json\/wp\/v2\/product_tag?post=101347"}],"curies":[{"name":"wp","href":"https:\/\/api.w.org\/{rel}","templated":true}]}}