{"id":101228,"date":"2023-03-19T23:39:57","date_gmt":"2023-03-19T23:39:57","guid":{"rendered":"https:\/\/www.3p-gmbh.de\/produkt\/resterende-lager-mosca-pp-omsnoeringspakke-omsnoering\/"},"modified":"2023-03-19T23:39:57","modified_gmt":"2023-03-19T23:39:57","slug":"resterende-lager-mosca-pp-omsnoeringspakke-omsnoering","status":"publish","type":"product","link":"https:\/\/www.3p-gmbh.de\/da\/produkt\/resterende-lager-mosca-pp-omsnoeringspakke-omsnoering\/","title":{"rendered":"Resterende lager Mosca PP omsn\u00f8ringspakke &#8211; omsn\u00f8ring"},"content":{"rendered":"<p><strong>Resterende lager Mosca PP omsn\u00f8ringspakke &#8211; omsn\u00f8ring<\/strong><\/p>\n","protected":false},"excerpt":{"rendered":"<p>Resterende lager Mosca PP omsn\u00f8ringspakke &#8211; omsn\u00f8ring<\/p>\n","protected":false},"featured_media":101231,"template":"","meta":[],"product_brand":[],"product_cat":[3521,3535],"product_tag":[],"class_list":{"0":"post-101228","1":"product","2":"type-product","3":"status-publish","4":"has-post-thumbnail","6":"product_cat-lager-og-resterende-lagre","7":"product_cat-omsnoeringsmaskiner","9":"first","10":"instock","11":"taxable","12":"shipping-taxable","13":"product-type-simple"},"jetpack_sharing_enabled":true,"_links":{"self":[{"href":"https:\/\/www.3p-gmbh.de\/da\/wp-json\/wp\/v2\/product\/101228","targetHints":{"allow":["GET"]}}],"collection":[{"href":"https:\/\/www.3p-gmbh.de\/da\/wp-json\/wp\/v2\/product"}],"about":[{"href":"https:\/\/www.3p-gmbh.de\/da\/wp-json\/wp\/v2\/types\/product"}],"wp:featuredmedia":[{"embeddable":true,"href":"https:\/\/www.3p-gmbh.de\/da\/wp-json\/wp\/v2\/media\/101231"}],"wp:attachment":[{"href":"https:\/\/www.3p-gmbh.de\/da\/wp-json\/wp\/v2\/media?parent=101228"}],"wp:term":[{"taxonomy":"product_brand","embeddable":true,"href":"https:\/\/www.3p-gmbh.de\/da\/wp-json\/wp\/v2\/product_brand?post=101228"},{"taxonomy":"product_cat","embeddable":true,"href":"https:\/\/www.3p-gmbh.de\/da\/wp-json\/wp\/v2\/product_cat?post=101228"},{"taxonomy":"product_tag","embeddable":true,"href":"https:\/\/www.3p-gmbh.de\/da\/wp-json\/wp\/v2\/product_tag?post=101228"}],"curies":[{"name":"wp","href":"https:\/\/api.w.org\/{rel}","templated":true}]}}