{"id":101030,"date":"2023-03-20T00:07:19","date_gmt":"2023-03-20T00:07:19","guid":{"rendered":"https:\/\/www.3p-gmbh.de\/produkt\/braetloefter-perfecta-wohlenberg-baumann-nu-sp-3-med-4-braedder-i-dag-model-baumann-bll\/"},"modified":"2023-03-20T00:07:19","modified_gmt":"2023-03-20T00:07:19","slug":"braetloefter-perfecta-wohlenberg-baumann-nu-sp-3-med-4-braedder-i-dag-model-baumann-bll","status":"publish","type":"product","link":"https:\/\/www.3p-gmbh.de\/da\/produkt\/braetloefter-perfecta-wohlenberg-baumann-nu-sp-3-med-4-braedder-i-dag-model-baumann-bll\/","title":{"rendered":"Br\u00e6tl\u00f8fter Perfecta Wohlenberg Baumann NU SP-3 med 4 br\u00e6dder ( i dag model Baumann BLL )"},"content":{"rendered":"<p><strong>Br\u00e6tl\u00f8fter Perfecta Wohlenberg Baumann NU SP-3 med 4 br\u00e6dder ( i dag model Baumann BLL )<\/strong><br \/>\n<strong>fra Bj. 2010<\/strong><\/p>\n<p>Format maks. 770 x 1070 mm<\/p>\n<p>Til buffering af rystede lag tjener systemet til at kompensere for de forskellige sk\u00e6re- og ryste-tider.<br \/>\nBr\u00e6dder adskiller de enkelte lag og fungerer ogs\u00e5 som et transportelement til at transportere laget.<br \/>\nPladerne placeres eller fjernes af operat\u00f8ren.<\/p>\n<p><em>Driftstilstande<br \/>\n<\/em>-Stacking<br \/>\n-Nedpakning<br \/>\n-Stak\u00e6ndring<\/p>\n<p><em>Hvordan bruges boardliftene?<\/em><\/p>\n<p>&#8211; som en in-line-l\u00f8sning<br \/>\nEnhederne er placeret mellem ryste- og sk\u00e6remaskinerne.<br \/>\nLagene kan rystes p\u00e5 forh\u00e5nd og derefter f\u00f8res ind i sk\u00e6remaskinen.<br \/>\nForrystede stakke kan ogs\u00e5 f\u00f8res ind, afstables og f\u00f8res til sk\u00e6remaskinen.<\/p>\n<p>&#8211; som en off-line l\u00f8sning<br \/>\nEfter rystning buffres lagene og stables ved hj\u00e6lp af pladel\u00f8fterne.<br \/>\nStablerne f\u00f8res til sk\u00e6remaskinen via pladel\u00f8fterne.<br \/>\nDet kan g\u00f8res automatisk via det bageste bord eller manuelt via det forreste bord.<\/p>\n","protected":false},"excerpt":{"rendered":"<p>Br\u00e6tl\u00f8fter Perfecta Wohlenberg Baumann NU SP-3 med 4 br\u00e6dder ( i dag model Baumann BLL ) fra Bj. 2010 Format maks. 770 x 1070 mm Til buffering af rystede lag tjener systemet til at kompensere for de forskellige sk\u00e6re- og ryste-tider. Br\u00e6dder adskiller de enkelte lag og fungerer ogs\u00e5 som et transportelement til at transportere [&hellip;]<\/p>\n","protected":false},"featured_media":101051,"template":"","meta":[],"product_brand":[],"product_cat":[3320],"product_tag":[],"class_list":{"0":"post-101030","1":"product","2":"type-product","3":"status-publish","4":"has-post-thumbnail","6":"product_cat-stableloeftere-og-stableloeftere","7":"pa_hersteller-baumann","8":"pa_hersteller-perfecta","9":"pa_hersteller-wohlenberg","10":"pa_typ-nu-sp-3","12":"first","13":"instock","14":"taxable","15":"shipping-taxable","16":"product-type-simple"},"jetpack_sharing_enabled":true,"_links":{"self":[{"href":"https:\/\/www.3p-gmbh.de\/da\/wp-json\/wp\/v2\/product\/101030","targetHints":{"allow":["GET"]}}],"collection":[{"href":"https:\/\/www.3p-gmbh.de\/da\/wp-json\/wp\/v2\/product"}],"about":[{"href":"https:\/\/www.3p-gmbh.de\/da\/wp-json\/wp\/v2\/types\/product"}],"wp:featuredmedia":[{"embeddable":true,"href":"https:\/\/www.3p-gmbh.de\/da\/wp-json\/wp\/v2\/media\/101051"}],"wp:attachment":[{"href":"https:\/\/www.3p-gmbh.de\/da\/wp-json\/wp\/v2\/media?parent=101030"}],"wp:term":[{"taxonomy":"product_brand","embeddable":true,"href":"https:\/\/www.3p-gmbh.de\/da\/wp-json\/wp\/v2\/product_brand?post=101030"},{"taxonomy":"product_cat","embeddable":true,"href":"https:\/\/www.3p-gmbh.de\/da\/wp-json\/wp\/v2\/product_cat?post=101030"},{"taxonomy":"product_tag","embeddable":true,"href":"https:\/\/www.3p-gmbh.de\/da\/wp-json\/wp\/v2\/product_tag?post=101030"}],"curies":[{"name":"wp","href":"https:\/\/api.w.org\/{rel}","templated":true}]}}