{"id":100843,"date":"2023-04-10T22:34:41","date_gmt":"2023-04-10T22:34:41","guid":{"rendered":"https:\/\/www.3p-gmbh.de\/produkt\/polar-mohr-stabellift-polar-lw-450\/"},"modified":"2023-04-10T22:34:41","modified_gmt":"2023-04-10T22:34:41","slug":"polar-mohr-stabellift-polar-lw-450","status":"publish","type":"product","link":"https:\/\/www.3p-gmbh.de\/da\/produkt\/polar-mohr-stabellift-polar-lw-450\/","title":{"rendered":"Polar Mohr stabellift Polar LW 450"},"content":{"rendered":"<p><strong>Polar Mohr stabellift Polar LW 450<\/strong><br \/>\n<strong>fra 1994<\/strong><\/p>\n<p>Ved automatisk at l\u00f8fte det materiale, der skal sk\u00e6res, kan operat\u00f8ren arbejde i en position, der er bekvem for ham.<br \/>\nergonomisk gunstig arbejdsh\u00f8jde materialet ind i den automatiske jogger eller direkte ind i<br \/>\nL\u00e6g maskinen i.<br \/>\nMen stabelliften kan ogs\u00e5 bruges til at afstable afsk\u00e5rne varer.<\/p>\n<p>Stabelbare lifte beh\u00f8ver ikke at v\u00e6re forankret i gulvet og kan derfor nemt flyttes.<br \/>\nDe er udstyret med trinl\u00f8st justerbare reflekslysbarrierer til automatisk l\u00f8ft eller s\u00e6nkning.<\/p>\n<p>Tekniske data<br \/>\nBakke (indvendige m\u00e5l) cm 62 x 90<br \/>\nSlagl\u00e6ngde op til cm 85<br \/>\nH\u00f8jde (med maks. slagl\u00e6ngde) cm 150 (196)<br \/>\nMaks. belastningskapacitet kg 450<\/p>\n","protected":false},"excerpt":{"rendered":"<p>Polar Mohr stabellift Polar LW 450 fra 1994 Ved automatisk at l\u00f8fte det materiale, der skal sk\u00e6res, kan operat\u00f8ren arbejde i en position, der er bekvem for ham. ergonomisk gunstig arbejdsh\u00f8jde materialet ind i den automatiske jogger eller direkte ind i L\u00e6g maskinen i. Men stabelliften kan ogs\u00e5 bruges til at afstable afsk\u00e5rne varer. Stabelbare [&hellip;]<\/p>\n","protected":false},"featured_media":100851,"template":"","meta":[],"product_brand":[],"product_cat":[3320],"product_tag":[],"class_list":{"0":"post-100843","1":"product","2":"type-product","3":"status-publish","4":"has-post-thumbnail","6":"product_cat-stableloeftere-og-stableloeftere","7":"pa_hersteller-polar-mohr","8":"pa_typ-lw-450","10":"first","11":"instock","12":"taxable","13":"shipping-taxable","14":"product-type-simple"},"jetpack_sharing_enabled":true,"_links":{"self":[{"href":"https:\/\/www.3p-gmbh.de\/da\/wp-json\/wp\/v2\/product\/100843","targetHints":{"allow":["GET"]}}],"collection":[{"href":"https:\/\/www.3p-gmbh.de\/da\/wp-json\/wp\/v2\/product"}],"about":[{"href":"https:\/\/www.3p-gmbh.de\/da\/wp-json\/wp\/v2\/types\/product"}],"wp:featuredmedia":[{"embeddable":true,"href":"https:\/\/www.3p-gmbh.de\/da\/wp-json\/wp\/v2\/media\/100851"}],"wp:attachment":[{"href":"https:\/\/www.3p-gmbh.de\/da\/wp-json\/wp\/v2\/media?parent=100843"}],"wp:term":[{"taxonomy":"product_brand","embeddable":true,"href":"https:\/\/www.3p-gmbh.de\/da\/wp-json\/wp\/v2\/product_brand?post=100843"},{"taxonomy":"product_cat","embeddable":true,"href":"https:\/\/www.3p-gmbh.de\/da\/wp-json\/wp\/v2\/product_cat?post=100843"},{"taxonomy":"product_tag","embeddable":true,"href":"https:\/\/www.3p-gmbh.de\/da\/wp-json\/wp\/v2\/product_tag?post=100843"}],"curies":[{"name":"wp","href":"https:\/\/api.w.org\/{rel}","templated":true}]}}