{"id":100712,"date":"2023-04-19T09:39:37","date_gmt":"2023-04-19T09:39:37","guid":{"rendered":"https:\/\/www.3p-gmbh.de\/produkt\/ernst-nagel-digi-rillnak-bordmodel\/"},"modified":"2023-04-19T09:39:37","modified_gmt":"2023-04-19T09:39:37","slug":"ernst-nagel-digi-rillnak-bordmodel","status":"publish","type":"product","link":"https:\/\/www.3p-gmbh.de\/da\/produkt\/ernst-nagel-digi-rillnak-bordmodel\/","title":{"rendered":"Ernst NAGEL Digi Rillnak &#8211; bordmodel"},"content":{"rendered":"<p><strong>Ernst NAGEL Digi-Rillnak<\/strong><br \/>\n<strong>Programmerbare rilleafstande med manuelt system<\/strong><\/p>\n<p>Digi-Rillnak riller de samme formater som den velkendte Auto-Rillnak, men &#8220;fodres&#8221; manuelt.<br \/>\nSom alle Rillnak-modeller behandler Digi-Rillnak materialet &#8220;med den gennempr\u00f8vede teknologi med rillestr\u00e5le mod rillerille&#8221;.<br \/>\nMaterialet presses forsigtigt sammen under foldningsprocessen, hvilket forhindrer, at trykfarven skaller af, eller at materialet rives i stykker under foldningen.<br \/>\nDigi-Rillnak er alsidig, har et perforeringsv\u00e6rkt\u00f8j som standard og kan betjenes nemt og meget hurtigt ved hj\u00e6lp af et joystick sammen med et tydeligt display.<\/p>\n<p><em><strong>Tekniske data<\/strong><\/em><br \/>\nAnbefalet papirv\u00e6gt: 70 &#8211; 350 g\/m\u00b2<br \/>\nProgramhukommelse: 9<br \/>\nRiller pr. ark: maks. 9<br \/>\nPapirst\u00f8rrelse: maks. 630 x 330, min. 140 x 140 mm<br \/>\nHastighed (ark\/time): op til 4.000<br \/>\nMin. Rilleafstand 4 mm (fra arkets forkant 25 mm, fra arkets bagkant 20 mm)<br \/>\nTilbeh\u00f8r til perforeringsknive<br \/>\nvalgfrit: perforator 96\/56\/28\/20 t\u00e6nder<br \/>\nvalgfrit: stativ<br \/>\nL x H x B (mm) 800 x 500 x 500<br \/>\nV\u00e6gt netto\/emballeret (kg): 55\/80<br \/>\nStr\u00f8mforsyning: 240 V\/ 50 Hz<\/p>\n","protected":false},"excerpt":{"rendered":"<p>Ernst NAGEL Digi-Rillnak Programmerbare rilleafstande med manuelt system Digi-Rillnak riller de samme formater som den velkendte Auto-Rillnak, men &#8220;fodres&#8221; manuelt. Som alle Rillnak-modeller behandler Digi-Rillnak materialet &#8220;med den gennempr\u00f8vede teknologi med rillestr\u00e5le mod rillerille&#8221;. Materialet presses forsigtigt sammen under foldningsprocessen, hvilket forhindrer, at trykfarven skaller af, eller at materialet rives i stykker under foldningen. Digi-Rillnak [&hellip;]<\/p>\n","protected":false},"featured_media":100713,"template":"","meta":[],"product_brand":[],"product_cat":[3386],"product_tag":[],"class_list":{"0":"post-100712","1":"product","2":"type-product","3":"status-publish","4":"has-post-thumbnail","6":"product_cat-rille-og-perforeringsmaskiner","7":"pa_hersteller-ernst-nagel","8":"pa_typ-digi-rillnak","10":"first","11":"instock","12":"taxable","13":"shipping-taxable","14":"product-type-simple"},"jetpack_sharing_enabled":true,"_links":{"self":[{"href":"https:\/\/www.3p-gmbh.de\/da\/wp-json\/wp\/v2\/product\/100712","targetHints":{"allow":["GET"]}}],"collection":[{"href":"https:\/\/www.3p-gmbh.de\/da\/wp-json\/wp\/v2\/product"}],"about":[{"href":"https:\/\/www.3p-gmbh.de\/da\/wp-json\/wp\/v2\/types\/product"}],"wp:featuredmedia":[{"embeddable":true,"href":"https:\/\/www.3p-gmbh.de\/da\/wp-json\/wp\/v2\/media\/100713"}],"wp:attachment":[{"href":"https:\/\/www.3p-gmbh.de\/da\/wp-json\/wp\/v2\/media?parent=100712"}],"wp:term":[{"taxonomy":"product_brand","embeddable":true,"href":"https:\/\/www.3p-gmbh.de\/da\/wp-json\/wp\/v2\/product_brand?post=100712"},{"taxonomy":"product_cat","embeddable":true,"href":"https:\/\/www.3p-gmbh.de\/da\/wp-json\/wp\/v2\/product_cat?post=100712"},{"taxonomy":"product_tag","embeddable":true,"href":"https:\/\/www.3p-gmbh.de\/da\/wp-json\/wp\/v2\/product_tag?post=100712"}],"curies":[{"name":"wp","href":"https:\/\/api.w.org\/{rel}","templated":true}]}}