{"id":100648,"date":"2023-04-21T14:08:21","date_gmt":"2023-04-21T14:08:21","guid":{"rendered":"https:\/\/www.3p-gmbh.de\/produkt\/duerselen-corta-boreunderlagstape-groen\/"},"modified":"2023-04-21T14:08:21","modified_gmt":"2023-04-21T14:08:21","slug":"duerselen-corta-boreunderlagstape-groen","status":"publish","type":"product","link":"https:\/\/www.3p-gmbh.de\/da\/produkt\/duerselen-corta-boreunderlagstape-groen\/","title":{"rendered":"D\u00fcrselen Corta boreunderlagstape gr\u00f8n"},"content":{"rendered":"<p><strong>D\u00fcrselen Corta boreunderlagstape gr\u00f8n<\/strong><\/p>\n","protected":false},"excerpt":{"rendered":"<p>D\u00fcrselen Corta boreunderlagstape gr\u00f8n<\/p>\n","protected":false},"featured_media":100649,"template":"","meta":[],"product_brand":[],"product_cat":[3313],"product_tag":[],"class_list":{"0":"post-100648","1":"product","2":"type-product","3":"status-publish","4":"has-post-thumbnail","6":"product_cat-boremaskiner-til-papir","8":"first","9":"instock","10":"taxable","11":"shipping-taxable","12":"product-type-simple"},"jetpack_sharing_enabled":true,"_links":{"self":[{"href":"https:\/\/www.3p-gmbh.de\/da\/wp-json\/wp\/v2\/product\/100648","targetHints":{"allow":["GET"]}}],"collection":[{"href":"https:\/\/www.3p-gmbh.de\/da\/wp-json\/wp\/v2\/product"}],"about":[{"href":"https:\/\/www.3p-gmbh.de\/da\/wp-json\/wp\/v2\/types\/product"}],"wp:featuredmedia":[{"embeddable":true,"href":"https:\/\/www.3p-gmbh.de\/da\/wp-json\/wp\/v2\/media\/100649"}],"wp:attachment":[{"href":"https:\/\/www.3p-gmbh.de\/da\/wp-json\/wp\/v2\/media?parent=100648"}],"wp:term":[{"taxonomy":"product_brand","embeddable":true,"href":"https:\/\/www.3p-gmbh.de\/da\/wp-json\/wp\/v2\/product_brand?post=100648"},{"taxonomy":"product_cat","embeddable":true,"href":"https:\/\/www.3p-gmbh.de\/da\/wp-json\/wp\/v2\/product_cat?post=100648"},{"taxonomy":"product_tag","embeddable":true,"href":"https:\/\/www.3p-gmbh.de\/da\/wp-json\/wp\/v2\/product_tag?post=100648"}],"curies":[{"name":"wp","href":"https:\/\/api.w.org\/{rel}","templated":true}]}}