{"id":100627,"date":"2023-04-24T09:22:14","date_gmt":"2023-04-24T09:22:14","guid":{"rendered":"https:\/\/www.3p-gmbh.de\/produkt\/convac-vac-3000-cq-tonerstoevsuger\/"},"modified":"2023-04-24T09:22:14","modified_gmt":"2023-04-24T09:22:14","slug":"convac-vac-3000-cq-tonerstoevsuger","status":"publish","type":"product","link":"https:\/\/www.3p-gmbh.de\/da\/produkt\/convac-vac-3000-cq-tonerstoevsuger\/","title":{"rendered":"Convac VAC 3000 CQ tonerst\u00f8vsuger"},"content":{"rendered":"<p><strong>Convac VAC 3000 CQ tonerst\u00f8vsuger<\/strong><\/p>\n<p><em><strong>Leveringsomfang<\/strong><\/em><br \/>\nBrugt enhed med europ\u00e6isk stik<br \/>\nBuet snorkelstang, flad st\u00f8vb\u00f8rste og st\u00f8vfilterindsats<br \/>\nDen b\u00e6rbare Convac-h\u00e5ndst\u00f8vsuger til sm\u00e5 partikler har en t\u00f8rkapacitet p\u00e5 4,6 liter og en forsyningssp\u00e6nding p\u00e5 220 V AC til 240 V AC.<br \/>\nDette reng\u00f8ringsmiddel bruges hovedsageligt til husholdningsbrug.<br \/>\nFiltersystemet af h\u00f8j kvalitet har ledende materialer, der g\u00f8r apparatet sikkert og nemt at bruge.<br \/>\nDen indeholder et buet snorkelr\u00f8r, en flad st\u00f8vb\u00f8rste, en stor st\u00f8vb\u00f8rste og et snorkelr\u00f8r med bl\u00f8d b\u00f8rste.<\/p>\n<p><em><br \/>\n  <strong>Funktioner og fordele<br \/>\n<\/strong><br \/>\n<\/em>Den nominelle effekt er 800 W<br \/>\nType C Euro-stik<\/p>\n<p><em><br \/>\n  <strong>Anvendelsesomr\u00e5der<br \/>\n<\/strong><br \/>\n<\/em>Trykte kredsl\u00f8bskort<br \/>\nTastaturer<br \/>\nFotokopieringsmaskiner<br \/>\nPrinter<\/p>\n<p><em><br \/>\n  <strong>Certificeringer<br \/>\n<\/strong><br \/>\n<\/em>ANSI\/ESD S20.20:2014<br \/>\nBS EN 61340-5-1:2007<\/p>\n<p><em><strong>Tekniske data<\/strong><\/em><br \/>\nAnvendelse til sm\u00e5 partikler<br \/>\nForsyningssp\u00e6nding 220 \u2192 240V ac<br \/>\nMed\/uden pose: Posel\u00f8s<br \/>\nV\u00e5d\/t\u00f8r: T\u00f8r<br \/>\nT\u00f8rrekapacitet: 4,6 L Hepa-patron<br \/>\nEffekt: 800W<\/p>\n","protected":false},"excerpt":{"rendered":"<p>Convac VAC 3000 CQ tonerst\u00f8vsuger Leveringsomfang Brugt enhed med europ\u00e6isk stik Buet snorkelstang, flad st\u00f8vb\u00f8rste og st\u00f8vfilterindsats Den b\u00e6rbare Convac-h\u00e5ndst\u00f8vsuger til sm\u00e5 partikler har en t\u00f8rkapacitet p\u00e5 4,6 liter og en forsyningssp\u00e6nding p\u00e5 220 V AC til 240 V AC. Dette reng\u00f8ringsmiddel bruges hovedsageligt til husholdningsbrug. Filtersystemet af h\u00f8j kvalitet har ledende materialer, der g\u00f8r [&hellip;]<\/p>\n","protected":false},"featured_media":100628,"template":"","meta":[],"product_brand":[],"product_cat":[3310,3315],"product_tag":[],"class_list":{"0":"post-100627","1":"product","2":"type-product","3":"status-publish","4":"has-post-thumbnail","6":"product_cat-digital-udskrivning","7":"product_cat-vaerkstedsudstyr","8":"pa_hersteller-convac","9":"pa_typ-vac-3000-cq","11":"first","12":"instock","13":"taxable","14":"shipping-taxable","15":"product-type-simple"},"jetpack_sharing_enabled":true,"_links":{"self":[{"href":"https:\/\/www.3p-gmbh.de\/da\/wp-json\/wp\/v2\/product\/100627","targetHints":{"allow":["GET"]}}],"collection":[{"href":"https:\/\/www.3p-gmbh.de\/da\/wp-json\/wp\/v2\/product"}],"about":[{"href":"https:\/\/www.3p-gmbh.de\/da\/wp-json\/wp\/v2\/types\/product"}],"wp:featuredmedia":[{"embeddable":true,"href":"https:\/\/www.3p-gmbh.de\/da\/wp-json\/wp\/v2\/media\/100628"}],"wp:attachment":[{"href":"https:\/\/www.3p-gmbh.de\/da\/wp-json\/wp\/v2\/media?parent=100627"}],"wp:term":[{"taxonomy":"product_brand","embeddable":true,"href":"https:\/\/www.3p-gmbh.de\/da\/wp-json\/wp\/v2\/product_brand?post=100627"},{"taxonomy":"product_cat","embeddable":true,"href":"https:\/\/www.3p-gmbh.de\/da\/wp-json\/wp\/v2\/product_cat?post=100627"},{"taxonomy":"product_tag","embeddable":true,"href":"https:\/\/www.3p-gmbh.de\/da\/wp-json\/wp\/v2\/product_tag?post=100627"}],"curies":[{"name":"wp","href":"https:\/\/api.w.org\/{rel}","templated":true}]}}