{"id":100545,"date":"2023-04-21T14:28:30","date_gmt":"2023-04-21T14:28:30","guid":{"rendered":"https:\/\/www.3p-gmbh.de\/produkt\/krause-hjoerne-rundstans-graa\/"},"modified":"2023-04-21T14:28:30","modified_gmt":"2023-04-21T14:28:30","slug":"krause-hjoerne-rundstans-graa","status":"publish","type":"product","link":"https:\/\/www.3p-gmbh.de\/da\/produkt\/krause-hjoerne-rundstans-graa\/","title":{"rendered":"Krause hj\u00f8rne rundstans gr\u00e5"},"content":{"rendered":"<p><strong>Krause hj\u00f8rne rundstans gr\u00e5<\/strong><\/p>\n","protected":false},"excerpt":{"rendered":"<p>Krause hj\u00f8rne rundstans gr\u00e5<\/p>\n","protected":false},"featured_media":100558,"template":"","meta":[],"product_brand":[],"product_cat":[3300],"product_tag":[],"class_list":{"0":"post-100545","1":"product","2":"type-product","3":"status-publish","4":"has-post-thumbnail","6":"product_cat-stansning","7":"pa_hersteller-krause","9":"first","10":"instock","11":"taxable","12":"shipping-taxable","13":"product-type-simple"},"jetpack_sharing_enabled":true,"_links":{"self":[{"href":"https:\/\/www.3p-gmbh.de\/da\/wp-json\/wp\/v2\/product\/100545","targetHints":{"allow":["GET"]}}],"collection":[{"href":"https:\/\/www.3p-gmbh.de\/da\/wp-json\/wp\/v2\/product"}],"about":[{"href":"https:\/\/www.3p-gmbh.de\/da\/wp-json\/wp\/v2\/types\/product"}],"wp:featuredmedia":[{"embeddable":true,"href":"https:\/\/www.3p-gmbh.de\/da\/wp-json\/wp\/v2\/media\/100558"}],"wp:attachment":[{"href":"https:\/\/www.3p-gmbh.de\/da\/wp-json\/wp\/v2\/media?parent=100545"}],"wp:term":[{"taxonomy":"product_brand","embeddable":true,"href":"https:\/\/www.3p-gmbh.de\/da\/wp-json\/wp\/v2\/product_brand?post=100545"},{"taxonomy":"product_cat","embeddable":true,"href":"https:\/\/www.3p-gmbh.de\/da\/wp-json\/wp\/v2\/product_cat?post=100545"},{"taxonomy":"product_tag","embeddable":true,"href":"https:\/\/www.3p-gmbh.de\/da\/wp-json\/wp\/v2\/product_tag?post=100545"}],"curies":[{"name":"wp","href":"https:\/\/api.w.org\/{rel}","templated":true}]}}