{"id":100510,"date":"2023-06-13T23:07:24","date_gmt":"2023-06-13T23:07:24","guid":{"rendered":"https:\/\/www.3p-gmbh.de\/produkt\/mobil-firefoldsenhed-heidelberg-stahlfolder-vf-66\/"},"modified":"2023-06-13T23:07:24","modified_gmt":"2023-06-13T23:07:24","slug":"mobil-firefoldsenhed-heidelberg-stahlfolder-vf-66","status":"publish","type":"product","link":"https:\/\/www.3p-gmbh.de\/da\/produkt\/mobil-firefoldsenhed-heidelberg-stahlfolder-vf-66\/","title":{"rendered":"mobil firefoldsenhed Heidelberg Stahlfolder VF-66"},"content":{"rendered":"<p><strong>mobil firefoldsenhed Heidelberg Stahlfolder VF-66<\/strong><br \/>\n<strong>Bygge\u00e5r omkring 2008<br \/>\n<\/strong><br \/>\nMCT-kontrolenhed<br \/>\nSv\u00e6rdl\u00e6ngde 660 mm<br \/>\n\u00d8verste position for centerboard<br \/>\nIndl\u00f8bsh\u00f8jde 5095 cm<br \/>\nmax. Format B 560x L 660cm<br \/>\nmin. Format B 15x L 10 cm<br \/>\nDet er ofte n\u00f8dvendigt med en ekstra foldestation i bogbinderiet,<br \/>\nfor at udf\u00f8re et ekstra krydsbrud.<br \/>\nVF 66-firefoldsenheden er ideel til dette.<br \/>\nDet skyldes, at dens eget drev og h\u00f8jdejustering g\u00f8r den mobil og fleksibel at bruge.<br \/>\nDu kan ogs\u00e5 forarbejde limede og foldede eller forseglede ark til slutprodukter med VF 66.<br \/>\nDe (valgfrie) nedstr\u00f8ms sk\u00e6reaksler<br \/>\ngiver dig ogs\u00e5 mulighed for at udf\u00f8re hoved- og fodtrimning.<\/p>\n","protected":false},"excerpt":{"rendered":"<p>mobil firefoldsenhed Heidelberg Stahlfolder VF-66 Bygge\u00e5r omkring 2008 MCT-kontrolenhed Sv\u00e6rdl\u00e6ngde 660 mm \u00d8verste position for centerboard Indl\u00f8bsh\u00f8jde 5095 cm max. Format B 560x L 660cm min. Format B 15x L 10 cm Det er ofte n\u00f8dvendigt med en ekstra foldestation i bogbinderiet, for at udf\u00f8re et ekstra krydsbrud. VF 66-firefoldsenheden er ideel til dette. Det [&hellip;]<\/p>\n","protected":false},"featured_media":100511,"template":"","meta":[],"product_brand":[],"product_cat":[3325],"product_tag":[],"class_list":{"0":"post-100510","1":"product","2":"type-product","3":"status-publish","4":"has-post-thumbnail","6":"product_cat-sammenklappelige-enheder","7":"pa_hersteller-heidelberg","8":"pa_typ-vf-66","10":"first","11":"instock","12":"taxable","13":"shipping-taxable","14":"product-type-simple"},"jetpack_sharing_enabled":true,"_links":{"self":[{"href":"https:\/\/www.3p-gmbh.de\/da\/wp-json\/wp\/v2\/product\/100510","targetHints":{"allow":["GET"]}}],"collection":[{"href":"https:\/\/www.3p-gmbh.de\/da\/wp-json\/wp\/v2\/product"}],"about":[{"href":"https:\/\/www.3p-gmbh.de\/da\/wp-json\/wp\/v2\/types\/product"}],"wp:featuredmedia":[{"embeddable":true,"href":"https:\/\/www.3p-gmbh.de\/da\/wp-json\/wp\/v2\/media\/100511"}],"wp:attachment":[{"href":"https:\/\/www.3p-gmbh.de\/da\/wp-json\/wp\/v2\/media?parent=100510"}],"wp:term":[{"taxonomy":"product_brand","embeddable":true,"href":"https:\/\/www.3p-gmbh.de\/da\/wp-json\/wp\/v2\/product_brand?post=100510"},{"taxonomy":"product_cat","embeddable":true,"href":"https:\/\/www.3p-gmbh.de\/da\/wp-json\/wp\/v2\/product_cat?post=100510"},{"taxonomy":"product_tag","embeddable":true,"href":"https:\/\/www.3p-gmbh.de\/da\/wp-json\/wp\/v2\/product_tag?post=100510"}],"curies":[{"name":"wp","href":"https:\/\/api.w.org\/{rel}","templated":true}]}}