{"id":100493,"date":"2023-06-13T23:21:52","date_gmt":"2023-06-13T23:21:52","guid":{"rendered":"https:\/\/www.3p-gmbh.de\/produkt\/universalstansemaskine-karl-traenklein-usm-900-med-specialvaerktoej-til-stansning-af-pap\/"},"modified":"2023-12-21T08:17:17","modified_gmt":"2023-12-21T08:17:17","slug":"universalstansemaskine-karl-traenklein-usm-900-med-specialvaerktoej-til-stansning-af-pap","status":"publish","type":"product","link":"https:\/\/www.3p-gmbh.de\/da\/produkt\/universalstansemaskine-karl-traenklein-usm-900-med-specialvaerktoej-til-stansning-af-pap\/","title":{"rendered":"Universalstansemaskine Karl Tr\u00e4nklein USM 900 med specialv\u00e6rkt\u00f8j til stansning af pap"},"content":{"rendered":"<p><strong>Universalstansemaskine Karl Tr\u00e4nklein USM 900 med specialv\u00e6rkt\u00f8j til stansning af pap<\/strong><\/p>\n<p>er velegnet til stansning af papir, pap, plast osv.<br \/>\nDen kan udstyres med mange let udskiftelige stansev\u00e6rkt\u00f8jer til en bred vifte af stanseopgaver.<br \/>\nStansemaskinens design best\u00e5r af tre hoveddele: Grundramme, v\u00e6rkt\u00f8jssl\u00e6de og st\u00f8ttebord.<br \/>\nSlagl\u00e6ngden udl\u00f8ses af en elektrisk fodkontakt, og maskinens slagl\u00e6ngde kan justeres afh\u00e6ngigt af v\u00e6rkt\u00f8jets form og stansematerialet. Affald, der produceres under stansningen, falder ned ad siderne via to slisker og kan opsamles i beholdere.<\/p>\n<ul>\n<li>til stansning af papir, pap og plast med over- og underklinge<\/li>\n<li>elektrisk udstyr: gearbremsemotor 400 Volt, 3 Ph, 50 Hz, 1,5 kW<\/li>\n<li>Stablingsh\u00f8jde maks. 80 mm<\/li>\n<li>Slagl\u00e6ngde maks. 100 mm<\/li>\n<li>Bordst\u00f8rrelse 900 x 480 mm<\/li>\n<li>Pladsbehov 100 x 95 x 140 cm<\/li>\n<li>Nettov\u00e6gt 350 kg<\/li>\n<\/ul>\n<div style=\"width: 640px;\" class=\"wp-video\"><video class=\"wp-video-shortcode\" id=\"video-100493-1\" width=\"640\" height=\"352\" preload=\"metadata\" controls=\"controls\"><source type=\"video\/mp4\" src=\"https:\/\/www.3p-gmbh.de\/wp-content\/uploads\/2023\/06\/Karl-Traenklein-USM-900-1.mp4?_=1\" \/><a href=\"https:\/\/www.3p-gmbh.de\/wp-content\/uploads\/2023\/06\/Karl-Traenklein-USM-900-1.mp4\">https:\/\/www.3p-gmbh.de\/wp-content\/uploads\/2023\/06\/Karl-Traenklein-USM-900-1.mp4<\/a><\/video><\/div>\n","protected":false},"excerpt":{"rendered":"<p>Universalstansemaskine Karl Tr\u00e4nklein USM 900 med specialv\u00e6rkt\u00f8j til stansning af pap er velegnet til stansning af papir, pap, plast osv. Den kan udstyres med mange let udskiftelige stansev\u00e6rkt\u00f8jer til en bred vifte af stanseopgaver. Stansemaskinens design best\u00e5r af tre hoveddele: Grundramme, v\u00e6rkt\u00f8jssl\u00e6de og st\u00f8ttebord. Slagl\u00e6ngden udl\u00f8ses af en elektrisk fodkontakt, og maskinens slagl\u00e6ngde kan justeres [&hellip;]<\/p>\n","protected":false},"featured_media":100495,"template":"","meta":[],"product_brand":[],"product_cat":[3300],"product_tag":[],"class_list":{"0":"post-100493","1":"product","2":"type-product","3":"status-publish","4":"has-post-thumbnail","6":"product_cat-stansning","7":"pa_hersteller-karl-traenklein","8":"pa_typ-usm-900","10":"first","11":"instock","12":"taxable","13":"shipping-taxable","14":"product-type-simple"},"jetpack_sharing_enabled":true,"_links":{"self":[{"href":"https:\/\/www.3p-gmbh.de\/da\/wp-json\/wp\/v2\/product\/100493","targetHints":{"allow":["GET"]}}],"collection":[{"href":"https:\/\/www.3p-gmbh.de\/da\/wp-json\/wp\/v2\/product"}],"about":[{"href":"https:\/\/www.3p-gmbh.de\/da\/wp-json\/wp\/v2\/types\/product"}],"wp:featuredmedia":[{"embeddable":true,"href":"https:\/\/www.3p-gmbh.de\/da\/wp-json\/wp\/v2\/media\/100495"}],"wp:attachment":[{"href":"https:\/\/www.3p-gmbh.de\/da\/wp-json\/wp\/v2\/media?parent=100493"}],"wp:term":[{"taxonomy":"product_brand","embeddable":true,"href":"https:\/\/www.3p-gmbh.de\/da\/wp-json\/wp\/v2\/product_brand?post=100493"},{"taxonomy":"product_cat","embeddable":true,"href":"https:\/\/www.3p-gmbh.de\/da\/wp-json\/wp\/v2\/product_cat?post=100493"},{"taxonomy":"product_tag","embeddable":true,"href":"https:\/\/www.3p-gmbh.de\/da\/wp-json\/wp\/v2\/product_tag?post=100493"}],"curies":[{"name":"wp","href":"https:\/\/api.w.org\/{rel}","templated":true}]}}