{"id":100446,"date":"2023-06-13T23:45:51","date_gmt":"2023-06-13T23:45:51","guid":{"rendered":"https:\/\/www.3p-gmbh.de\/produkt\/nagel-sp-plus-square-press-ernst-nagel-sp-plus-online\/"},"modified":"2023-06-13T23:45:51","modified_gmt":"2023-06-13T23:45:51","slug":"nagel-sp-plus-square-press-ernst-nagel-sp-plus-online","status":"publish","type":"product","link":"https:\/\/www.3p-gmbh.de\/da\/produkt\/nagel-sp-plus-square-press-ernst-nagel-sp-plus-online\/","title":{"rendered":"Nagel SP Plus Square Press &#8211; Ernst Nagel SP Plus online"},"content":{"rendered":"<p><strong>Nagel SP Plus Square Press &#8211; Ernst Nagel SP Plus online<\/strong><br \/>\n<strong>Brugt enhed<\/strong><\/p>\n<p>Den allerede h\u00e6ftede brochureryg f\u00e5r ved presning et udseende som en perfekt indbinding af h\u00f8j kvalitet.<\/p>\n<p>Din fordel:<br \/>\nRyggen p\u00e5 brochuren kan trykkes. Det er nemmere og pladsbesparende at stable, opbevare og pakke, og brochurerne springer ikke l\u00e6ngere op.<\/p>\n<p>SP Plus er ekstremt fleksibel at bruge:<br \/>\nOffline mobil i den videre behandling,<br \/>\nsom en online-version direkte bag Foldnak 8, Foldnak 80, Foldnak 100 som en hurtig og sikker inline-l\u00f8sning<\/p>\n<p>op til 30 ark (80 gram\/m2) pr. brochure i formater op til 350 mm x 250 mm.<br \/>\nMed en enkelt cyklus kan SP Plus Offline opn\u00e5 op til 1.200 i timen.<\/p>\n","protected":false},"excerpt":{"rendered":"<p>Nagel SP Plus Square Press &#8211; Ernst Nagel SP Plus online Brugt enhed Den allerede h\u00e6ftede brochureryg f\u00e5r ved presning et udseende som en perfekt indbinding af h\u00f8j kvalitet. Din fordel: Ryggen p\u00e5 brochuren kan trykkes. Det er nemmere og pladsbesparende at stable, opbevare og pakke, og brochurerne springer ikke l\u00e6ngere op. SP Plus er [&hellip;]<\/p>\n","protected":false},"featured_media":100447,"template":"","meta":[],"product_brand":[],"product_cat":[3444],"product_tag":[],"class_list":{"0":"post-100446","1":"product","2":"type-product","3":"status-publish","4":"has-post-thumbnail","6":"product_cat-systemer-til-produktion-af-brochurer","7":"pa_hersteller-ernst-nagel","8":"pa_typ-sp-plus","10":"first","11":"instock","12":"taxable","13":"shipping-taxable","14":"product-type-simple"},"jetpack_sharing_enabled":true,"_links":{"self":[{"href":"https:\/\/www.3p-gmbh.de\/da\/wp-json\/wp\/v2\/product\/100446","targetHints":{"allow":["GET"]}}],"collection":[{"href":"https:\/\/www.3p-gmbh.de\/da\/wp-json\/wp\/v2\/product"}],"about":[{"href":"https:\/\/www.3p-gmbh.de\/da\/wp-json\/wp\/v2\/types\/product"}],"wp:featuredmedia":[{"embeddable":true,"href":"https:\/\/www.3p-gmbh.de\/da\/wp-json\/wp\/v2\/media\/100447"}],"wp:attachment":[{"href":"https:\/\/www.3p-gmbh.de\/da\/wp-json\/wp\/v2\/media?parent=100446"}],"wp:term":[{"taxonomy":"product_brand","embeddable":true,"href":"https:\/\/www.3p-gmbh.de\/da\/wp-json\/wp\/v2\/product_brand?post=100446"},{"taxonomy":"product_cat","embeddable":true,"href":"https:\/\/www.3p-gmbh.de\/da\/wp-json\/wp\/v2\/product_cat?post=100446"},{"taxonomy":"product_tag","embeddable":true,"href":"https:\/\/www.3p-gmbh.de\/da\/wp-json\/wp\/v2\/product_tag?post=100446"}],"curies":[{"name":"wp","href":"https:\/\/api.w.org\/{rel}","templated":true}]}}