{"id":100249,"date":"2023-07-09T10:07:38","date_gmt":"2023-07-09T10:07:38","guid":{"rendered":"https:\/\/www.3p-gmbh.de\/produkt\/pallevender-hotung-pw-1\/"},"modified":"2023-07-09T10:07:38","modified_gmt":"2023-07-09T10:07:38","slug":"pallevender-hotung-pw-1","status":"publish","type":"product","link":"https:\/\/www.3p-gmbh.de\/da\/produkt\/pallevender-hotung-pw-1\/","title":{"rendered":"Pallevender Hotung PW 1"},"content":{"rendered":"<p><strong>Hotung pilevender PW 1<\/strong><br \/>\n<strong>Bygge\u00e5r 2000<br \/>\nSN 218-PW1  <\/strong><\/p>\n<p>Platform indvendig 127 x 83 cm<br \/>\nAlle maskinvogne og pallest\u00f8rrelser op til<br \/>\nEuro-palleformat: 120 x 80 cm<br \/>\nI l\u00e6ngderetningen: 142 x 102 cm<br \/>\nIndgangsh\u00f8jde til stabel: 133 cm<br \/>\nIndgangsh\u00f8jde for hjul: 100 cm<br \/>\nMinimumsstabel: 61 cm<br \/>\nL\u00f8ftekapacitet: 1000 kg<br \/>\nDrejetid: 2 x 40 sek.<br \/>\nEgenv\u00e6gt: 860 kg<br \/>\nStr\u00f8mforbrug: 1,5 KW\/16A<br \/>\nFodaftryk i hvile: 150 x 170 cm<br \/>\nRotation\/max. Vendekreds \u00d8 195 cm<br \/>\nFodaftryk i drift: 210 x 170 cm<br \/>\nSamlet h\u00f8jde med stabel: 176 cm<\/p>\n<p><em><strong>Fuldst\u00e6ndig rengjort og testet p\u00e5 v\u00e6rksted<\/strong><\/em><\/p>\n","protected":false},"excerpt":{"rendered":"<p>Hotung pilevender PW 1 Bygge\u00e5r 2000 SN 218-PW1 Platform indvendig 127 x 83 cm Alle maskinvogne og pallest\u00f8rrelser op til Euro-palleformat: 120 x 80 cm I l\u00e6ngderetningen: 142 x 102 cm Indgangsh\u00f8jde til stabel: 133 cm Indgangsh\u00f8jde for hjul: 100 cm Minimumsstabel: 61 cm L\u00f8ftekapacitet: 1000 kg Drejetid: 2 x 40 sek. Egenv\u00e6gt: 860 kg [&hellip;]<\/p>\n","protected":false},"featured_media":100250,"template":"","meta":[],"product_brand":[],"product_cat":[3309],"product_tag":[],"class_list":{"0":"post-100249","1":"product","2":"type-product","3":"status-publish","4":"has-post-thumbnail","6":"product_cat-stabelvender","7":"pa_hersteller-hotung","8":"pa_typ-pw1","10":"first","11":"instock","12":"taxable","13":"shipping-taxable","14":"product-type-simple"},"jetpack_sharing_enabled":true,"_links":{"self":[{"href":"https:\/\/www.3p-gmbh.de\/da\/wp-json\/wp\/v2\/product\/100249","targetHints":{"allow":["GET"]}}],"collection":[{"href":"https:\/\/www.3p-gmbh.de\/da\/wp-json\/wp\/v2\/product"}],"about":[{"href":"https:\/\/www.3p-gmbh.de\/da\/wp-json\/wp\/v2\/types\/product"}],"wp:featuredmedia":[{"embeddable":true,"href":"https:\/\/www.3p-gmbh.de\/da\/wp-json\/wp\/v2\/media\/100250"}],"wp:attachment":[{"href":"https:\/\/www.3p-gmbh.de\/da\/wp-json\/wp\/v2\/media?parent=100249"}],"wp:term":[{"taxonomy":"product_brand","embeddable":true,"href":"https:\/\/www.3p-gmbh.de\/da\/wp-json\/wp\/v2\/product_brand?post=100249"},{"taxonomy":"product_cat","embeddable":true,"href":"https:\/\/www.3p-gmbh.de\/da\/wp-json\/wp\/v2\/product_cat?post=100249"},{"taxonomy":"product_tag","embeddable":true,"href":"https:\/\/www.3p-gmbh.de\/da\/wp-json\/wp\/v2\/product_tag?post=100249"}],"curies":[{"name":"wp","href":"https:\/\/api.w.org\/{rel}","templated":true}]}}