{"id":100198,"date":"2023-01-31T22:47:46","date_gmt":"2023-01-31T22:47:46","guid":{"rendered":"https:\/\/www.3p-gmbh.de\/produkt\/stoejsvag-kompressor-jun-air-4-25-motoroliesmurt-med-trykreduktionsventil-junair\/"},"modified":"2023-01-31T22:47:46","modified_gmt":"2023-01-31T22:47:46","slug":"stoejsvag-kompressor-jun-air-4-25-motoroliesmurt-med-trykreduktionsventil-junair","status":"publish","type":"product","link":"https:\/\/www.3p-gmbh.de\/da\/produkt\/stoejsvag-kompressor-jun-air-4-25-motoroliesmurt-med-trykreduktionsventil-junair\/","title":{"rendered":"St\u00f8jsvag kompressor JUN-AIR 4-25 Motoroliesmurt med trykreduktionsventil JUNAIR"},"content":{"rendered":"<p><strong>St\u00f8jsvag kompressor JUN-AIR 4-25 Motoroliesmurt med trykreduktionsventil JUNAIR&#8221;<\/strong><br \/>\n<strong>fra 2007<\/strong><\/p>\n<p>De oliesmurte JUN-AIR-kompressorer er altid den optimale l\u00f8sning,<br \/>\nn\u00e5r der er brug for en lydl\u00f8s trykluftforsyning.<br \/>\nMed 45 dB(A) ligger lydstyrken et godt stykke under lydniveauet for en normal samtale.<br \/>\nLydl\u00f8s, vibrationsfri drift og det kompakte design muligg\u00f8r installation direkte p\u00e5 arbejdspladsen.<\/p>\n<p>Tekniske data:<br \/>\nmax. Tryk 18 bar<br \/>\nSugekapacitet 50 l\/min<br \/>\nEffektiv leveringshastighed: 32 l\/min ved 8 bar<br \/>\nLydstyrke 45 dB(A)<br \/>\nArbejdscyklus \/ pause 15 min. \/ 15 min.<br \/>\nAntal kompressorer 1<br \/>\nCylindre pr. kompressor 1<br \/>\nTryksat beholdervolumen 25 l<br \/>\nTilladt omgivelsestemperatur +1\u00b0C til +40\u00b0C<br \/>\nForsyningssp\u00e6nding 230 V, 50 Hz<br \/>\nMotoreffekt 0,34 kW<br \/>\nStr\u00f8mforbrug 2,9 A<br \/>\nIntegreret termisk beskyttelse<br \/>\nV\u00e6gt 29 kg<br \/>\nDimensioner (LxBxH) 378 x 378 x 555<\/p>\n","protected":false},"excerpt":{"rendered":"<p>St\u00f8jsvag kompressor JUN-AIR 4-25 Motoroliesmurt med trykreduktionsventil JUNAIR&#8221; fra 2007 De oliesmurte JUN-AIR-kompressorer er altid den optimale l\u00f8sning, n\u00e5r der er brug for en lydl\u00f8s trykluftforsyning. Med 45 dB(A) ligger lydstyrken et godt stykke under lydniveauet for en normal samtale. Lydl\u00f8s, vibrationsfri drift og det kompakte design muligg\u00f8r installation direkte p\u00e5 arbejdspladsen. Tekniske data: max. [&hellip;]<\/p>\n","protected":false},"featured_media":100199,"template":"","meta":[],"product_brand":[],"product_cat":[3334],"product_tag":[],"class_list":{"0":"post-100198","1":"product","2":"type-product","3":"status-publish","4":"has-post-thumbnail","6":"product_cat-kompressorer-og-vakuumpumper","7":"pa_hersteller-jun-air","8":"pa_typ-4-25","10":"first","11":"instock","12":"taxable","13":"shipping-taxable","14":"product-type-simple"},"jetpack_sharing_enabled":true,"_links":{"self":[{"href":"https:\/\/www.3p-gmbh.de\/da\/wp-json\/wp\/v2\/product\/100198","targetHints":{"allow":["GET"]}}],"collection":[{"href":"https:\/\/www.3p-gmbh.de\/da\/wp-json\/wp\/v2\/product"}],"about":[{"href":"https:\/\/www.3p-gmbh.de\/da\/wp-json\/wp\/v2\/types\/product"}],"wp:featuredmedia":[{"embeddable":true,"href":"https:\/\/www.3p-gmbh.de\/da\/wp-json\/wp\/v2\/media\/100199"}],"wp:attachment":[{"href":"https:\/\/www.3p-gmbh.de\/da\/wp-json\/wp\/v2\/media?parent=100198"}],"wp:term":[{"taxonomy":"product_brand","embeddable":true,"href":"https:\/\/www.3p-gmbh.de\/da\/wp-json\/wp\/v2\/product_brand?post=100198"},{"taxonomy":"product_cat","embeddable":true,"href":"https:\/\/www.3p-gmbh.de\/da\/wp-json\/wp\/v2\/product_cat?post=100198"},{"taxonomy":"product_tag","embeddable":true,"href":"https:\/\/www.3p-gmbh.de\/da\/wp-json\/wp\/v2\/product_tag?post=100198"}],"curies":[{"name":"wp","href":"https:\/\/api.w.org\/{rel}","templated":true}]}}