{"id":100184,"date":"2023-01-31T22:51:03","date_gmt":"2023-01-31T22:51:03","guid":{"rendered":"https:\/\/www.3p-gmbh.de\/produkt\/renz-wbs-340-manuel-lukkemaskine-til-traadkamindbinding\/"},"modified":"2023-01-31T22:51:03","modified_gmt":"2023-01-31T22:51:03","slug":"renz-wbs-340-manuel-lukkemaskine-til-traadkamindbinding","status":"publish","type":"product","link":"https:\/\/www.3p-gmbh.de\/da\/produkt\/renz-wbs-340-manuel-lukkemaskine-til-traadkamindbinding\/","title":{"rendered":"Renz WBS 340 manuel lukkemaskine til tr\u00e5dkamindbinding"},"content":{"rendered":"<p><strong>Renz WBS manuel lukkemaskine til tr\u00e5dkamindbinding<\/strong><\/p>\n<p>Renz WBS 340 med modulholder kan forbindes til DTP 340 M<br \/>\ntil et effektivt og pladsbesparende stanse- og indbindingssystem.<\/p>\n<p>Funktioner for ydeevne<\/p>\n<p>med modulholder som enkelt bindingsenhed<br \/>\nKan bruges til at lukke alle tr\u00e5ddiametre fra \u00f8 3\/16&#8243; &#8211; 1 1\/2&#8243; (5,5 &#8211; 38 mm) uanset stigning<br \/>\nOgs\u00e5 egnet til dobbeltl\u00e5se (2 x 360 mm) p\u00e5 grund af det \u00e5bne design<\/p>\n<p>Enkel fastg\u00f8relse til bordstansemaskinen DTP 340 M<br \/>\nKvalitet &#8220;Made in Germany&#8221;<\/p>\n","protected":false},"excerpt":{"rendered":"<p>Renz WBS manuel lukkemaskine til tr\u00e5dkamindbinding Renz WBS 340 med modulholder kan forbindes til DTP 340 M til et effektivt og pladsbesparende stanse- og indbindingssystem. Funktioner for ydeevne med modulholder som enkelt bindingsenhed Kan bruges til at lukke alle tr\u00e5ddiametre fra \u00f8 3\/16&#8243; &#8211; 1 1\/2&#8243; (5,5 &#8211; 38 mm) uanset stigning Ogs\u00e5 egnet til [&hellip;]<\/p>\n","protected":false},"featured_media":100187,"template":"","meta":[],"product_brand":[],"product_cat":[3308],"product_tag":[],"class_list":{"0":"post-100184","1":"product","2":"type-product","3":"status-publish","4":"has-post-thumbnail","6":"product_cat-maskiner-til-traadindbinding","7":"pa_hersteller-renz","8":"pa_typ-wbs-340","10":"first","11":"instock","12":"taxable","13":"shipping-taxable","14":"product-type-simple"},"jetpack_sharing_enabled":true,"_links":{"self":[{"href":"https:\/\/www.3p-gmbh.de\/da\/wp-json\/wp\/v2\/product\/100184","targetHints":{"allow":["GET"]}}],"collection":[{"href":"https:\/\/www.3p-gmbh.de\/da\/wp-json\/wp\/v2\/product"}],"about":[{"href":"https:\/\/www.3p-gmbh.de\/da\/wp-json\/wp\/v2\/types\/product"}],"wp:featuredmedia":[{"embeddable":true,"href":"https:\/\/www.3p-gmbh.de\/da\/wp-json\/wp\/v2\/media\/100187"}],"wp:attachment":[{"href":"https:\/\/www.3p-gmbh.de\/da\/wp-json\/wp\/v2\/media?parent=100184"}],"wp:term":[{"taxonomy":"product_brand","embeddable":true,"href":"https:\/\/www.3p-gmbh.de\/da\/wp-json\/wp\/v2\/product_brand?post=100184"},{"taxonomy":"product_cat","embeddable":true,"href":"https:\/\/www.3p-gmbh.de\/da\/wp-json\/wp\/v2\/product_cat?post=100184"},{"taxonomy":"product_tag","embeddable":true,"href":"https:\/\/www.3p-gmbh.de\/da\/wp-json\/wp\/v2\/product_tag?post=100184"}],"curies":[{"name":"wp","href":"https:\/\/api.w.org\/{rel}","templated":true}]}}