{"id":96953,"date":"2023-07-09T11:47:42","date_gmt":"2023-07-09T11:47:42","guid":{"rendered":"https:\/\/www.3p-gmbh.de\/produkt\/%d8%b7%d8%a7%d9%88%d9%84%d8%a7%d8%aa-%d9%87%d9%88%d8%a7%d8%a6%d9%8a%d8%a9-%d8%a8%d9%88%d9%84%d8%a7%d8%b1-%d9%85%d9%88%d9%87%d8%b1-%d9%85%d8%aa%d9%86%d9%88%d8%b9%d8%a9-%d8%aa%d8%ac%d9%85%d9%8a%d8%b9\/"},"modified":"2023-07-09T11:47:42","modified_gmt":"2023-07-09T11:47:42","slug":"%d8%b7%d8%a7%d9%88%d9%84%d8%a7%d8%aa-%d9%87%d9%88%d8%a7%d8%a6%d9%8a%d8%a9-%d8%a8%d9%88%d9%84%d8%a7%d8%b1-%d9%85%d9%88%d9%87%d8%b1-%d9%85%d8%aa%d9%86%d9%88%d8%b9%d8%a9-%d8%aa%d8%ac%d9%85%d9%8a%d8%b9","status":"publish","type":"product","link":"https:\/\/www.3p-gmbh.de\/ar\/produkt\/%d8%b7%d8%a7%d9%88%d9%84%d8%a7%d8%aa-%d9%87%d9%88%d8%a7%d8%a6%d9%8a%d8%a9-%d8%a8%d9%88%d9%84%d8%a7%d8%b1-%d9%85%d9%88%d9%87%d8%b1-%d9%85%d8%aa%d9%86%d9%88%d8%b9%d8%a9-%d8%aa%d8%ac%d9%85%d9%8a%d8%b9\/","title":{"rendered":"\u0637\u0627\u0648\u0644\u0627\u062a \u0647\u0648\u0627\u0626\u064a\u0629 \u0628\u0648\u0644\u0627\u0631 \u0645\u0648\u0647\u0631 \u0645\u062a\u0646\u0648\u0639\u0629 &#8211; \u062a\u062c\u0645\u064a\u0639 \u0637\u0627\u0648\u0644\u0627\u062a \u0627\u0644\u062a\u0639\u0628\u0626\u0629 &#8211; \u0637\u0627\u0648\u0644\u0627\u062a \u0627\u0644\u0633\u0631\u064a\u0631 \u0627\u0644\u0647\u0648\u0627\u0626\u064a"},"content":{"rendered":"<p><strong>\u0637\u0627\u0648\u0644\u0627\u062a \u0647\u0648\u0627\u0626\u064a\u0629 \u0628\u0648\u0644\u0627\u0631 \u0645\u0648\u0647\u0631 \u0645\u062a\u0646\u0648\u0639\u0629 &#8211; \u062a\u062c\u0645\u064a\u0639 \u0637\u0627\u0648\u0644\u0627\u062a \u0627\u0644\u062a\u0639\u0628\u0626\u0629 &#8211; \u0637\u0627\u0648\u0644\u0627\u062a \u0627\u0644\u0633\u0631\u064a\u0631 \u0627\u0644\u0647\u0648\u0627\u0626\u064a<\/strong><\/p>\n<p><strong>1 \u0637\u0627\u0648\u0644\u0629 \u0647\u0648\u0627\u0626\u064a\u0629 \u0628\u0648\u0644\u0627\u0631 \u0645\u0648\u0647\u0631 \u0645\u0642\u0627\u0633 100&#215;100 \u0633\u0645 (\u0628\u062f\u0648\u0646 \u0636\u0627\u063a\u0637)  <\/strong><br \/>\n\u0633\u0637\u062d \u0645\u0646 \u0627\u0644\u0641\u0648\u0644\u0627\u0630 \u0627\u0644\u0645\u0642\u0627\u0648\u0645 \u0644\u0644\u0635\u062f\u0623 \u0645\u0637\u0644\u064a \u0628\u0627\u0644\u0646\u064a\u0643\u0644<br \/>\n<em><strong>\u0645\u062a\u0627\u062d 2<\/strong><\/em><\/p>\n<p><strong>1 \u0637\u0627\u0648\u0644\u0629 \u0647\u0648\u0627\u0626\u064a\u0629 \u0628\u0648\u0644\u0627\u0631 \u0645\u0648\u0647\u0631 \u0645\u0642\u0627\u0633 75&#215;100 \u0633\u0645 (\u0628\u062f\u0648\u0646 \u0636\u0627\u063a\u0637)  <\/strong><br \/>\n\u0633\u0637\u062d \u0645\u0646 \u0627\u0644\u0641\u0648\u0644\u0627\u0630 \u0627\u0644\u0645\u0642\u0627\u0648\u0645 \u0644\u0644\u0635\u062f\u0623 \u0645\u0637\u0644\u064a \u0628\u0627\u0644\u0646\u064a\u0643\u0644<\/p>\n<p><strong>  1 \u0637\u0627\u0648\u0644\u0629 \u0647\u0648\u0627\u0626\u064a\u0629 \u0628\u0648\u0644\u0627\u0631 \u0645\u0648\u0647\u0631 \u0645\u0642\u0627\u0633 100&#215;100 \u0633\u0645 (\u0628\u062f\u0648\u0646 \u0636\u0627\u063a\u0637)  <\/strong><br \/>\n\u0633\u0637\u062d \u0631\u064a\u0633\u0648\u0641\u0627\u0644 \u0645\u0639 \u062a\u0648\u0642\u0641 \u062e\u0644\u0641\u064a<\/p>\n<p><strong>1 \u0642\u0637\u0639\u0629 \u0637\u0627\u0648\u0644\u0629 \u0628\u0648\u0644\u0627\u0631 \u0645\u0648\u0647\u0631 100\u00d7100 \u0633\u0645 \u0628\u062f\u0648\u0646 \u0641\u0648\u0647\u0627\u062a \u0647\u0648\u0627\u0621<\/strong><br \/>\n<em><strong>\u0645\u062a\u0627\u062d 2<\/strong><\/em><\/p>\n<p><strong>  1 \u0637\u0627\u0648\u0644\u0629 \u0647\u0648\u0627\u0626\u064a\u0629 \u0628\u0648\u0644\u0627\u0631 \u0645\u0648\u0647\u0631 \u0645\u0642\u0627\u0633 75&#215;100 \u0633\u0645 (\u0628\u062f\u0648\u0646 \u0636\u0627\u063a\u0637)  <\/strong><br \/>\n\u0633\u0637\u062d \u0631\u064a\u0633\u0648\u0641\u0627\u0644<\/p>\n<p><strong>  1 \u0642\u0637\u0639\u0629 \u0637\u0627\u0648\u0644\u0629 \u0647\u0648\u0627\u0626\u064a\u0629 \u0628\u0648\u0644\u0627\u0631 \u0645\u0648\u0647\u0631 \u0645\u0642\u0627\u0633 75 \u00d7 75 \u0633\u0645 (\u0628\u062f\u0648\u0646 \u0636\u0627\u063a\u0637)  <\/strong><br \/>\n\u0633\u0637\u062d \u0631\u064a\u0633\u0648\u0641\u0627\u0644<br \/>\n<strong>   <em>\u0645\u062a\u0627\u062d 2<\/em><\/strong><\/p>\n<p><strong>1 \u0637\u0627\u0648\u0644\u0629 \u0646\u0642\u0644 \u0647\u0648\u0627\u0621 POLAR Mohr\u060c \u0634\u0628\u0647 \u0645\u0646\u062d\u0631\u0641\u0629 100 \u00d7 98 \u00d7 24 \u00d7 100 \u0633\u0645 \u0645\u0639 2 \u0642\u062f\u0645<\/strong><br \/>\n<strong>  <em>\u0645\u062a\u0627\u062d 2<\/em><\/strong><\/p>\n<p><strong>  1 \u0637\u0627\u0648\u0644\u0629 \u0647\u0648\u0627\u0626\u064a\u0629 \u0628\u0648\u0644\u0627\u0631 \u0645\u0648\u0647\u0631 \u0645\u0642\u0627\u0633 50&#215;100 \u0633\u0645 (\u0628\u062f\u0648\u0646 \u0636\u0627\u063a\u0637)  <\/strong><br \/>\n\u0633\u0637\u062d \u0631\u064a\u0633\u0648\u0641\u0627\u0644 \u0645\u0639 \u062a\u0648\u0642\u0641 \u062e\u0644\u0641\u064a \u0648\u062d\u0645\u0627\u064a\u0629 \u0644\u0644\u0633\u0627\u0642<\/p>\n<p><em><strong>\u0644. \u0636\u0627\u063a\u0637 \u0648\u0633\u0627\u062f\u0629 \u0647\u0648\u0627\u0626\u064a\u0629 Rietschle CEV 3709<\/strong><\/em><br \/>\n\u0645\u0646\u0641\u0627\u062e \u0637\u0631\u062f \u0645\u0631\u0643\u0632\u064a \u0628\u062b\u0644\u0627\u062b\u0629 \u0625\u0644\u0649 \u062e\u0645\u0633\u0629 \u0645\u0633\u062a\u0648\u064a\u0627\u062a \u0644\u0639\u0645\u0644\u064a\u0627\u062a \u0627\u0644\u0637\u0628\u0627\u0639\u0629.<br \/>\n\u062a\u0635\u0645\u064a\u0645 \u0645\u0636\u063a\u0648\u0637.<br \/>\n\u062f\u0631\u062c\u0629 \u062d\u0631\u0627\u0631\u0629 \u0645\u0646\u062e\u0641\u0636\u0629 \u062d\u062a\u0649 \u0639\u0646\u062f \u0627\u0644\u0627\u062e\u062a\u0646\u0627\u0642.<br \/>\n\u0628\u062f\u0627\u064a\u0629 \u0633\u0631\u064a\u0639\u0629 \u0628\u0641\u0636\u0644 \u0627\u0644\u062f\u0641\u0627\u0639\u0627\u062a \u062e\u0641\u064a\u0641\u0629 \u0627\u0644\u0648\u0632\u0646.<\/p>\n","protected":false},"excerpt":{"rendered":"<p>\u0637\u0627\u0648\u0644\u0627\u062a \u0647\u0648\u0627\u0626\u064a\u0629 \u0628\u0648\u0644\u0627\u0631 \u0645\u0648\u0647\u0631 \u0645\u062a\u0646\u0648\u0639\u0629 &#8211; \u062a\u062c\u0645\u064a\u0639 \u0637\u0627\u0648\u0644\u0627\u062a \u0627\u0644\u062a\u0639\u0628\u0626\u0629 &#8211; \u0637\u0627\u0648\u0644\u0627\u062a \u0627\u0644\u0633\u0631\u064a\u0631 \u0627\u0644\u0647\u0648\u0627\u0626\u064a 1 \u0637\u0627\u0648\u0644\u0629 \u0647\u0648\u0627\u0626\u064a\u0629 \u0628\u0648\u0644\u0627\u0631 \u0645\u0648\u0647\u0631 \u0645\u0642\u0627\u0633 100&#215;100 \u0633\u0645 (\u0628\u062f\u0648\u0646 \u0636\u0627\u063a\u0637) \u0633\u0637\u062d \u0645\u0646 \u0627\u0644\u0641\u0648\u0644\u0627\u0630 \u0627\u0644\u0645\u0642\u0627\u0648\u0645 \u0644\u0644\u0635\u062f\u0623 \u0645\u0637\u0644\u064a \u0628\u0627\u0644\u0646\u064a\u0643\u0644 \u0645\u062a\u0627\u062d 2 1 \u0637\u0627\u0648\u0644\u0629 \u0647\u0648\u0627\u0626\u064a\u0629 \u0628\u0648\u0644\u0627\u0631 \u0645\u0648\u0647\u0631 \u0645\u0642\u0627\u0633 75&#215;100 \u0633\u0645 (\u0628\u062f\u0648\u0646 \u0636\u0627\u063a\u0637) \u0633\u0637\u062d \u0645\u0646 \u0627\u0644\u0641\u0648\u0644\u0627\u0630 \u0627\u0644\u0645\u0642\u0627\u0648\u0645 \u0644\u0644\u0635\u062f\u0623 \u0645\u0637\u0644\u064a \u0628\u0627\u0644\u0646\u064a\u0643\u0644 1 \u0637\u0627\u0648\u0644\u0629 \u0647\u0648\u0627\u0626\u064a\u0629 \u0628\u0648\u0644\u0627\u0631 \u0645\u0648\u0647\u0631 \u0645\u0642\u0627\u0633 [&hellip;]<\/p>\n","protected":false},"featured_media":96960,"template":"","meta":[],"product_brand":[],"product_cat":[3190,3274],"product_tag":[],"class_list":{"0":"post-96953","1":"product","2":"type-product","3":"status-publish","4":"has-post-thumbnail","6":"product_cat-3190","7":"product_cat-3274","9":"first","10":"instock","11":"taxable","12":"shipping-taxable","13":"product-type-simple"},"jetpack_sharing_enabled":true,"_links":{"self":[{"href":"https:\/\/www.3p-gmbh.de\/ar\/wp-json\/wp\/v2\/product\/96953","targetHints":{"allow":["GET"]}}],"collection":[{"href":"https:\/\/www.3p-gmbh.de\/ar\/wp-json\/wp\/v2\/product"}],"about":[{"href":"https:\/\/www.3p-gmbh.de\/ar\/wp-json\/wp\/v2\/types\/product"}],"wp:featuredmedia":[{"embeddable":true,"href":"https:\/\/www.3p-gmbh.de\/ar\/wp-json\/wp\/v2\/media\/96960"}],"wp:attachment":[{"href":"https:\/\/www.3p-gmbh.de\/ar\/wp-json\/wp\/v2\/media?parent=96953"}],"wp:term":[{"taxonomy":"product_brand","embeddable":true,"href":"https:\/\/www.3p-gmbh.de\/ar\/wp-json\/wp\/v2\/product_brand?post=96953"},{"taxonomy":"product_cat","embeddable":true,"href":"https:\/\/www.3p-gmbh.de\/ar\/wp-json\/wp\/v2\/product_cat?post=96953"},{"taxonomy":"product_tag","embeddable":true,"href":"https:\/\/www.3p-gmbh.de\/ar\/wp-json\/wp\/v2\/product_tag?post=96953"}],"curies":[{"name":"wp","href":"https:\/\/api.w.org\/{rel}","templated":true}]}}