{"id":7445,"date":"2019-07-11T13:59:31","date_gmt":"2019-07-11T13:59:31","guid":{"rendered":"http:\/\/www.3p-gmbh.de\/produkt\/schmelzklebeauftragmaschine\/"},"modified":"2019-08-01T09:55:55","modified_gmt":"2019-08-01T09:55:55","slug":"schmelzklebeauftragmaschine","status":"publish","type":"product","link":"https:\/\/www.3p-gmbh.de\/ar\/produkt\/schmelzklebeauftragmaschine\/","title":{"rendered":"Nordson PC 3100 Vista Hotmelt Leim-Schmelzger\u00e4t"},"content":{"rendered":"<p>zum Schmelzen und F\u00f6rdern thermoplastischer Klebstoffe f\u00fcr die unterschiedlichsten Anwendungen, bestehend aus:<br \/>\n-einem 4-oder 2 Kanal Steuergeraet Glu Bind<br \/>\n-60cm Autoschlauch<br \/>\n-optischer Ausl\u00f6ser<br \/>\n-Tast Ausl\u00f6ser<\/p>\n","protected":false},"excerpt":{"rendered":"<p>zum Schmelzen und F\u00f6rdern thermoplastischer Klebstoffe f\u00fcr die unterschiedlichsten Anwendungen, bestehend aus: -einem 4-oder 2 Kanal Steuergeraet Glu Bind -60cm Autoschlauch -optischer Ausl\u00f6ser -Tast Ausl\u00f6ser<\/p>\n","protected":false},"featured_media":3677,"template":"","meta":[],"product_brand":[],"product_cat":[1419],"product_tag":[],"class_list":{"0":"post-7445","1":"product","2":"type-product","3":"status-publish","4":"has-post-thumbnail","6":"product_cat-faltschachtelklebemaschinen","7":"pa_hersteller-nordson","8":"pa_typ-vista-pc-3100-v","10":"first","11":"instock","12":"sold-individually","13":"taxable","14":"shipping-taxable","15":"purchasable","16":"product-type-simple"},"jetpack_sharing_enabled":true,"_links":{"self":[{"href":"https:\/\/www.3p-gmbh.de\/ar\/wp-json\/wp\/v2\/product\/7445","targetHints":{"allow":["GET"]}}],"collection":[{"href":"https:\/\/www.3p-gmbh.de\/ar\/wp-json\/wp\/v2\/product"}],"about":[{"href":"https:\/\/www.3p-gmbh.de\/ar\/wp-json\/wp\/v2\/types\/product"}],"wp:featuredmedia":[{"embeddable":true,"href":"https:\/\/www.3p-gmbh.de\/ar\/wp-json\/wp\/v2\/media\/3677"}],"wp:attachment":[{"href":"https:\/\/www.3p-gmbh.de\/ar\/wp-json\/wp\/v2\/media?parent=7445"}],"wp:term":[{"taxonomy":"product_brand","embeddable":true,"href":"https:\/\/www.3p-gmbh.de\/ar\/wp-json\/wp\/v2\/product_brand?post=7445"},{"taxonomy":"product_cat","embeddable":true,"href":"https:\/\/www.3p-gmbh.de\/ar\/wp-json\/wp\/v2\/product_cat?post=7445"},{"taxonomy":"product_tag","embeddable":true,"href":"https:\/\/www.3p-gmbh.de\/ar\/wp-json\/wp\/v2\/product_tag?post=7445"}],"curies":[{"name":"wp","href":"https:\/\/api.w.org\/{rel}","templated":true}]}}