{"id":7444,"date":"2019-07-11T13:59:21","date_gmt":"2019-07-11T13:59:21","guid":{"rendered":"http:\/\/www.3p-gmbh.de\/produkt\/kuvertiersystem\/"},"modified":"2019-11-12T12:36:51","modified_gmt":"2019-11-12T12:36:51","slug":"kuvertiersystem","status":"publish","type":"product","link":"https:\/\/www.3p-gmbh.de\/ar\/produkt\/kuvertiersystem\/","title":{"rendered":"PFE Automailer 2 Kuvertiersystem"},"content":{"rendered":"<p>Kuvertierssystem f\u00fcr bis zu 100000 Briefsendungen pro Monat<br \/>\nmit 2x IS, OMR, EBD 7210, PC Steuerung und Schuppenband<\/p>\n<p>umfangreichen Funktionen wie individuell steuerbarer Formulareinzug (Selektiveinzug), \u00fcber das Aussortieren von nicht verarbeitungsf\u00e4higen Formularen bis hin zur empf\u00e4ngerspezifischen Individualpost-Zusammenstellung., OMR Lesung<\/p>\n<p>Die einzelnen Funktionen und Verarbeitungsprogramme sind im angeschlossenen Computer abgespeichert, jederzeit abrufbar und ohne zus\u00e4tzliche Bedienergriffe auszuf\u00fchren<\/p>\n<p>Technische Daten:<br \/>\n&#8211; Kuvertgr\u00f6sse: max. 165 mm x 242 mm<br \/>\n&#8211; Kuvertgr\u00f6sse: min. 102 mm x 165 mm<br \/>\n&#8211; Papiergewicht: 70 g\/m2 bis 120 g\/m2<br \/>\n&#8211; Falzarten: Halbfalz, Wickelfalz, Z-Falz, Doppel-Parallelfalz, Kreuzfalz<br \/>\n&#8211; Verarbeitungsgeschwindigkeit: 3500 Kuvertierungen pro Stunde<\/p>\n","protected":false},"excerpt":{"rendered":"<p>Kuvertierssystem f\u00fcr bis zu 100000 Briefsendungen pro Monat mit 2x IS, OMR, EBD 7210, PC Steuerung und Schuppenband umfangreichen Funktionen wie individuell steuerbarer Formulareinzug (Selektiveinzug), \u00fcber das Aussortieren von nicht verarbeitungsf\u00e4higen Formularen bis hin zur empf\u00e4ngerspezifischen Individualpost-Zusammenstellung., OMR Lesung Die einzelnen Funktionen und Verarbeitungsprogramme sind im angeschlossenen Computer abgespeichert, jederzeit abrufbar und ohne zus\u00e4tzliche Bedienergriffe [&hellip;]<\/p>\n","protected":false},"featured_media":8091,"template":"","meta":[],"product_brand":[],"product_cat":[1744],"product_tag":[],"class_list":{"0":"post-7444","1":"product","2":"type-product","3":"status-publish","4":"has-post-thumbnail","6":"product_cat-adressier-und-kuvertiersysteme","7":"pa_baujahr-182","8":"pa_hersteller-pfe","9":"pa_typ-automailer-2","11":"first","12":"instock","13":"sold-individually","14":"taxable","15":"shipping-taxable","16":"purchasable","17":"product-type-simple"},"jetpack_sharing_enabled":true,"_links":{"self":[{"href":"https:\/\/www.3p-gmbh.de\/ar\/wp-json\/wp\/v2\/product\/7444","targetHints":{"allow":["GET"]}}],"collection":[{"href":"https:\/\/www.3p-gmbh.de\/ar\/wp-json\/wp\/v2\/product"}],"about":[{"href":"https:\/\/www.3p-gmbh.de\/ar\/wp-json\/wp\/v2\/types\/product"}],"wp:featuredmedia":[{"embeddable":true,"href":"https:\/\/www.3p-gmbh.de\/ar\/wp-json\/wp\/v2\/media\/8091"}],"wp:attachment":[{"href":"https:\/\/www.3p-gmbh.de\/ar\/wp-json\/wp\/v2\/media?parent=7444"}],"wp:term":[{"taxonomy":"product_brand","embeddable":true,"href":"https:\/\/www.3p-gmbh.de\/ar\/wp-json\/wp\/v2\/product_brand?post=7444"},{"taxonomy":"product_cat","embeddable":true,"href":"https:\/\/www.3p-gmbh.de\/ar\/wp-json\/wp\/v2\/product_cat?post=7444"},{"taxonomy":"product_tag","embeddable":true,"href":"https:\/\/www.3p-gmbh.de\/ar\/wp-json\/wp\/v2\/product_tag?post=7444"}],"curies":[{"name":"wp","href":"https:\/\/api.w.org\/{rel}","templated":true}]}}