{"id":7405,"date":"2019-07-11T13:58:58","date_gmt":"2019-07-11T13:58:58","guid":{"rendered":"http:\/\/www.3p-gmbh.de\/produkt\/2-spindelpapierbohrmaschine-2\/"},"modified":"2019-11-12T13:57:46","modified_gmt":"2019-11-12T13:57:46","slug":"2-spindelpapierbohrmaschine-2","status":"publish","type":"product","link":"https:\/\/www.3p-gmbh.de\/ar\/produkt\/2-spindelpapierbohrmaschine-2\/","title":{"rendered":"Ernst Nagel Citoborma 280 2-Spindel-Papierbohrmaschine"},"content":{"rendered":"<p>Verwindungssteife Konstruktion f\u00fcr Pr\u00e4zision und Lebensdauer<br \/>\nAusl\u00f6sung ueber Hebel<br \/>\nStapelh\u00f6he 60mm<br \/>\nEinlegebreite 410 mm auf Schiebetisch<br \/>\nBohrerl\u00e4ngenausgleich<br \/>\nLochdurchmesser 2 &#8211; 14 mm<br \/>\n2 im Abstand nicht verstellbare Bohrk\u00f6pfe f\u00fcr Abheftlochungen<\/p>\n","protected":false},"excerpt":{"rendered":"<p>Verwindungssteife Konstruktion f\u00fcr Pr\u00e4zision und Lebensdauer Ausl\u00f6sung ueber Hebel Stapelh\u00f6he 60mm Einlegebreite 410 mm auf Schiebetisch Bohrerl\u00e4ngenausgleich Lochdurchmesser 2 &#8211; 14 mm 2 im Abstand nicht verstellbare Bohrk\u00f6pfe f\u00fcr Abheftlochungen<\/p>\n","protected":false},"featured_media":3515,"template":"","meta":[],"product_brand":[],"product_cat":[1757],"product_tag":[],"class_list":{"0":"post-7405","1":"product","2":"type-product","3":"status-publish","4":"has-post-thumbnail","6":"product_cat-papierbohrmaschinen","7":"pa_baujahr-272","8":"pa_hersteller-ernst-nagel","9":"pa_typ-citoborma-280","11":"first","12":"instock","13":"sold-individually","14":"taxable","15":"shipping-taxable","16":"purchasable","17":"product-type-simple"},"jetpack_sharing_enabled":true,"_links":{"self":[{"href":"https:\/\/www.3p-gmbh.de\/ar\/wp-json\/wp\/v2\/product\/7405","targetHints":{"allow":["GET"]}}],"collection":[{"href":"https:\/\/www.3p-gmbh.de\/ar\/wp-json\/wp\/v2\/product"}],"about":[{"href":"https:\/\/www.3p-gmbh.de\/ar\/wp-json\/wp\/v2\/types\/product"}],"wp:featuredmedia":[{"embeddable":true,"href":"https:\/\/www.3p-gmbh.de\/ar\/wp-json\/wp\/v2\/media\/3515"}],"wp:attachment":[{"href":"https:\/\/www.3p-gmbh.de\/ar\/wp-json\/wp\/v2\/media?parent=7405"}],"wp:term":[{"taxonomy":"product_brand","embeddable":true,"href":"https:\/\/www.3p-gmbh.de\/ar\/wp-json\/wp\/v2\/product_brand?post=7405"},{"taxonomy":"product_cat","embeddable":true,"href":"https:\/\/www.3p-gmbh.de\/ar\/wp-json\/wp\/v2\/product_cat?post=7405"},{"taxonomy":"product_tag","embeddable":true,"href":"https:\/\/www.3p-gmbh.de\/ar\/wp-json\/wp\/v2\/product_tag?post=7405"}],"curies":[{"name":"wp","href":"https:\/\/api.w.org\/{rel}","templated":true}]}}