{"id":7403,"date":"2019-07-11T13:58:58","date_gmt":"2019-07-11T13:58:58","guid":{"rendered":"http:\/\/www.3p-gmbh.de\/produkt\/stapellift-3\/"},"modified":"2019-11-12T13:56:44","modified_gmt":"2019-11-12T13:56:44","slug":"stapellift-3","status":"publish","type":"product","link":"https:\/\/www.3p-gmbh.de\/ar\/produkt\/stapellift-3\/","title":{"rendered":"Polar LW 1000-4 Stapellift"},"content":{"rendered":"<p>Plattform 80 x 126 mm<br \/>\nDurch das automatische Anheben des Schneidgutes kann der Bediener in einer f\u00fcr ihn ergonomisch g\u00fcnstigen Arbeitsh\u00f6he das Material in den R\u00fcttelautomat oder direkt in<br \/>\ndie Schneidmaschine laden. Der Stapellift kann aber auch zum Abstapeln von Schneidgut eingesetzt werden. Stapellifte m\u00fcssen nicht im Boden verankert werden und k\u00f6nnen somit leicht umgestellt werden. Sie sind mit stufenlos justierbaren Reflexlichtschranken f\u00fcr automatisches Heben oder Senken ausgestattet. Das Bedienelement kann problemslos rechts oder links montiert werden.<\/p>\n","protected":false},"excerpt":{"rendered":"<p>Plattform 80 x 126 mm Durch das automatische Anheben des Schneidgutes kann der Bediener in einer f\u00fcr ihn ergonomisch g\u00fcnstigen Arbeitsh\u00f6he das Material in den R\u00fcttelautomat oder direkt in die Schneidmaschine laden. Der Stapellift kann aber auch zum Abstapeln von Schneidgut eingesetzt werden. Stapellifte m\u00fcssen nicht im Boden verankert werden und k\u00f6nnen somit leicht umgestellt [&hellip;]<\/p>\n","protected":false},"featured_media":3507,"template":"","meta":[],"product_brand":[],"product_cat":[1761],"product_tag":[],"class_list":{"0":"post-7403","1":"product","2":"type-product","3":"status-publish","4":"has-post-thumbnail","6":"product_cat-stapelheber-stapellifte","7":"pa_baujahr-130","8":"pa_hersteller-polar-mohr","9":"pa_typ-lw-1000-4","11":"first","12":"instock","13":"sold-individually","14":"taxable","15":"shipping-taxable","16":"purchasable","17":"product-type-simple"},"jetpack_sharing_enabled":true,"_links":{"self":[{"href":"https:\/\/www.3p-gmbh.de\/ar\/wp-json\/wp\/v2\/product\/7403","targetHints":{"allow":["GET"]}}],"collection":[{"href":"https:\/\/www.3p-gmbh.de\/ar\/wp-json\/wp\/v2\/product"}],"about":[{"href":"https:\/\/www.3p-gmbh.de\/ar\/wp-json\/wp\/v2\/types\/product"}],"wp:featuredmedia":[{"embeddable":true,"href":"https:\/\/www.3p-gmbh.de\/ar\/wp-json\/wp\/v2\/media\/3507"}],"wp:attachment":[{"href":"https:\/\/www.3p-gmbh.de\/ar\/wp-json\/wp\/v2\/media?parent=7403"}],"wp:term":[{"taxonomy":"product_brand","embeddable":true,"href":"https:\/\/www.3p-gmbh.de\/ar\/wp-json\/wp\/v2\/product_brand?post=7403"},{"taxonomy":"product_cat","embeddable":true,"href":"https:\/\/www.3p-gmbh.de\/ar\/wp-json\/wp\/v2\/product_cat?post=7403"},{"taxonomy":"product_tag","embeddable":true,"href":"https:\/\/www.3p-gmbh.de\/ar\/wp-json\/wp\/v2\/product_tag?post=7403"}],"curies":[{"name":"wp","href":"https:\/\/api.w.org\/{rel}","templated":true}]}}