{"id":7374,"date":"2019-07-11T13:58:39","date_gmt":"2019-07-11T13:58:39","guid":{"rendered":"http:\/\/www.3p-gmbh.de\/produkt\/zwei-stapellifte\/"},"modified":"2019-11-12T15:43:07","modified_gmt":"2019-11-12T15:43:07","slug":"zwei-stapellifte","status":"publish","type":"product","link":"https:\/\/www.3p-gmbh.de\/ar\/produkt\/zwei-stapellifte\/","title":{"rendered":"Polar \/ Knorr LW 450 WE Stapellift"},"content":{"rendered":"<p>Durch das automatische Anheben des Schneidgutes kann der Bediener in einer f\u00fcr ihn ergonomisch g\u00fcnstigen Arbeitsh\u00f6he das Material in den R\u00fcttelautomaten oder direkt in die Schneidmaschine laden. Der Stapellift kann aber auch zum Abstapeln von Schneidgut eingesetzt werden. Der Stapellift mu\u00df nicht im Boden verankert werden und kann somit leicht umgestellt werden.<\/p>\n<p>Wanne (Innenmasse) cm 70 x 90<br \/>\nHub bis cm 85<br \/>\nTragkraft max. kg 600<\/p>\n","protected":false},"excerpt":{"rendered":"<p>Durch das automatische Anheben des Schneidgutes kann der Bediener in einer f\u00fcr ihn ergonomisch g\u00fcnstigen Arbeitsh\u00f6he das Material in den R\u00fcttelautomaten oder direkt in die Schneidmaschine laden. Der Stapellift kann aber auch zum Abstapeln von Schneidgut eingesetzt werden. Der Stapellift mu\u00df nicht im Boden verankert werden und kann somit leicht umgestellt werden. Wanne (Innenmasse) cm [&hellip;]<\/p>\n","protected":false},"featured_media":8322,"template":"","meta":[],"product_brand":[],"product_cat":[1761],"product_tag":[],"class_list":{"0":"post-7374","1":"product","2":"type-product","3":"status-publish","4":"has-post-thumbnail","6":"product_cat-stapelheber-stapellifte","7":"pa_baujahr-127","8":"pa_hersteller-polar-mohr-knorr","9":"pa_typ-lw-450-we","11":"first","12":"instock","13":"sold-individually","14":"taxable","15":"shipping-taxable","16":"purchasable","17":"product-type-simple"},"jetpack_sharing_enabled":true,"_links":{"self":[{"href":"https:\/\/www.3p-gmbh.de\/ar\/wp-json\/wp\/v2\/product\/7374","targetHints":{"allow":["GET"]}}],"collection":[{"href":"https:\/\/www.3p-gmbh.de\/ar\/wp-json\/wp\/v2\/product"}],"about":[{"href":"https:\/\/www.3p-gmbh.de\/ar\/wp-json\/wp\/v2\/types\/product"}],"wp:featuredmedia":[{"embeddable":true,"href":"https:\/\/www.3p-gmbh.de\/ar\/wp-json\/wp\/v2\/media\/8322"}],"wp:attachment":[{"href":"https:\/\/www.3p-gmbh.de\/ar\/wp-json\/wp\/v2\/media?parent=7374"}],"wp:term":[{"taxonomy":"product_brand","embeddable":true,"href":"https:\/\/www.3p-gmbh.de\/ar\/wp-json\/wp\/v2\/product_brand?post=7374"},{"taxonomy":"product_cat","embeddable":true,"href":"https:\/\/www.3p-gmbh.de\/ar\/wp-json\/wp\/v2\/product_cat?post=7374"},{"taxonomy":"product_tag","embeddable":true,"href":"https:\/\/www.3p-gmbh.de\/ar\/wp-json\/wp\/v2\/product_tag?post=7374"}],"curies":[{"name":"wp","href":"https:\/\/api.w.org\/{rel}","templated":true}]}}