{"id":7371,"date":"2019-07-11T13:58:39","date_gmt":"2019-07-11T13:58:39","guid":{"rendered":"http:\/\/www.3p-gmbh.de\/produkt\/4-spindelpapierbohrmaschine\/"},"modified":"2022-11-14T23:06:28","modified_gmt":"2022-11-14T23:06:28","slug":"4-spindelpapierbohrmaschine","status":"publish","type":"product","link":"https:\/\/www.3p-gmbh.de\/ar\/produkt\/4-spindelpapierbohrmaschine\/","title":{"rendered":"Ernst Nagel Citoborma 490 4-Spindelpapierbohrmaschine"},"content":{"rendered":"<p><strong>&#8211; Spindelpapierbohrmaschine\u00a0\u00a0Nagel Citoborma 490\u00a0<\/strong><\/p>\n<p>&#8211; 4\u00a0Bohrk\u00f6pfe\u00a0Typ 45 f\u00fcr\u00a0Bohrerdurchmesser\u00a02\u00a0\u0096\u00a014\u00a0mm\u00a0(erweiterbar\u00a0auf\u00a06) sind eingebaut<br \/>\n&#8211; zwei Bohrgeschwindigkeiten<br \/>\n&#8211; Verwindungssteife\u00a0Portalkonstruktion\u00a0f\u00fcr\u00a0Pr\u00e4zision\u00a0und\u00a0Lebensdauer<br \/>\n&#8211; optimale\u00a0Arbeitssicherheit\u00a0durch\u00a0Zweihand- oder Fu\u00dfausl\u00f6sung<br \/>\n&#8211; Stapelh\u00f6he\u00a060mm<br \/>\n&#8211; Einlegetiefe\u00a0bis\u00a0zu\u00a0270\u00a0mm,\u00a0erm\u00f6glicht\u00a0Bohren\u00a0von\u00a0A3\u00a0im\u00a0Doppelnutzen<br \/>\n&#8211; Einlegebreite\u00a0460\u00a0mm<br \/>\n&#8211; einfacher\u00a0Bohrkopf-\u00a0und\u00a0Bohrerwechsel\u00a0garantiert\u00a0minimale\u00a0R\u00fcstzeit<\/p>\n<p><a href=\"https:\/\/www.3p-gmbh.de\/wp-content\/uploads\/2019\/07\/Citob490_dt.pdf\">Citob490_dt<\/a><\/p>\n","protected":false},"excerpt":{"rendered":"<p>&#8211; Spindelpapierbohrmaschine\u00a0\u00a0Nagel Citoborma 490\u00a0 &#8211; 4\u00a0Bohrk\u00f6pfe\u00a0Typ 45 f\u00fcr\u00a0Bohrerdurchmesser\u00a02\u00a0\u0096\u00a014\u00a0mm\u00a0(erweiterbar\u00a0auf\u00a06) sind eingebaut &#8211; zwei Bohrgeschwindigkeiten &#8211; Verwindungssteife\u00a0Portalkonstruktion\u00a0f\u00fcr\u00a0Pr\u00e4zision\u00a0und\u00a0Lebensdauer &#8211; optimale\u00a0Arbeitssicherheit\u00a0durch\u00a0Zweihand- oder Fu\u00dfausl\u00f6sung &#8211; Stapelh\u00f6he\u00a060mm &#8211; Einlegetiefe\u00a0bis\u00a0zu\u00a0270\u00a0mm,\u00a0erm\u00f6glicht\u00a0Bohren\u00a0von\u00a0A3\u00a0im\u00a0Doppelnutzen &#8211; Einlegebreite\u00a0460\u00a0mm &#8211; einfacher\u00a0Bohrkopf-\u00a0und\u00a0Bohrerwechsel\u00a0garantiert\u00a0minimale\u00a0R\u00fcstzeit Citob490_dt<\/p>\n","protected":false},"featured_media":45707,"template":"","meta":[],"product_brand":[],"product_cat":[1757],"product_tag":[],"class_list":{"0":"post-7371","1":"product","2":"type-product","3":"status-publish","4":"has-post-thumbnail","6":"product_cat-papierbohrmaschinen","7":"pa_baujahr-153","8":"pa_hersteller-ernst-nagel","9":"pa_typ-citoborma-490","11":"first","12":"instock","13":"sold-individually","14":"taxable","15":"shipping-taxable","16":"purchasable","17":"product-type-simple"},"jetpack_sharing_enabled":true,"_links":{"self":[{"href":"https:\/\/www.3p-gmbh.de\/ar\/wp-json\/wp\/v2\/product\/7371","targetHints":{"allow":["GET"]}}],"collection":[{"href":"https:\/\/www.3p-gmbh.de\/ar\/wp-json\/wp\/v2\/product"}],"about":[{"href":"https:\/\/www.3p-gmbh.de\/ar\/wp-json\/wp\/v2\/types\/product"}],"wp:featuredmedia":[{"embeddable":true,"href":"https:\/\/www.3p-gmbh.de\/ar\/wp-json\/wp\/v2\/media\/45707"}],"wp:attachment":[{"href":"https:\/\/www.3p-gmbh.de\/ar\/wp-json\/wp\/v2\/media?parent=7371"}],"wp:term":[{"taxonomy":"product_brand","embeddable":true,"href":"https:\/\/www.3p-gmbh.de\/ar\/wp-json\/wp\/v2\/product_brand?post=7371"},{"taxonomy":"product_cat","embeddable":true,"href":"https:\/\/www.3p-gmbh.de\/ar\/wp-json\/wp\/v2\/product_cat?post=7371"},{"taxonomy":"product_tag","embeddable":true,"href":"https:\/\/www.3p-gmbh.de\/ar\/wp-json\/wp\/v2\/product_tag?post=7371"}],"curies":[{"name":"wp","href":"https:\/\/api.w.org\/{rel}","templated":true}]}}