{"id":7354,"date":"2019-07-11T13:58:29","date_gmt":"2019-07-11T13:58:29","guid":{"rendered":"http:\/\/www.3p-gmbh.de\/produkt\/hydraulische-schwenkarmstanze\/"},"modified":"2019-11-12T15:49:35","modified_gmt":"2019-11-12T15:49:35","slug":"hydraulische-schwenkarmstanze","status":"publish","type":"product","link":"https:\/\/www.3p-gmbh.de\/ar\/produkt\/hydraulische-schwenkarmstanze\/","title":{"rendered":"Schoen &#038; Cie Modell N 1.1\/4-1 Hydraulische Schwenkarmstanze"},"content":{"rendered":"<p>Stanzmaschinen zur manuellen Best\u00fcckung mit Material und Werkzeug sind besonders f\u00fcr kleinere Losgr\u00f6ssen oder kleinere Teileabmessungen geeignet.<\/p>\n<p>Stanzmass 32 x 55 cm<br \/>\nStanzfl\u00e4che schwenkbar<br \/>\nAuflagetisch ca.50x93cm<br \/>\nBaujahr 1981<\/p>\n","protected":false},"excerpt":{"rendered":"<p>Stanzmaschinen zur manuellen Best\u00fcckung mit Material und Werkzeug sind besonders f\u00fcr kleinere Losgr\u00f6ssen oder kleinere Teileabmessungen geeignet. Stanzmass 32 x 55 cm Stanzfl\u00e4che schwenkbar Auflagetisch ca.50x93cm Baujahr 1981<\/p>\n","protected":false},"featured_media":8360,"template":"","meta":[],"product_brand":[],"product_cat":[1760],"product_tag":[],"class_list":{"0":"post-7354","1":"product","2":"type-product","3":"status-publish","4":"has-post-thumbnail","6":"product_cat-stanzen","7":"pa_baujahr-1234","8":"pa_hersteller-schoen-cie","9":"pa_typ-schwenkarm-stanzmaschinen-1-1-4-1","11":"first","12":"instock","13":"sold-individually","14":"taxable","15":"shipping-taxable","16":"purchasable","17":"product-type-simple"},"jetpack_sharing_enabled":true,"_links":{"self":[{"href":"https:\/\/www.3p-gmbh.de\/ar\/wp-json\/wp\/v2\/product\/7354","targetHints":{"allow":["GET"]}}],"collection":[{"href":"https:\/\/www.3p-gmbh.de\/ar\/wp-json\/wp\/v2\/product"}],"about":[{"href":"https:\/\/www.3p-gmbh.de\/ar\/wp-json\/wp\/v2\/types\/product"}],"wp:featuredmedia":[{"embeddable":true,"href":"https:\/\/www.3p-gmbh.de\/ar\/wp-json\/wp\/v2\/media\/8360"}],"wp:attachment":[{"href":"https:\/\/www.3p-gmbh.de\/ar\/wp-json\/wp\/v2\/media?parent=7354"}],"wp:term":[{"taxonomy":"product_brand","embeddable":true,"href":"https:\/\/www.3p-gmbh.de\/ar\/wp-json\/wp\/v2\/product_brand?post=7354"},{"taxonomy":"product_cat","embeddable":true,"href":"https:\/\/www.3p-gmbh.de\/ar\/wp-json\/wp\/v2\/product_cat?post=7354"},{"taxonomy":"product_tag","embeddable":true,"href":"https:\/\/www.3p-gmbh.de\/ar\/wp-json\/wp\/v2\/product_tag?post=7354"}],"curies":[{"name":"wp","href":"https:\/\/api.w.org\/{rel}","templated":true}]}}