{"id":7322,"date":"2019-07-11T13:58:15","date_gmt":"2019-07-11T13:58:15","guid":{"rendered":"http:\/\/www.3p-gmbh.de\/produkt\/rotations-nummerier-perforier-rill-masch\/"},"modified":"2019-11-12T15:58:27","modified_gmt":"2019-11-12T15:58:27","slug":"rotations-nummerier-perforier-rill-masch","status":"publish","type":"product","link":"https:\/\/www.3p-gmbh.de\/ar\/produkt\/rotations-nummerier-perforier-rill-masch\/","title":{"rendered":"Ernst Nagel\/Morgana Numnak S Numeriermaschine"},"content":{"rendered":"<p>&#8211; ideal zum Numerieren von verleimten SD-S\u00e4tzen<br \/>\n&#8211; komplett mit Anleger Saug- und Blasluft in Grundausr\u00fcstung<br \/>\n&#8211; 1 Farbwalze<br \/>\n&#8211; 1 St\u00fcck Nummerierwelle<br \/>\n&#8211; 2 St\u00fcck Sitzringe<br \/>\n&#8211; 2 Rotations-Numerierwerke<\/p>\n<p>Mit ihrem Sauganleger verarbeitet die Perforier\/Numeriermaschine Numnak ein breites Spektrum von Papieren. Durch die leichte Zug\u00e4nglichkeit der Teile ist das Einrichten und Reinigen in wenigen Augenblicken m\u00f6glich. Mit vielen Extras erm\u00f6glicht die Numnak eine gesteigerte Flexibilit\u00e4t bei der Belegung und Auslastung Ihrer Druckmaschinen.<\/p>\n<p>&#8211; rotatives Numerieren wie auf einer Druckmaschine (z.B. GTO &#8211; Heidelberg)<br \/>\n&#8211; kr\u00e4ftiger Saug- u. Blasluft-Anleger verarbeitet breites Spektrum von Papieren<br \/>\n&#8211; auch Durchschreibes\u00e4tze k\u00f6nnen numeriert werden, die Numnak druckt die Zahlen ein &#8211; ihre schwere Bauweise garantiert hohe Genauigkeit<br \/>\n&#8211; die Numnak l\u00e4sst sich mit Grad- u. Querstellernumerierwerken ausr\u00fcsten<br \/>\n&#8211; Positionierung der Nummer an beliebiger Stelle &#8211; auch am Blattrand bzw. auf der Perforation<br \/>\n&#8211; Produktion ist erheblich schneller u. ger\u00e4uschaermer als bei Numeriermaschinen nach dem Stempelprinzip<br \/>\n&#8211; Farbauftrag erfolgt durch mikropor\u00f6se Farbauftragswalze &#8211; im Gegensatz zu Druckmaschinen sind 2 Farben gleichzeitig m\u00f6glich<br \/>\n&#8211; gleichzeitiges Peforieren wie auf einer Falzmaschine &#8211; auch Schlitz- u. Rillwerkzeuge m\u00f6glich<br \/>\n&#8211; verarbeitet Formate bis 460mm Breite<\/p>\n<p>max. Leistung (Takte pro Stunde):<br \/>\n1 &#8211; 4 Werke = 9.000<br \/>\n5 &#8211; 6 Werke = 5.000<br \/>\n7 &#8211; 8 Werke = 4.000<\/p>\n<p>max. Anzahl v. Numerierwerken: 8<br \/>\nSD-Saetze: h\u00f6chstens 7 Blatt, mindestens 45 g\/m\u00b2<br \/>\nmax. Papierformat: 460 x 460 mm<br \/>\nmin. Papierformat: 210 x 125 mm ( L\u00e4nge x Breite)<br \/>\nAnschluss: 230 V \/ 50 HzoMasse: L 1340 x B 780 x H 1050 mm<br \/>\nGewicht: 162 kg<\/p>\n","protected":false},"excerpt":{"rendered":"<p>&#8211; ideal zum Numerieren von verleimten SD-S\u00e4tzen &#8211; komplett mit Anleger Saug- und Blasluft in Grundausr\u00fcstung &#8211; 1 Farbwalze &#8211; 1 St\u00fcck Nummerierwelle &#8211; 2 St\u00fcck Sitzringe &#8211; 2 Rotations-Numerierwerke Mit ihrem Sauganleger verarbeitet die Perforier\/Numeriermaschine Numnak ein breites Spektrum von Papieren. Durch die leichte Zug\u00e4nglichkeit der Teile ist das Einrichten und Reinigen in wenigen [&hellip;]<\/p>\n","protected":false},"featured_media":3193,"template":"","meta":[],"product_brand":[],"product_cat":[1754],"product_tag":[],"class_list":{"0":"post-7322","1":"product","2":"type-product","3":"status-publish","4":"has-post-thumbnail","6":"product_cat-numeriermaschinen","7":"pa_baujahr-153","8":"pa_hersteller-ernst-nagel-morgana","9":"pa_typ-numnak-s-fsn","11":"first","12":"instock","13":"sold-individually","14":"taxable","15":"shipping-taxable","16":"purchasable","17":"product-type-simple"},"jetpack_sharing_enabled":true,"_links":{"self":[{"href":"https:\/\/www.3p-gmbh.de\/ar\/wp-json\/wp\/v2\/product\/7322","targetHints":{"allow":["GET"]}}],"collection":[{"href":"https:\/\/www.3p-gmbh.de\/ar\/wp-json\/wp\/v2\/product"}],"about":[{"href":"https:\/\/www.3p-gmbh.de\/ar\/wp-json\/wp\/v2\/types\/product"}],"wp:featuredmedia":[{"embeddable":true,"href":"https:\/\/www.3p-gmbh.de\/ar\/wp-json\/wp\/v2\/media\/3193"}],"wp:attachment":[{"href":"https:\/\/www.3p-gmbh.de\/ar\/wp-json\/wp\/v2\/media?parent=7322"}],"wp:term":[{"taxonomy":"product_brand","embeddable":true,"href":"https:\/\/www.3p-gmbh.de\/ar\/wp-json\/wp\/v2\/product_brand?post=7322"},{"taxonomy":"product_cat","embeddable":true,"href":"https:\/\/www.3p-gmbh.de\/ar\/wp-json\/wp\/v2\/product_cat?post=7322"},{"taxonomy":"product_tag","embeddable":true,"href":"https:\/\/www.3p-gmbh.de\/ar\/wp-json\/wp\/v2\/product_tag?post=7322"}],"curies":[{"name":"wp","href":"https:\/\/api.w.org\/{rel}","templated":true}]}}